{"id":77,"date":"2024-05-22T08:28:10","date_gmt":"2024-05-22T08:28:10","guid":{"rendered":"https:\/\/bofabconveyor.se\/\/?page_id=77"},"modified":"2024-11-13T13:18:42","modified_gmt":"2024-11-13T12:18:42","slug":"hallbara-och-funktionella-transportorer","status":"publish","type":"page","link":"https:\/\/bofabconveyor.se\/en\/hallbara-och-funktionella-transportorer\/","title":{"rendered":"Our solutions"},"content":{"rendered":"<div class=\"wpb-content-wrapper\"><div data-parent=\"true\" class=\"vc_row row-container\" id=\"row-unique-0\"><div class=\"row unequal col-no-gutter no-top-padding no-bottom-padding no-h-padding full-width row-parent\"><div class=\"wpb_row row-inner\"><div class=\"wpb_column pos-top pos-center align_left column_parent col-lg-6 single-internal-gutter\"><div class=\"uncol style-light\"  ><div class=\"uncoltable\"><div class=\"uncell quad-block-padding\" ><div class=\"column-background background-element\">\n\t\t\t\t\t\t\t\t\t\t\t<div class=\"background-wrapper\">\n\t\t\t\t\t\t\t\t\t\t\t\t<div class=\"background-inner\" style=\"background-image: url(https:\/\/bofabconveyor.se\/wp-content\/uploads\/2024\/08\/Bakgrund_svart.png);background-repeat: no-repeat;background-position: center center;background-size: cover;\" data-o_src=\"https:\/\/bofabconveyor.se\/wp-content\/uploads\/2024\/08\/Bakgrund_svart.png\"><\/div>\n\t\t\t\t\t\t\t\t\t\t\t\t<div class=\"block-bg-overlay style-color-xsdn-bg\" style=\"opacity: 0.96;\"><\/div>\n\t\t\t\t\t\t\t\t\t\t\t<\/div>\n\t\t\t\t\t\t\t\t\t\t<\/div><div class=\"uncont\" ><div class=\"vc_custom_heading_wrap\"><div class=\"heading-text el-text\" ><h1 class=\"h6 text-accent-color text-uppercase\" ><span>Durable and functional conveyors<\/span><\/h1><\/div><div class=\"clear\"><\/div><\/div><div class=\"vc_custom_heading_wrap\"><div class=\"heading-text el-text\" ><h2 class=\"h2 text-uppercase\" ><span>We transport today\u2019s companies into the future<\/span><\/h2><\/div><div class=\"clear\"><\/div><\/div><div class=\"uncode_text_column vc_custom_1731336470110 text-color-prif-color\"  style=\"margin-top: 15px ;\"><p>Are you looking to streamline your production line? Then you have found the right place. Because we at Bofab have been in this business since 1969. This has resulted in us having built over 10,000s units. So you can trust that we know what we are doing. We can offer you belt conveyors, chain conveyors, roller conveyors and spiral conveyors. And these are suitable for all kind of industries. Because with us, you can get solutions that fit small or large spaces. In addition, we can adjust them to your desired height and width. As a result, they can fit into a variety of types of environments and industries. We are proud suppliers to the wood industry, food industry, plastic industry and many more. In summary, you can use our solutions in every conceivable application, wet or dry.<\/p>\n<\/div><span class=\"btn-container\" ><a href=\"https:\/\/bofabconveyor.se\/en\/kontakt\/\" class=\"custom-link btn btn-link border-width-0 text-accent-color btn-icon-right\" title=\"CONTACT\">Contact us<i class=\"fa fa-angle-right\"><\/i><\/a><\/span><\/div><\/div><\/div><\/div><\/div><div class=\"wpb_column pos-top pos-center align_left column_parent col-lg-6 single-internal-gutter\"><div class=\"uncol style-light\"  ><div class=\"uncoltable\"><div class=\"uncell single-block-padding\" ><div class=\"column-background background-element\">\n\t\t\t\t\t\t\t\t\t\t\t<div class=\"background-wrapper\">\n\t\t\t\t\t\t\t\t\t\t\t\t<div class=\"background-inner\" style=\"background-image: url(https:\/\/bofabconveyor.se\/wp-content\/uploads\/2024\/05\/image-38.jpeg);background-repeat: no-repeat;background-position: center center;background-size: cover;\" data-o_src=\"https:\/\/bofabconveyor.se\/wp-content\/uploads\/2024\/05\/image-38.jpeg\"><\/div>\n\t\t\t\t\t\t\t\t\t\t\t\t\n\t\t\t\t\t\t\t\t\t\t\t<\/div>\n\t\t\t\t\t\t\t\t\t\t<\/div><div class=\"uncont\" ><div class=\"empty-space empty-quad\" ><span class=\"empty-space-inner\"><\/span><\/div>\n<div class=\"empty-space empty-quad\" ><span class=\"empty-space-inner\"><\/span><\/div>\n<\/div><\/div><\/div><\/div><\/div><script id=\"script-row-unique-0\" data-row=\"script-row-unique-0\" type=\"text\/javascript\" class=\"vc_controls\">UNCODE.initRow(document.getElementById(\"row-unique-0\"));<\/script><\/div><\/div><\/div><div data-parent=\"true\" class=\"vc_row row-container\" id=\"row-unique-1\"><div class=\"row triple-top-padding double-bottom-padding single-h-padding limit-width row-parent\"><div class=\"wpb_row row-inner\"><div class=\"wpb_column pos-top pos-center align_left column_parent col-lg-12 single-internal-gutter\"><div class=\"uncol style-light\"  ><div class=\"uncoltable\"><div class=\"uncell no-block-padding\" ><div class=\"uncont\" ><div class=\"vc_row row-internal row-container\"><div class=\"row unequal row-child\"><div class=\"wpb_row row-inner\"><div class=\"wpb_column pos-top pos-center align_left column_child col-lg-3 single-internal-gutter\"><div class=\"uncol style-light\" ><div class=\"uncoltable\"><div class=\"uncell no-block-padding\" ><div class=\"uncont\" ><div class=\"uncode-single-media  text-left\"><div class=\"single-wrapper\" style=\"max-width: 100%;\"><div class=\"tmb tmb-light  tmb-img-ratio tmb-media-first tmb-media-last tmb-content-overlay tmb-no-bg\"><div class=\"t-inside\"><div class=\"t-entry-visual\"><div class=\"t-entry-visual-tc\"><div class=\"uncode-single-media-wrapper\"><div class=\"dummy\" style=\"padding-top: 66.7%;\"><\/div><img decoding=\"async\" class=\"wp-image-130\" src=\"https:\/\/bofabconveyor.se\/wp-content\/uploads\/2024\/05\/image-20-uai-1020x680.jpeg\" width=\"1020\" height=\"680\" alt=\"\" srcset=\"https:\/\/bofabconveyor.se\/wp-content\/uploads\/2024\/05\/image-20-uai-1020x680.jpeg 1020w, https:\/\/bofabconveyor.se\/wp-content\/uploads\/2024\/05\/image-20-300x199.jpeg 300w, https:\/\/bofabconveyor.se\/wp-content\/uploads\/2024\/05\/image-20-350x232.jpeg 350w, https:\/\/bofabconveyor.se\/wp-content\/uploads\/2024\/05\/image-20-uai-720x480.jpeg 720w\" sizes=\"(max-width: 1020px) 100vw, 1020px\" \/><\/div>\n\t\t\t\t\t<\/div>\n\t\t\t\t<\/div><\/div><\/div><\/div><\/div><div class=\"vc_custom_heading_wrap\"><div class=\"heading-text el-text\" ><h5 class=\"h3 text-uppercase\" ><span>BELT CONVEYORS<\/span><\/h5><\/div><div class=\"clear\"><\/div><\/div><div class=\"uncode_text_column vc_custom_1716880919497 text-color-prif-color\"  style=\"margin-top: 15px ;\"><p><strong>For light \/ medium-heavy goods<\/strong><br \/>\nOur <a href=\"https:\/\/bofabconveyor.se\/en\/bandtransportor\/\">belt conveyors<\/a> are mainly used for transport of light to medium-heavy goods and products. They are manufactured as straight or angled and come in three different designs: aluminum, stainless steel and steel.<\/p>\n<\/div><span class=\"btn-container\" ><a href=\"https:\/\/bofabconveyor.se\/en\/bandtransportor\/\" class=\"custom-link btn btn-link border-width-0 text-accent-color btn-icon-right\" title=\"BELT CONVEYORS\">Read more<i class=\"fa fa-angle-right\"><\/i><\/a><\/span><div class=\"empty-space empty-single\" ><span class=\"empty-space-inner\"><\/span><\/div>\n<\/div><\/div><\/div><\/div><\/div><div class=\"wpb_column pos-top pos-center align_left column_child col-lg-3 single-internal-gutter\"><div class=\"uncol style-light\" ><div class=\"uncoltable\"><div class=\"uncell no-block-padding\" ><div class=\"uncont\" ><div class=\"uncode-single-media  text-left\"><div class=\"single-wrapper\" style=\"max-width: 100%;\"><div class=\"tmb tmb-light  tmb-img-ratio tmb-media-first tmb-media-last tmb-content-overlay tmb-no-bg\"><div class=\"t-inside\"><div class=\"t-entry-visual\"><div class=\"t-entry-visual-tc\"><div class=\"uncode-single-media-wrapper\"><div class=\"dummy\" style=\"padding-top: 66.6%;\"><\/div><img decoding=\"async\" class=\"wp-image-151\" src=\"https:\/\/bofabconveyor.se\/wp-content\/uploads\/2024\/05\/image-24-uai-1024x682.jpeg\" width=\"1024\" height=\"682\" alt=\"kedja-transport&ouml;r\" srcset=\"https:\/\/bofabconveyor.se\/wp-content\/uploads\/2024\/05\/image-24-uai-1024x682.jpeg 1024w, https:\/\/bofabconveyor.se\/wp-content\/uploads\/2024\/05\/image-24-uai-720x480.jpeg 720w\" sizes=\"(max-width: 1024px) 100vw, 1024px\" \/><\/div>\n\t\t\t\t\t<\/div>\n\t\t\t\t<\/div><\/div><\/div><\/div><\/div><div class=\"vc_custom_heading_wrap\"><div class=\"heading-text el-text\" ><h5 class=\"h3 text-uppercase\" ><span>Chain Conveyors<\/span><\/h5><\/div><div class=\"clear\"><\/div><\/div><div class=\"uncode_text_column vc_custom_1716880930313 text-color-prif-color\"  style=\"margin-top: 15px ;\"><p><strong>For medium \/ heavy goods.<\/strong><br \/>\nOur <a href=\"https:\/\/bofabconveyor.se\/en\/kedjetransportorer\/\">chain conveyors<\/a> are built for transporting medium or heavy goods. A driven chain conveyor is the solution to your needs if you want to handle pallets and goods directly on to the chains.<\/p>\n<\/div><span class=\"btn-container\" ><a href=\"https:\/\/bofabconveyor.se\/en\/kedjetransportorer\/\" class=\"custom-link btn btn-link border-width-0 text-accent-color btn-icon-right\" title=\"Chain Conveyors\">Read more<i class=\"fa fa-angle-right\"><\/i><\/a><\/span><div class=\"empty-space empty-single\" ><span class=\"empty-space-inner\"><\/span><\/div>\n<\/div><\/div><\/div><\/div><\/div><\/div><\/div><\/div><div class=\"vc_row row-internal row-container\"><div class=\"row unequal row-child\"><div class=\"wpb_row row-inner\"><div class=\"wpb_column pos-top pos-left align_left column_child col-lg-3 single-internal-gutter\"><div class=\"uncol style-light\" ><div class=\"uncoltable\"><div class=\"uncell no-block-padding\" ><div class=\"uncont\" ><div class=\"uncode-single-media  text-left\"><div class=\"single-wrapper\" style=\"max-width: 100%;\"><div class=\"tmb tmb-light  tmb-img-ratio tmb-media-first tmb-media-last tmb-content-overlay tmb-no-bg\"><div class=\"t-inside\"><div class=\"t-entry-visual\"><div class=\"t-entry-visual-tc\"><div class=\"uncode-single-media-wrapper\"><div class=\"dummy\" style=\"padding-top: 66.6%;\"><\/div><img decoding=\"async\" class=\"wp-image-159\" src=\"https:\/\/bofabconveyor.se\/wp-content\/uploads\/2024\/05\/image-27-uai-1024x682.jpeg\" width=\"1024\" height=\"682\" alt=\"rullband-bofab\" srcset=\"https:\/\/bofabconveyor.se\/wp-content\/uploads\/2024\/05\/image-27-uai-1024x682.jpeg 1024w, https:\/\/bofabconveyor.se\/wp-content\/uploads\/2024\/05\/image-27-uai-720x480.jpeg 720w\" sizes=\"(max-width: 1024px) 100vw, 1024px\" \/><\/div>\n\t\t\t\t\t<\/div>\n\t\t\t\t<\/div><\/div><\/div><\/div><\/div><div class=\"vc_custom_heading_wrap\"><div class=\"heading-text el-text\" ><h5 class=\"h3 text-uppercase\" ><span>Roller conveyors<\/span><\/h5><\/div><div class=\"clear\"><\/div><\/div><div class=\"uncode_text_column vc_custom_1716979843337 text-color-prif-color\"  style=\"margin-top: 15px ;\"><p><strong>For medium \/ heavy goods.<\/strong><br \/>\nRoller conveyors for transport of light, medium-heavy or heavy goods. Suitable for those who need to carry cartons, packages, pallets or products for example directly on the rollers. Available in 2 models: Easy and Heavy<\/p>\n<\/div><span class=\"btn-container\" ><a href=\"https:\/\/bofabconveyor.se\/en\/rullbanor\/\" class=\"custom-link btn btn-link border-width-0 text-accent-color btn-icon-right\" title=\"Roller conveyors\">Read more<i class=\"fa fa-angle-right\"><\/i><\/a><\/span><div class=\"empty-space empty-single\" ><span class=\"empty-space-inner\"><\/span><\/div>\n<\/div><\/div><\/div><\/div><\/div><div class=\"wpb_column pos-top pos-center align_left column_child col-lg-3 single-internal-gutter\"><div class=\"uncol style-light\" ><div class=\"uncoltable\"><div class=\"uncell no-block-padding\" ><div class=\"uncont\" ><div class=\"uncode-single-media  text-left\"><div class=\"single-wrapper\" style=\"max-width: 100%;\"><div class=\"tmb tmb-light  tmb-img-ratio tmb-media-first tmb-media-last tmb-content-overlay tmb-no-bg\"><div class=\"t-inside\"><div class=\"t-entry-visual\"><div class=\"t-entry-visual-tc\"><div class=\"uncode-single-media-wrapper\"><div class=\"dummy\" style=\"padding-top: 66.6%;\"><\/div><img decoding=\"async\" class=\"wp-image-174\" src=\"https:\/\/bofabconveyor.se\/wp-content\/uploads\/2024\/05\/image-36-uai-679x452.jpeg\" width=\"679\" height=\"452\" alt=\"spiraltransport&ouml;r\"><\/div>\n\t\t\t\t\t<\/div>\n\t\t\t\t<\/div><\/div><\/div><\/div><\/div><div class=\"vc_custom_heading_wrap\"><div class=\"heading-text el-text\" ><h5 class=\"h3 text-uppercase\" ><span>Spiral Conveyors<\/span><\/h5><\/div><div class=\"clear\"><\/div><\/div><div class=\"uncode_text_column vc_custom_1716979848770 text-color-prif-color\"  style=\"margin-top: 15px ;\"><p><strong>For light and fragile goods<\/strong><br \/>\nThe spiral conveyor is a conveyor that is built at a height to free up as much floor space as possible. This means that your production flow can be maximized to its full capacity.<\/p>\n<\/div><span class=\"btn-container\" ><a href=\"https:\/\/bofabconveyor.se\/en\/spiraltransportor\/\" class=\"custom-link btn btn-link border-width-0 text-accent-color btn-icon-right\" title=\"Spiral Conveyor\">Read more<i class=\"fa fa-angle-right\"><\/i><\/a><\/span><div class=\"empty-space empty-single\" ><span class=\"empty-space-inner\"><\/span><\/div>\n<\/div><\/div><\/div><\/div><\/div><\/div><\/div><\/div><\/div><\/div><\/div><\/div><\/div><script id=\"script-row-unique-1\" data-row=\"script-row-unique-1\" type=\"text\/javascript\" class=\"vc_controls\">UNCODE.initRow(document.getElementById(\"row-unique-1\"));<\/script><\/div><\/div><\/div><div data-parent=\"true\" class=\"vc_row row-container\" id=\"row-unique-2\"><div class=\"row single-top-padding triple-bottom-padding single-h-padding limit-width row-parent\"><div class=\"wpb_row row-inner\"><div class=\"wpb_column pos-top pos-center align_left column_parent col-lg-12 single-internal-gutter\"><div class=\"uncol style-light\"  ><div class=\"uncoltable\"><div class=\"uncell no-block-padding\" ><div class=\"uncont\" ><div class=\"vc_custom_heading_wrap\"><div class=\"heading-text el-text\" ><h2 class=\"h1 text-uppercase\" ><span>Durable and functional conveyors<\/span><\/h2><\/div><div class=\"clear\"><\/div><\/div><div class=\"uncode_text_column vc_custom_1716366595486 text-color-prif-color\"  style=\"margin-top: 15px ;\"><p>In order to ensure the quality and function of our products, we build them under our own roof. From design to finished product. And we always have the best operation and safety in mind. In other words, you can rest assured that your conveyors will fit perfectly into your production line. And that you get a durable and functional conveyor.<br \/>\nWe guarantee you  a qualitative and affordable solution.<\/p>\n<\/div><div class=\"empty-space empty-single\" ><span class=\"empty-space-inner\"><\/span><\/div>\n<\/div><\/div><\/div><\/div><\/div><script id=\"script-row-unique-2\" data-row=\"script-row-unique-2\" type=\"text\/javascript\" class=\"vc_controls\">UNCODE.initRow(document.getElementById(\"row-unique-2\"));<\/script><\/div><\/div><\/div>\n<\/div>","protected":false},"excerpt":{"rendered":"H\u00e5llbara och funktionella transport\u00f6rerVi transporterar dagens f\u00f6retag in i framtidenLetar du efter h\u00e5llbara och funktionella transport\u00f6rer f\u00f6r att effektivisera din [...]","protected":false},"author":1,"featured_media":0,"parent":0,"menu_order":0,"comment_status":"closed","ping_status":"closed","template":"","meta":{"footnotes":""},"class_list":["post-77","page","type-page","status-publish","hentry"],"yoast_head":"<!-- This site is optimized with the Yoast SEO plugin v27.2 - https:\/\/yoast.com\/product\/yoast-seo-wordpress\/ -->\n<title>H\u00e5llbara och funktionella transport\u00f6rer<\/title>\n<meta name=\"description\" content=\"H\u00e5llbara och funktionella transport\u00f6rer anpassade f\u00f6r din produktionslinje. Hos oss finns transport\u00f6rer som passar sm\u00e5 eller stora utrymmen\" \/>\n<meta name=\"robots\" content=\"index, follow, max-snippet:-1, max-image-preview:large, max-video-preview:-1\" \/>\n<link rel=\"canonical\" href=\"https:\/\/bofabconveyor.se\/en\/hallbara-och-funktionella-transportorer\/\" \/>\n<meta property=\"og:locale\" content=\"en_GB\" \/>\n<meta property=\"og:type\" content=\"article\" \/>\n<meta property=\"og:title\" content=\"H\u00e5llbara och funktionella transport\u00f6rer\" \/>\n<meta property=\"og:description\" content=\"H\u00e5llbara och funktionella transport\u00f6rer anpassade f\u00f6r din produktionslinje. Hos oss finns transport\u00f6rer som passar sm\u00e5 eller stora utrymmen\" \/>\n<meta property=\"og:url\" content=\"https:\/\/bofabconveyor.se\/en\/hallbara-och-funktionella-transportorer\/\" \/>\n<meta property=\"og:site_name\" content=\"Bofab transport\u00f6rsystem\" \/>\n<meta property=\"article:publisher\" content=\"https:\/\/www.facebook.com\/bofabconveyor\/\" \/>\n<meta property=\"article:modified_time\" content=\"2024-11-13T12:18:42+00:00\" \/>\n<meta name=\"twitter:card\" content=\"summary_large_image\" \/>\n<meta name=\"twitter:label1\" content=\"Estimated reading time\" \/>\n\t<meta name=\"twitter:data1\" content=\"3 minutes\" \/>\n<script type=\"application\/ld+json\" class=\"yoast-schema-graph\">{\"@context\":\"https:\/\/schema.org\",\"@graph\":[{\"@type\":\"WebPage\",\"@id\":\"https:\/\/bofabconveyor.se\/hallbara-och-funktionella-transportorer\/\",\"url\":\"https:\/\/bofabconveyor.se\/hallbara-och-funktionella-transportorer\/\",\"name\":\"H\u00e5llbara och funktionella transport\u00f6rer\",\"isPartOf\":{\"@id\":\"https:\/\/bofabconveyor.se\/#website\"},\"datePublished\":\"2024-05-22T08:28:10+00:00\",\"dateModified\":\"2024-11-13T12:18:42+00:00\",\"description\":\"H\u00e5llbara och funktionella transport\u00f6rer anpassade f\u00f6r din produktionslinje. Hos oss finns transport\u00f6rer som passar sm\u00e5 eller stora utrymmen\",\"breadcrumb\":{\"@id\":\"https:\/\/bofabconveyor.se\/hallbara-och-funktionella-transportorer\/#breadcrumb\"},\"inLanguage\":\"en-GB\",\"potentialAction\":[{\"@type\":\"ReadAction\",\"target\":[\"https:\/\/bofabconveyor.se\/hallbara-och-funktionella-transportorer\/\"]}]},{\"@type\":\"BreadcrumbList\",\"@id\":\"https:\/\/bofabconveyor.se\/hallbara-och-funktionella-transportorer\/#breadcrumb\",\"itemListElement\":[{\"@type\":\"ListItem\",\"position\":1,\"name\":\"Hem\",\"item\":\"https:\/\/bofabconveyor.se\/\"},{\"@type\":\"ListItem\",\"position\":2,\"name\":\"V\u00e5ra l\u00f6sningar\"}]},{\"@type\":\"WebSite\",\"@id\":\"https:\/\/bofabconveyor.se\/#website\",\"url\":\"https:\/\/bofabconveyor.se\/\",\"name\":\"Bofab transport\u00f6rsystem\",\"description\":\"Tillverkare av transport\u00f6rer i \u00f6ver 50 \u00e5r\",\"potentialAction\":[{\"@type\":\"SearchAction\",\"target\":{\"@type\":\"EntryPoint\",\"urlTemplate\":\"https:\/\/bofabconveyor.se\/?s={search_term_string}\"},\"query-input\":{\"@type\":\"PropertyValueSpecification\",\"valueRequired\":true,\"valueName\":\"search_term_string\"}}],\"inLanguage\":\"en-GB\"}]}<\/script>\n<!-- \/ Yoast SEO plugin. -->","yoast_head_json":{"title":"Durable and functional conveyors","description":"H\u00e5llbara och funktionella transport\u00f6rer anpassade f\u00f6r din produktionslinje. Hos oss finns transport\u00f6rer som passar sm\u00e5 eller stora utrymmen","robots":{"index":"index","follow":"follow","max-snippet":"max-snippet:-1","max-image-preview":"max-image-preview:large","max-video-preview":"max-video-preview:-1"},"canonical":"https:\/\/bofabconveyor.se\/en\/hallbara-och-funktionella-transportorer\/","og_locale":"en_GB","og_type":"article","og_title":"H\u00e5llbara och funktionella transport\u00f6rer","og_description":"H\u00e5llbara och funktionella transport\u00f6rer anpassade f\u00f6r din produktionslinje. Hos oss finns transport\u00f6rer som passar sm\u00e5 eller stora utrymmen","og_url":"https:\/\/bofabconveyor.se\/en\/hallbara-och-funktionella-transportorer\/","og_site_name":"Bofab transport\u00f6rsystem","article_publisher":"https:\/\/www.facebook.com\/bofabconveyor\/","article_modified_time":"2024-11-13T12:18:42+00:00","twitter_card":"summary_large_image","twitter_misc":{"Estimated reading time":"3 minutes"},"schema":{"@context":"https:\/\/schema.org","@graph":[{"@type":"WebPage","@id":"https:\/\/bofabconveyor.se\/hallbara-och-funktionella-transportorer\/","url":"https:\/\/bofabconveyor.se\/hallbara-och-funktionella-transportorer\/","name":"Durable and functional conveyors","isPartOf":{"@id":"https:\/\/bofabconveyor.se\/#website"},"datePublished":"2024-05-22T08:28:10+00:00","dateModified":"2024-11-13T12:18:42+00:00","description":"H\u00e5llbara och funktionella transport\u00f6rer anpassade f\u00f6r din produktionslinje. Hos oss finns transport\u00f6rer som passar sm\u00e5 eller stora utrymmen","breadcrumb":{"@id":"https:\/\/bofabconveyor.se\/hallbara-och-funktionella-transportorer\/#breadcrumb"},"inLanguage":"en-GB","potentialAction":[{"@type":"ReadAction","target":["https:\/\/bofabconveyor.se\/hallbara-och-funktionella-transportorer\/"]}]},{"@type":"BreadcrumbList","@id":"https:\/\/bofabconveyor.se\/hallbara-och-funktionella-transportorer\/#breadcrumb","itemListElement":[{"@type":"ListItem","position":1,"name":"Hem","item":"https:\/\/bofabconveyor.se\/"},{"@type":"ListItem","position":2,"name":"V\u00e5ra l\u00f6sningar"}]},{"@type":"WebSite","@id":"https:\/\/bofabconveyor.se\/#website","url":"https:\/\/bofabconveyor.se\/","name":"Bofab Conveyor","description":"Tillverkare av transport\u00f6rer i \u00f6ver 50 \u00e5r","potentialAction":[{"@type":"SearchAction","target":{"@type":"EntryPoint","urlTemplate":"https:\/\/bofabconveyor.se\/?s={search_term_string}"},"query-input":{"@type":"PropertyValueSpecification","valueRequired":true,"valueName":"search_term_string"}}],"inLanguage":"en-GB"}]}},"_links":{"self":[{"href":"https:\/\/bofabconveyor.se\/en\/wp-json\/wp\/v2\/pages\/77","targetHints":{"allow":["GET"]}}],"collection":[{"href":"https:\/\/bofabconveyor.se\/en\/wp-json\/wp\/v2\/pages"}],"about":[{"href":"https:\/\/bofabconveyor.se\/en\/wp-json\/wp\/v2\/types\/page"}],"author":[{"embeddable":true,"href":"https:\/\/bofabconveyor.se\/en\/wp-json\/wp\/v2\/users\/1"}],"replies":[{"embeddable":true,"href":"https:\/\/bofabconveyor.se\/en\/wp-json\/wp\/v2\/comments?post=77"}],"version-history":[{"count":33,"href":"https:\/\/bofabconveyor.se\/en\/wp-json\/wp\/v2\/pages\/77\/revisions"}],"predecessor-version":[{"id":842,"href":"https:\/\/bofabconveyor.se\/en\/wp-json\/wp\/v2\/pages\/77\/revisions\/842"}],"wp:attachment":[{"href":"https:\/\/bofabconveyor.se\/en\/wp-json\/wp\/v2\/media?parent=77"}],"curies":[{"name":"wp","href":"https:\/\/api.w.org\/{rel}","templated":true}]}}