{"id":62,"date":"2024-05-22T07:10:43","date_gmt":"2024-05-22T07:10:43","guid":{"rendered":"https:\/\/bofabconveyor.se\/\/?page_id=62"},"modified":"2026-01-07T08:47:47","modified_gmt":"2026-01-07T07:47:47","slug":"kontakt","status":"publish","type":"page","link":"https:\/\/bofabconveyor.se\/en\/kontakt\/","title":{"rendered":"CONTACT"},"content":{"rendered":"<div class=\"wpb-content-wrapper\"><div data-parent=\"true\" class=\"vc_row row-container\" id=\"row-unique-0\"><div class=\"row-background background-element\" style=\"opacity: 1;\">\n\t\t\t\t\t\t\t\t\t\t\t<div class=\"background-wrapper\">\n\t\t\t\t\t\t\t\t\t\t\t\t<div class=\"background-inner\"><\/div>\n\t\t\t\t\t\t\t\t\t\t\t\t<div class=\"block-bg-overlay style-accent-bg\" style=\"opacity: 0.05;\"><\/div>\n\t\t\t\t\t\t\t\t\t\t\t<\/div>\n\t\t\t\t\t\t\t\t\t\t<\/div><div class=\"row unequal col-no-gutter no-top-padding no-bottom-padding no-h-padding full-width row-parent\"><div class=\"wpb_row row-inner\"><div class=\"wpb_column pos-middle pos-center align_left column_parent col-lg-6 single-internal-gutter\"><div class=\"uncol style-light\"  ><div class=\"uncoltable\"><div class=\"uncell single-block-padding\" ><div class=\"column-background background-element\">\n\t\t\t\t\t\t\t\t\t\t\t<div class=\"background-wrapper\">\n\t\t\t\t\t\t\t\t\t\t\t\t<div class=\"background-inner\" style=\"background-image: url(https:\/\/bofabconveyor.se\/wp-content\/uploads\/2024\/08\/Bakgrund_svart.png);background-repeat: no-repeat;background-position: center center;background-size: cover;\" data-o_src=\"https:\/\/bofabconveyor.se\/wp-content\/uploads\/2024\/08\/Bakgrund_svart.png\"><\/div>\n\t\t\t\t\t\t\t\t\t\t\t\t<div class=\"block-bg-overlay style-color-xsdn-bg\" style=\"opacity: 0.95;\"><\/div>\n\t\t\t\t\t\t\t\t\t\t\t<\/div>\n\t\t\t\t\t\t\t\t\t\t<\/div><div class=\"uncont\" style=\" max-width:75%;\" ><div class=\"vc_custom_heading_wrap\"><div class=\"heading-text el-text\" ><h1 class=\"h2 text-accent-color text-uppercase\" ><span>Contact us<\/span><\/h1><\/div><div class=\"clear\"><\/div><\/div><div class=\"uncode_text_column vc_custom_1731502441002\"  style=\"margin-top: 10px ;\"><p>You can also find frequently asked questions and answers <strong><a href=\"https:\/\/bofabconveyor.se\/en\/vanliga-fragor\/\">here<\/a>.<\/strong><\/p>\n<\/div><div class=\"vc_row row-internal row-container\"><div class=\"row row-child\"><div class=\"wpb_row row-inner\"><div class=\"wpb_column pos-top pos-center align_left column_child col-lg-6 single-internal-gutter\"><div class=\"uncol style-light\" ><div class=\"uncoltable\"><div class=\"uncell no-block-padding\" ><div class=\"uncont\" ><div class=\"uncode_text_column vc_custom_1731394157156\"  style=\"margin-top: 10px ;\"><p><strong>CONTACT<br \/>\nPhone (switch)<\/strong><br \/>\n0143-294 80<\/p>\n<p><strong>E-mail<\/strong><br \/>\ninfo@bofab.com<\/p>\n<p><strong>Invoice<\/strong><br \/>\nfaktura@bofabconveyor.se<\/p>\n<p><strong>Bofab's office hours<\/strong><br \/>\nMonday-Thursday<br \/>\n08.00-16.00<br \/>\nFriday<br \/>\n08.00-11.45<\/p>\n<\/div><\/div><\/div><\/div><\/div><\/div><div class=\"wpb_column pos-top pos-center align_left column_child col-lg-6 single-internal-gutter\"><div class=\"uncol style-light\" ><div class=\"uncoltable\"><div class=\"uncell no-block-padding\" ><div class=\"uncont\" ><div class=\"uncode_text_column vc_custom_1765795147244\"  style=\"margin-top: 10px ;\"><p><strong>CONTACT<br \/>\nMailing address<\/strong><br \/>\nBofab Conveyor AB<br \/>\nKron\u00e4ngsgatan 1<br \/>\n592 30 Vadstena<\/p>\n<p><strong>Visiting address<\/strong><br \/>\nKron\u00e4ngsgatan 1<br \/>\n592 30 Vadstena<\/p>\n<p><strong>Opening hours for goods reception<\/strong><br \/>\nMon-Thurs:  07.00-16.15<br \/>\nFri: 07.00-11.45<\/p>\n<\/div><\/div><\/div><\/div><\/div><\/div><\/div><\/div><\/div><\/div><\/div><\/div><\/div><\/div><div class=\"wpb_column pos-top pos-center align_left column_parent col-lg-6 single-internal-gutter\"><div class=\"uncol style-light\"  ><div class=\"uncoltable\"><div class=\"uncell no-block-padding\" ><div class=\"uncont\" >\n\t<div class=\"wpb_raw_code wpb_raw_html\" >\n\t\t<div class=\"wpb_wrapper\">\n\t\t\t<iframe src=\"https:\/\/www.google.com\/maps\/embed?pb=!1m18!1m12!1m3!1d4176.095208872614!2d14.873838713426075!3d58.443168981527535!2m3!1f0!2f0!3f0!3m2!1i1024!2i768!4f13.1!3m3!1m2!1s0x465bc599a841e0dd%3A0xc26ed94eda45ca14!2sBofab%20Conveyor%20AB!5e0!3m2!1ssv!2sse!4v1725864290908!5m2!1ssv!2sse\" width=\"600\" height=\"700\" style=\"border:0;\" allowfullscreen=\"\" loading=\"lazy\" referrerpolicy=\"no-referrer-when-downgrade\"><\/iframe>\n\t\t<\/div>\n\t<\/div>\n<\/div><\/div><\/div><\/div><\/div><script id=\"script-row-unique-0\" data-row=\"script-row-unique-0\" type=\"text\/javascript\" class=\"vc_controls\">UNCODE.initRow(document.getElementById(\"row-unique-0\"));<\/script><\/div><\/div><\/div><div data-parent=\"true\" class=\"vc_row style-accent-bg row-container\" id=\"row-unique-1\"><div class=\"row triple-top-padding triple-bottom-padding single-h-padding limit-width row-parent\"><div class=\"wpb_row row-inner\"><div class=\"wpb_column pos-top pos-center align_center column_parent col-lg-12 single-internal-gutter\"><div class=\"uncol style-light\"  ><div class=\"uncoltable\"><div class=\"uncell no-block-padding\" ><div class=\"uncont\" ><div class=\"vc_custom_heading_wrap\"><div class=\"heading-text el-text\" ><h2 class=\"h1 text-color-xsdn-color text-uppercase\" ><span>Contact<\/span><\/h2><\/div><div class=\"clear\"><\/div><\/div><div class=\"empty-space empty-single\" ><span class=\"empty-space-inner\"><\/span><\/div>\n<div class=\"vc_row row-internal row-container\"><div class=\"row unequal row-child\"><div class=\"wpb_row row-inner\"><div class=\"wpb_column pos-top pos-center align_center column_child col-lg-4 single-internal-gutter\"><div class=\"uncol style-light\" ><div class=\"uncoltable\"><div class=\"uncell no-block-padding\" ><div class=\"uncont\" ><div class=\"vc_custom_heading_wrap\"><div class=\"heading-text el-text\" ><h6 class=\"h5 text-color-xsdn-color\" ><span>Petter Fredrikson<\/span><\/h6><\/div><div class=\"clear\"><\/div><\/div><div class=\"uncode_text_column vc_custom_1716363295448 text-color-xsdn-color\"  style=\"margin-top: 10px ;\"><p>CEO \/ Sales<br \/>\nPhone: +46(0)143-29482<br \/>\nE-mail: petter@bofab.com<\/p>\n<\/div><div class=\"empty-space empty-single\" ><span class=\"empty-space-inner\"><\/span><\/div>\n<\/div><\/div><\/div><\/div><\/div><div class=\"wpb_column pos-top pos-center align_center column_child col-lg-4 single-internal-gutter\"><div class=\"uncol style-light\" ><div class=\"uncoltable\"><div class=\"uncell no-block-padding\" ><div class=\"uncont\" ><div class=\"vc_custom_heading_wrap\"><div class=\"heading-text el-text\" ><h6 class=\"h5 text-color-xsdn-color\" ><span>Michael Fredrikson<\/span><\/h6><\/div><div class=\"clear\"><\/div><\/div><div class=\"uncode_text_column vc_custom_1716363347958 text-color-xsdn-color\"  style=\"margin-top: 10px ;\"><p>Senior Advisor \/ Sales<br \/>\nPhone: +46(0)143-29485<br \/>\nE-mail: michael@bofab.com<\/p>\n<\/div><div class=\"empty-space empty-single\" ><span class=\"empty-space-inner\"><\/span><\/div>\n<\/div><\/div><\/div><\/div><\/div><div class=\"wpb_column pos-top pos-center align_center column_child col-lg-4 single-internal-gutter\"><div class=\"uncol style-light\" ><div class=\"uncoltable\"><div class=\"uncell no-block-padding\" ><div class=\"uncont\" ><div class=\"vc_custom_heading_wrap\"><div class=\"heading-text el-text\" ><h6 class=\"h5 text-color-xsdn-color\" ><span>Jonas Fredrikson<\/span><\/h6><\/div><div class=\"clear\"><\/div><\/div><div class=\"uncode_text_column vc_custom_1716363383735 text-color-xsdn-color\"  style=\"margin-top: 10px ;\"><p>Construction<br \/>\nPhone: +46(0)143-29488<br \/>\nE-mail: jonas@bofab.com<\/p>\n<\/div><div class=\"empty-space empty-single\" ><span class=\"empty-space-inner\"><\/span><\/div>\n<\/div><\/div><\/div><\/div><\/div><\/div><\/div><\/div><div class=\"vc_row row-internal row-container\"><div class=\"row unequal row-child\"><div class=\"wpb_row row-inner\"><div class=\"wpb_column pos-top pos-center align_center column_child col-lg-4 single-internal-gutter\"><div class=\"uncol style-light\" ><div class=\"uncoltable\"><div class=\"uncell no-block-padding\" ><div class=\"uncont\" ><div class=\"vc_custom_heading_wrap\"><div class=\"heading-text el-text\" ><h6 class=\"h5 text-color-xsdn-color\" ><span>Lotta Fredrikson<\/span><\/h6><\/div><div class=\"clear\"><\/div><\/div><div class=\"uncode_text_column vc_custom_1716363478838 text-color-xsdn-color\"  style=\"margin-top: 10px ;\"><p>Economy \/ Marketing<br \/>\nPhone: +46(0)143-29480<br \/>\nE-mail: lotta@bofab.com<\/p>\n<\/div><div class=\"empty-space empty-single\" ><span class=\"empty-space-inner\"><\/span><\/div>\n<\/div><\/div><\/div><\/div><\/div><div class=\"wpb_column pos-top pos-center align_center column_child col-lg-4 single-internal-gutter\"><div class=\"uncol style-light\" ><div class=\"uncoltable\"><div class=\"uncell no-block-padding\" ><div class=\"uncont\" ><div class=\"vc_custom_heading_wrap\"><div class=\"heading-text el-text\" ><h6 class=\"h5 text-color-xsdn-color\" ><span>Rebeccah Fredrikson<\/span><\/h6><\/div><div class=\"clear\"><\/div><\/div><div class=\"uncode_text_column vc_custom_1716363426867 text-color-xsdn-color\"  style=\"margin-top: 10px ;\"><p>Economy<br \/>\nPhone: +46(0)143-29484<br \/>\nE-mail: rebeccah@bofab.com<\/p>\n<\/div><div class=\"empty-space empty-single\" ><span class=\"empty-space-inner\"><\/span><\/div>\n<\/div><\/div><\/div><\/div><\/div><div class=\"wpb_column pos-top pos-center align_center column_child col-lg-4 single-internal-gutter\"><div class=\"uncol style-light\" ><div class=\"uncoltable\"><div class=\"uncell no-block-padding\" ><div class=\"uncont\" ><div class=\"vc_custom_heading_wrap\"><div class=\"heading-text el-text\" ><h6 class=\"h5 text-color-xsdn-color\" ><span>Leif Jonsson<\/span><\/h6><\/div><div class=\"clear\"><\/div><\/div><div class=\"uncode_text_column vc_custom_1716363501958 text-color-xsdn-color\"  style=\"margin-top: 10px ;\"><p>Production<br \/>\nPhone: +46(0)143-29486<br \/>\nE-mail: leif@bofab.com<\/p>\n<\/div><div class=\"empty-space empty-single\" ><span class=\"empty-space-inner\"><\/span><\/div>\n<\/div><\/div><\/div><\/div><\/div><\/div><\/div><\/div><\/div><\/div><\/div><\/div><\/div><script id=\"script-row-unique-1\" data-row=\"script-row-unique-1\" type=\"text\/javascript\" class=\"vc_controls\">UNCODE.initRow(document.getElementById(\"row-unique-1\"));<\/script><\/div><\/div><\/div>\n<\/div>","protected":false},"excerpt":{"rendered":"Kontakta ossDu kan ocks\u00e5 hitta vanliga fr\u00e5gor och svar h\u00e4r. Kontakt Telefon (v\u00e4xel) 0143-294 80 E-post info@bofab.com Fakturor faktura@bofabconveyor.se Bofabs [...]","protected":false},"author":1,"featured_media":0,"parent":0,"menu_order":0,"comment_status":"closed","ping_status":"closed","template":"","meta":{"footnotes":""},"class_list":["post-62","page","type-page","status-publish","hentry"],"yoast_head":"<!-- This site is optimized with the Yoast SEO plugin v27.2 - https:\/\/yoast.com\/product\/yoast-seo-wordpress\/ -->\n<title>Kontakt - Bofab transport\u00f6rsystem<\/title>\n<meta name=\"description\" content=\"Ta kontakt med oss p\u00e5 Bofab f\u00f6r expertis och skr\u00e4ddarsydda transport\u00f6rsystem. Vi erbjuder l\u00f6sningar f\u00f6r alla behov.\" \/>\n<meta name=\"robots\" content=\"index, follow, max-snippet:-1, max-image-preview:large, max-video-preview:-1\" \/>\n<link rel=\"canonical\" href=\"https:\/\/bofabconveyor.se\/en\/kontakt\/\" \/>\n<meta property=\"og:locale\" content=\"en_GB\" \/>\n<meta property=\"og:type\" content=\"article\" \/>\n<meta property=\"og:title\" content=\"Kontakt - Bofab transport\u00f6rsystem\" \/>\n<meta property=\"og:description\" content=\"Ta kontakt med oss p\u00e5 Bofab f\u00f6r expertis och skr\u00e4ddarsydda transport\u00f6rsystem. Vi erbjuder l\u00f6sningar f\u00f6r alla behov.\" \/>\n<meta property=\"og:url\" content=\"https:\/\/bofabconveyor.se\/en\/kontakt\/\" \/>\n<meta property=\"og:site_name\" content=\"Bofab transport\u00f6rsystem\" \/>\n<meta property=\"article:publisher\" content=\"https:\/\/www.facebook.com\/bofabconveyor\/\" \/>\n<meta property=\"article:modified_time\" content=\"2026-01-07T07:47:47+00:00\" \/>\n<meta name=\"twitter:card\" content=\"summary_large_image\" \/>\n<meta name=\"twitter:label1\" content=\"Estimated reading time\" \/>\n\t<meta name=\"twitter:data1\" content=\"2 minutes\" \/>\n<script type=\"application\/ld+json\" class=\"yoast-schema-graph\">{\"@context\":\"https:\/\/schema.org\",\"@graph\":[{\"@type\":\"WebPage\",\"@id\":\"https:\/\/bofabconveyor.se\/kontakt\/\",\"url\":\"https:\/\/bofabconveyor.se\/kontakt\/\",\"name\":\"Kontakt - Bofab transport\u00f6rsystem\",\"isPartOf\":{\"@id\":\"https:\/\/bofabconveyor.se\/#website\"},\"datePublished\":\"2024-05-22T07:10:43+00:00\",\"dateModified\":\"2026-01-07T07:47:47+00:00\",\"description\":\"Ta kontakt med oss p\u00e5 Bofab f\u00f6r expertis och skr\u00e4ddarsydda transport\u00f6rsystem. Vi erbjuder l\u00f6sningar f\u00f6r alla behov.\",\"breadcrumb\":{\"@id\":\"https:\/\/bofabconveyor.se\/kontakt\/#breadcrumb\"},\"inLanguage\":\"en-GB\",\"potentialAction\":[{\"@type\":\"ReadAction\",\"target\":[\"https:\/\/bofabconveyor.se\/kontakt\/\"]}]},{\"@type\":\"BreadcrumbList\",\"@id\":\"https:\/\/bofabconveyor.se\/kontakt\/#breadcrumb\",\"itemListElement\":[{\"@type\":\"ListItem\",\"position\":1,\"name\":\"Hem\",\"item\":\"https:\/\/bofabconveyor.se\/\"},{\"@type\":\"ListItem\",\"position\":2,\"name\":\"Kontakt\"}]},{\"@type\":\"WebSite\",\"@id\":\"https:\/\/bofabconveyor.se\/#website\",\"url\":\"https:\/\/bofabconveyor.se\/\",\"name\":\"Bofab transport\u00f6rsystem\",\"description\":\"Tillverkare av transport\u00f6rer i \u00f6ver 50 \u00e5r\",\"potentialAction\":[{\"@type\":\"SearchAction\",\"target\":{\"@type\":\"EntryPoint\",\"urlTemplate\":\"https:\/\/bofabconveyor.se\/?s={search_term_string}\"},\"query-input\":{\"@type\":\"PropertyValueSpecification\",\"valueRequired\":true,\"valueName\":\"search_term_string\"}}],\"inLanguage\":\"en-GB\"}]}<\/script>\n<!-- \/ Yoast SEO plugin. -->","yoast_head_json":{"title":"Kontakt - Bofab transport\u00f6rsystem","description":"Ta kontakt med oss p\u00e5 Bofab f\u00f6r expertis och skr\u00e4ddarsydda transport\u00f6rsystem. Vi erbjuder l\u00f6sningar f\u00f6r alla behov.","robots":{"index":"index","follow":"follow","max-snippet":"max-snippet:-1","max-image-preview":"max-image-preview:large","max-video-preview":"max-video-preview:-1"},"canonical":"https:\/\/bofabconveyor.se\/en\/kontakt\/","og_locale":"en_GB","og_type":"article","og_title":"Kontakt - Bofab transport\u00f6rsystem","og_description":"Ta kontakt med oss p\u00e5 Bofab f\u00f6r expertis och skr\u00e4ddarsydda transport\u00f6rsystem. Vi erbjuder l\u00f6sningar f\u00f6r alla behov.","og_url":"https:\/\/bofabconveyor.se\/en\/kontakt\/","og_site_name":"Bofab transport\u00f6rsystem","article_publisher":"https:\/\/www.facebook.com\/bofabconveyor\/","article_modified_time":"2026-01-07T07:47:47+00:00","twitter_card":"summary_large_image","twitter_misc":{"Estimated reading time":"2 minutes"},"schema":{"@context":"https:\/\/schema.org","@graph":[{"@type":"WebPage","@id":"https:\/\/bofabconveyor.se\/kontakt\/","url":"https:\/\/bofabconveyor.se\/kontakt\/","name":"Kontakt - Bofab transport\u00f6rsystem","isPartOf":{"@id":"https:\/\/bofabconveyor.se\/#website"},"datePublished":"2024-05-22T07:10:43+00:00","dateModified":"2026-01-07T07:47:47+00:00","description":"Ta kontakt med oss p\u00e5 Bofab f\u00f6r expertis och skr\u00e4ddarsydda transport\u00f6rsystem. Vi erbjuder l\u00f6sningar f\u00f6r alla behov.","breadcrumb":{"@id":"https:\/\/bofabconveyor.se\/kontakt\/#breadcrumb"},"inLanguage":"en-GB","potentialAction":[{"@type":"ReadAction","target":["https:\/\/bofabconveyor.se\/kontakt\/"]}]},{"@type":"BreadcrumbList","@id":"https:\/\/bofabconveyor.se\/kontakt\/#breadcrumb","itemListElement":[{"@type":"ListItem","position":1,"name":"Hem","item":"https:\/\/bofabconveyor.se\/"},{"@type":"ListItem","position":2,"name":"Kontakt"}]},{"@type":"WebSite","@id":"https:\/\/bofabconveyor.se\/#website","url":"https:\/\/bofabconveyor.se\/","name":"Bofab Conveyor","description":"Tillverkare av transport\u00f6rer i \u00f6ver 50 \u00e5r","potentialAction":[{"@type":"SearchAction","target":{"@type":"EntryPoint","urlTemplate":"https:\/\/bofabconveyor.se\/?s={search_term_string}"},"query-input":{"@type":"PropertyValueSpecification","valueRequired":true,"valueName":"search_term_string"}}],"inLanguage":"en-GB"}]}},"_links":{"self":[{"href":"https:\/\/bofabconveyor.se\/en\/wp-json\/wp\/v2\/pages\/62","targetHints":{"allow":["GET"]}}],"collection":[{"href":"https:\/\/bofabconveyor.se\/en\/wp-json\/wp\/v2\/pages"}],"about":[{"href":"https:\/\/bofabconveyor.se\/en\/wp-json\/wp\/v2\/types\/page"}],"author":[{"embeddable":true,"href":"https:\/\/bofabconveyor.se\/en\/wp-json\/wp\/v2\/users\/1"}],"replies":[{"embeddable":true,"href":"https:\/\/bofabconveyor.se\/en\/wp-json\/wp\/v2\/comments?post=62"}],"version-history":[{"count":94,"href":"https:\/\/bofabconveyor.se\/en\/wp-json\/wp\/v2\/pages\/62\/revisions"}],"predecessor-version":[{"id":1100,"href":"https:\/\/bofabconveyor.se\/en\/wp-json\/wp\/v2\/pages\/62\/revisions\/1100"}],"wp:attachment":[{"href":"https:\/\/bofabconveyor.se\/en\/wp-json\/wp\/v2\/media?parent=62"}],"curies":[{"name":"wp","href":"https:\/\/api.w.org\/{rel}","templated":true}]}}