{"id":291,"date":"2024-05-29T05:38:08","date_gmt":"2024-05-29T05:38:08","guid":{"rendered":"https:\/\/bofabconveyor.se\/\/?page_id=291"},"modified":"2024-11-13T13:10:18","modified_gmt":"2024-11-13T12:10:18","slug":"service-och-support","status":"publish","type":"page","link":"https:\/\/bofabconveyor.se\/en\/service-och-support\/","title":{"rendered":"Service and support"},"content":{"rendered":"<div class=\"wpb-content-wrapper\"><div data-parent=\"true\" class=\"vc_row row-container\" id=\"row-unique-0\"><div class=\"row unequal col-no-gutter no-top-padding double-bottom-padding no-h-padding full-width row-parent\"><div class=\"wpb_row row-inner\"><div class=\"wpb_column pos-top pos-center align_left column_parent col-lg-6 single-internal-gutter\"><div class=\"uncol style-light\"  ><div class=\"uncoltable\"><div class=\"uncell quad-block-padding\" ><div class=\"column-background background-element\">\n\t\t\t\t\t\t\t\t\t\t\t<div class=\"background-wrapper\">\n\t\t\t\t\t\t\t\t\t\t\t\t<div class=\"background-inner\" style=\"background-image: url(https:\/\/bofabconveyor.se\/wp-content\/uploads\/2024\/08\/Bakgrund_svart.png);background-repeat: no-repeat;background-position: center center;background-size: cover;\" data-o_src=\"https:\/\/bofabconveyor.se\/wp-content\/uploads\/2024\/08\/Bakgrund_svart.png\"><\/div>\n\t\t\t\t\t\t\t\t\t\t\t\t<div class=\"block-bg-overlay style-color-xsdn-bg\" style=\"opacity: 0.95;\"><\/div>\n\t\t\t\t\t\t\t\t\t\t\t<\/div>\n\t\t\t\t\t\t\t\t\t\t<\/div><div class=\"uncont\" ><div class=\"vc_custom_heading_wrap\"><div class=\"heading-text el-text\" ><h1 class=\"h6 text-accent-color text-uppercase\" ><span>Service and Support<\/span><\/h1><\/div><div class=\"clear\"><\/div><\/div><div class=\"vc_custom_heading_wrap\"><div class=\"heading-text el-text\" ><h2 class=\"h3 text-uppercase\" ><span>Service of the highest quality<\/span><\/h2><\/div><div class=\"clear\"><\/div><\/div><div class=\"uncode_text_column vc_custom_1731398360615 text-color-prif-color\"  style=\"margin-top: 15px ;\"><p>Bofab offers <a href=\"https:\/\/bofabconveyor.se\/en\/kontakt\/\">service<\/a> and support at the customer's location. We have service personnel who can usually help you within a couple of hours, either at your place or by phone. Once at your place, we splice belts, change motors, install rollers, program changes in <a href=\"https:\/\/sv.wikipedia.org\/wiki\/Programmerbart_logiskt_styrsystem\">PLC<\/a> or whatever you wish. Since we manufacture all conveyors under our own roof, we already have most spare parts in house.<br \/>\nUpon delivery of complete systems, we will of course help with the installation, commissioning, etc. out on the premises.<\/p>\n<\/div><\/div><\/div><\/div><\/div><\/div><div class=\"wpb_column pos-top pos-center align_left column_parent col-lg-6 single-internal-gutter\"><div class=\"uncol style-light\"  ><div class=\"uncoltable\"><div class=\"uncell single-block-padding\" ><div class=\"column-background background-element\">\n\t\t\t\t\t\t\t\t\t\t\t<div class=\"background-wrapper\">\n\t\t\t\t\t\t\t\t\t\t\t\t<div class=\"background-inner\" style=\"background-image: url(https:\/\/bofabconveyor.se\/wp-content\/uploads\/2024\/08\/R6II0911.webp);background-repeat: no-repeat;background-position: center center;background-size: cover;\" data-o_src=\"https:\/\/bofabconveyor.se\/wp-content\/uploads\/2024\/08\/R6II0911.webp\"><\/div>\n\t\t\t\t\t\t\t\t\t\t\t\t\n\t\t\t\t\t\t\t\t\t\t\t<\/div>\n\t\t\t\t\t\t\t\t\t\t<\/div><div class=\"uncont\" ><div class=\"empty-space empty-quad\" ><span class=\"empty-space-inner\"><\/span><\/div>\n<div class=\"empty-space empty-quad\" ><span class=\"empty-space-inner\"><\/span><\/div>\n<\/div><\/div><\/div><\/div><\/div><script id=\"script-row-unique-0\" data-row=\"script-row-unique-0\" type=\"text\/javascript\" class=\"vc_controls\">UNCODE.initRow(document.getElementById(\"row-unique-0\"));<\/script><\/div><\/div><\/div>\n<\/div>","protected":false},"excerpt":{"rendered":"Service &amp; supportService av h\u00f6gsta kvalit\u00e9Bofab erbjuder service och support ute hos kund. Vi har servicepersonal som oftast kan vara [...]","protected":false},"author":1,"featured_media":0,"parent":0,"menu_order":0,"comment_status":"closed","ping_status":"closed","template":"","meta":{"footnotes":""},"class_list":["post-291","page","type-page","status-publish","hentry"],"yoast_head":"<!-- This site is optimized with the Yoast SEO plugin v27.2 - https:\/\/yoast.com\/product\/yoast-seo-wordpress\/ -->\n<title>Service och support - Bofab transport\u00f6rsystem<\/title>\n<meta name=\"description\" content=\"Vi erbjuder b\u00e5de service och support. V\u00e5r servicepersonal finns p\u00e5 plats och kan oftast hj\u00e4lpa dig inom ett par timmar.\" \/>\n<meta name=\"robots\" content=\"index, follow, max-snippet:-1, max-image-preview:large, max-video-preview:-1\" \/>\n<link rel=\"canonical\" href=\"https:\/\/bofabconveyor.se\/en\/service-och-support\/\" \/>\n<meta property=\"og:locale\" content=\"en_GB\" \/>\n<meta property=\"og:type\" content=\"article\" \/>\n<meta property=\"og:title\" content=\"Service och support - Bofab transport\u00f6rsystem\" \/>\n<meta property=\"og:description\" content=\"Vi erbjuder b\u00e5de service och support. V\u00e5r servicepersonal finns p\u00e5 plats och kan oftast hj\u00e4lpa dig inom ett par timmar.\" \/>\n<meta property=\"og:url\" content=\"https:\/\/bofabconveyor.se\/en\/service-och-support\/\" \/>\n<meta property=\"og:site_name\" content=\"Bofab transport\u00f6rsystem\" \/>\n<meta property=\"article:publisher\" content=\"https:\/\/www.facebook.com\/bofabconveyor\/\" \/>\n<meta property=\"article:modified_time\" content=\"2024-11-13T12:10:18+00:00\" \/>\n<meta name=\"twitter:card\" content=\"summary_large_image\" \/>\n<meta name=\"twitter:label1\" content=\"Estimated reading time\" \/>\n\t<meta name=\"twitter:data1\" content=\"1 minute\" \/>\n<script type=\"application\/ld+json\" class=\"yoast-schema-graph\">{\"@context\":\"https:\/\/schema.org\",\"@graph\":[{\"@type\":\"WebPage\",\"@id\":\"https:\/\/bofabconveyor.se\/service-och-support\/\",\"url\":\"https:\/\/bofabconveyor.se\/service-och-support\/\",\"name\":\"Service och support - Bofab transport\u00f6rsystem\",\"isPartOf\":{\"@id\":\"https:\/\/bofabconveyor.se\/#website\"},\"datePublished\":\"2024-05-29T05:38:08+00:00\",\"dateModified\":\"2024-11-13T12:10:18+00:00\",\"description\":\"Vi erbjuder b\u00e5de service och support. V\u00e5r servicepersonal finns p\u00e5 plats och kan oftast hj\u00e4lpa dig inom ett par timmar.\",\"breadcrumb\":{\"@id\":\"https:\/\/bofabconveyor.se\/service-och-support\/#breadcrumb\"},\"inLanguage\":\"en-GB\",\"potentialAction\":[{\"@type\":\"ReadAction\",\"target\":[\"https:\/\/bofabconveyor.se\/service-och-support\/\"]}]},{\"@type\":\"BreadcrumbList\",\"@id\":\"https:\/\/bofabconveyor.se\/service-och-support\/#breadcrumb\",\"itemListElement\":[{\"@type\":\"ListItem\",\"position\":1,\"name\":\"Hem\",\"item\":\"https:\/\/bofabconveyor.se\/\"},{\"@type\":\"ListItem\",\"position\":2,\"name\":\"Service och support\"}]},{\"@type\":\"WebSite\",\"@id\":\"https:\/\/bofabconveyor.se\/#website\",\"url\":\"https:\/\/bofabconveyor.se\/\",\"name\":\"Bofab transport\u00f6rsystem\",\"description\":\"Tillverkare av transport\u00f6rer i \u00f6ver 50 \u00e5r\",\"potentialAction\":[{\"@type\":\"SearchAction\",\"target\":{\"@type\":\"EntryPoint\",\"urlTemplate\":\"https:\/\/bofabconveyor.se\/?s={search_term_string}\"},\"query-input\":{\"@type\":\"PropertyValueSpecification\",\"valueRequired\":true,\"valueName\":\"search_term_string\"}}],\"inLanguage\":\"en-GB\"}]}<\/script>\n<!-- \/ Yoast SEO plugin. -->","yoast_head_json":{"title":"Service och support - Bofab transport\u00f6rsystem","description":"Vi erbjuder b\u00e5de service och support. V\u00e5r servicepersonal finns p\u00e5 plats och kan oftast hj\u00e4lpa dig inom ett par timmar.","robots":{"index":"index","follow":"follow","max-snippet":"max-snippet:-1","max-image-preview":"max-image-preview:large","max-video-preview":"max-video-preview:-1"},"canonical":"https:\/\/bofabconveyor.se\/en\/service-och-support\/","og_locale":"en_GB","og_type":"article","og_title":"Service och support - Bofab transport\u00f6rsystem","og_description":"Vi erbjuder b\u00e5de service och support. V\u00e5r servicepersonal finns p\u00e5 plats och kan oftast hj\u00e4lpa dig inom ett par timmar.","og_url":"https:\/\/bofabconveyor.se\/en\/service-och-support\/","og_site_name":"Bofab transport\u00f6rsystem","article_publisher":"https:\/\/www.facebook.com\/bofabconveyor\/","article_modified_time":"2024-11-13T12:10:18+00:00","twitter_card":"summary_large_image","twitter_misc":{"Estimated reading time":"1 minute"},"schema":{"@context":"https:\/\/schema.org","@graph":[{"@type":"WebPage","@id":"https:\/\/bofabconveyor.se\/service-och-support\/","url":"https:\/\/bofabconveyor.se\/service-och-support\/","name":"Service och support - Bofab transport\u00f6rsystem","isPartOf":{"@id":"https:\/\/bofabconveyor.se\/#website"},"datePublished":"2024-05-29T05:38:08+00:00","dateModified":"2024-11-13T12:10:18+00:00","description":"Vi erbjuder b\u00e5de service och support. V\u00e5r servicepersonal finns p\u00e5 plats och kan oftast hj\u00e4lpa dig inom ett par timmar.","breadcrumb":{"@id":"https:\/\/bofabconveyor.se\/service-och-support\/#breadcrumb"},"inLanguage":"en-GB","potentialAction":[{"@type":"ReadAction","target":["https:\/\/bofabconveyor.se\/service-och-support\/"]}]},{"@type":"BreadcrumbList","@id":"https:\/\/bofabconveyor.se\/service-och-support\/#breadcrumb","itemListElement":[{"@type":"ListItem","position":1,"name":"Hem","item":"https:\/\/bofabconveyor.se\/"},{"@type":"ListItem","position":2,"name":"Service och support"}]},{"@type":"WebSite","@id":"https:\/\/bofabconveyor.se\/#website","url":"https:\/\/bofabconveyor.se\/","name":"Bofab Conveyor","description":"Tillverkare av transport\u00f6rer i \u00f6ver 50 \u00e5r","potentialAction":[{"@type":"SearchAction","target":{"@type":"EntryPoint","urlTemplate":"https:\/\/bofabconveyor.se\/?s={search_term_string}"},"query-input":{"@type":"PropertyValueSpecification","valueRequired":true,"valueName":"search_term_string"}}],"inLanguage":"en-GB"}]}},"_links":{"self":[{"href":"https:\/\/bofabconveyor.se\/en\/wp-json\/wp\/v2\/pages\/291","targetHints":{"allow":["GET"]}}],"collection":[{"href":"https:\/\/bofabconveyor.se\/en\/wp-json\/wp\/v2\/pages"}],"about":[{"href":"https:\/\/bofabconveyor.se\/en\/wp-json\/wp\/v2\/types\/page"}],"author":[{"embeddable":true,"href":"https:\/\/bofabconveyor.se\/en\/wp-json\/wp\/v2\/users\/1"}],"replies":[{"embeddable":true,"href":"https:\/\/bofabconveyor.se\/en\/wp-json\/wp\/v2\/comments?post=291"}],"version-history":[{"count":15,"href":"https:\/\/bofabconveyor.se\/en\/wp-json\/wp\/v2\/pages\/291\/revisions"}],"predecessor-version":[{"id":840,"href":"https:\/\/bofabconveyor.se\/en\/wp-json\/wp\/v2\/pages\/291\/revisions\/840"}],"wp:attachment":[{"href":"https:\/\/bofabconveyor.se\/en\/wp-json\/wp\/v2\/media?parent=291"}],"curies":[{"name":"wp","href":"https:\/\/api.w.org\/{rel}","templated":true}]}}