{"id":285,"date":"2024-05-29T05:22:17","date_gmt":"2024-05-29T05:22:17","guid":{"rendered":"https:\/\/bofabconveyor.se\/\/?page_id=285"},"modified":"2025-06-27T14:48:56","modified_gmt":"2025-06-27T13:48:56","slug":"kvalite-och-miljopolicy","status":"publish","type":"page","link":"https:\/\/bofabconveyor.se\/en\/kvalite-och-miljopolicy\/","title":{"rendered":"Quality and environmental policy"},"content":{"rendered":"<div class=\"wpb-content-wrapper\"><div data-parent=\"true\" class=\"vc_row row-container\" id=\"row-unique-0\"><div class=\"row unequal col-no-gutter no-top-padding double-bottom-padding no-h-padding full-width row-parent\"><div class=\"wpb_row row-inner\"><div class=\"wpb_column pos-top pos-center align_left column_parent col-lg-6 single-internal-gutter\"><div class=\"uncol style-light\"  ><div class=\"uncoltable\"><div class=\"uncell quad-block-padding\" ><div class=\"column-background background-element\">\n\t\t\t\t\t\t\t\t\t\t\t<div class=\"background-wrapper\">\n\t\t\t\t\t\t\t\t\t\t\t\t<div class=\"background-inner\" style=\"background-image: url(https:\/\/bofabconveyor.se\/wp-content\/uploads\/2024\/08\/Bakgrund_svart.png);background-repeat: no-repeat;background-position: center center;background-size: cover;\" data-o_src=\"https:\/\/bofabconveyor.se\/wp-content\/uploads\/2024\/08\/Bakgrund_svart.png\"><\/div>\n\t\t\t\t\t\t\t\t\t\t\t\t<div class=\"block-bg-overlay style-color-xsdn-bg\" style=\"opacity: 0.96;\"><\/div>\n\t\t\t\t\t\t\t\t\t\t\t<\/div>\n\t\t\t\t\t\t\t\t\t\t<\/div><div class=\"uncont\" ><div class=\"vc_custom_heading_wrap\"><div class=\"heading-text el-text\" ><h1 class=\"h6 text-accent-color text-uppercase\" ><span>Quality and environmental policy<\/span><\/h1><\/div><div class=\"clear\"><\/div><\/div><div class=\"vc_custom_heading_wrap\"><div class=\"heading-text el-text\" ><h2 class=\"h3 text-uppercase\" ><span>Kvalit\u00e9 och milj\u00f6policy &#8211; en viktig del av Bofabs arbete<\/span><\/h2><\/div><div class=\"clear\"><\/div><\/div><div class=\"uncode_text_column vc_custom_1731399500517 text-color-prif-color\"  style=\"margin-top: 15px ;\"><p>At Bofab, we continuously work with our <strong>Quality and environmental policy<\/strong>\u00a0Our goal is to deliver products of the highest quality and with high delivery reliability. By offering reliable solutions, fast service and delivering products that meet both functional and durable requirements.<\/p>\n<p>Responsible environmental work is a matter of course for us, and we work actively to reduce our impact as far as it is technically and economically possible. Sustainability permeates all parts of our business, from material selection to production and delivery, and we make sure to always comply with applicable environmental laws and requirements.<\/p>\n<p>We also make sure to involve our employees in our work with quality and the environment. By creating a strong culture of sustainability and continuous improvement, we contribute not only to our customers' success, but also to a more sustainable future. An important part of our work is to build <strong>long term<\/strong> relationships with our customers.<\/p>\n<p>Through our long-term commitment to quality and the environment, we create value both for our customers and for a sustainable world.<\/p>\n<p>Read more about us and our team <a href=\"https:\/\/bofabconveyor.se\/en\/vi-ar-bofab\/\">here<\/a>.<\/p>\n<\/div><\/div><\/div><\/div><\/div><\/div><div class=\"wpb_column pos-top pos-center align_left column_parent col-lg-6 single-internal-gutter\"><div class=\"uncol style-light\"  ><div class=\"uncoltable\"><div class=\"uncell single-block-padding\" ><div class=\"column-background background-element\">\n\t\t\t\t\t\t\t\t\t\t\t<div class=\"background-wrapper\">\n\t\t\t\t\t\t\t\t\t\t\t\t<div class=\"background-inner\" style=\"background-image: url(https:\/\/bofabconveyor.se\/wp-content\/uploads\/2024\/08\/R6II0995.webp);background-repeat: no-repeat;background-position: center center;background-size: cover;\" data-o_src=\"https:\/\/bofabconveyor.se\/wp-content\/uploads\/2024\/08\/R6II0995.webp\"><\/div>\n\t\t\t\t\t\t\t\t\t\t\t\t\n\t\t\t\t\t\t\t\t\t\t\t<\/div>\n\t\t\t\t\t\t\t\t\t\t<\/div><div class=\"uncont\" ><div class=\"empty-space empty-quad\" ><span class=\"empty-space-inner\"><\/span><\/div>\n<div class=\"empty-space empty-quad\" ><span class=\"empty-space-inner\"><\/span><\/div>\n<\/div><\/div><\/div><\/div><\/div><script id=\"script-row-unique-0\" data-row=\"script-row-unique-0\" type=\"text\/javascript\" class=\"vc_controls\">UNCODE.initRow(document.getElementById(\"row-unique-0\"));<\/script><\/div><\/div><\/div>\n<\/div>","protected":false},"excerpt":{"rendered":"Kvalit\u00e9- och milj\u00f6policyKvalit\u00e9 och milj\u00f6policy - en viktig del av Bofabs arbeteP\u00e5 Bofab arbetar vi kontinuerligt med v\u00e5r Kvalit\u00e9- och [...]","protected":false},"author":1,"featured_media":0,"parent":0,"menu_order":0,"comment_status":"closed","ping_status":"closed","template":"","meta":{"footnotes":""},"class_list":["post-285","page","type-page","status-publish","hentry"],"yoast_head":"<!-- This site is optimized with the Yoast SEO plugin v27.2 - https:\/\/yoast.com\/product\/yoast-seo-wordpress\/ -->\n<title>Kvalit\u00e9- och milj\u00f6policy - Bofab transport\u00f6rsystem<\/title>\n<meta name=\"description\" content=\"Kvalit\u00e9- och milj\u00f6policy \u00e4r en viktig del av v\u00e5rat arbete p\u00e5 Bofab. L\u00e4s mer om hur vi arbetar idag och f\u00f6r framtiden.\" \/>\n<meta name=\"robots\" content=\"index, follow, max-snippet:-1, max-image-preview:large, max-video-preview:-1\" \/>\n<link rel=\"canonical\" href=\"https:\/\/bofabconveyor.se\/en\/kvalite-och-miljopolicy\/\" \/>\n<meta property=\"og:locale\" content=\"en_GB\" \/>\n<meta property=\"og:type\" content=\"article\" \/>\n<meta property=\"og:title\" content=\"Kvalit\u00e9- och milj\u00f6policy - Bofab transport\u00f6rsystem\" \/>\n<meta property=\"og:description\" content=\"Kvalit\u00e9- och milj\u00f6policy \u00e4r en viktig del av v\u00e5rat arbete p\u00e5 Bofab. L\u00e4s mer om hur vi arbetar idag och f\u00f6r framtiden.\" \/>\n<meta property=\"og:url\" content=\"https:\/\/bofabconveyor.se\/en\/kvalite-och-miljopolicy\/\" \/>\n<meta property=\"og:site_name\" content=\"Bofab transport\u00f6rsystem\" \/>\n<meta property=\"article:publisher\" content=\"https:\/\/www.facebook.com\/bofabconveyor\/\" \/>\n<meta property=\"article:modified_time\" content=\"2025-06-27T13:48:56+00:00\" \/>\n<meta name=\"twitter:card\" content=\"summary_large_image\" \/>\n<meta name=\"twitter:label1\" content=\"Estimated reading time\" \/>\n\t<meta name=\"twitter:data1\" content=\"2 minutes\" \/>\n<script type=\"application\/ld+json\" class=\"yoast-schema-graph\">{\"@context\":\"https:\/\/schema.org\",\"@graph\":[{\"@type\":\"WebPage\",\"@id\":\"https:\/\/bofabconveyor.se\/kvalite-och-miljopolicy\/\",\"url\":\"https:\/\/bofabconveyor.se\/kvalite-och-miljopolicy\/\",\"name\":\"Kvalit\u00e9- och milj\u00f6policy - Bofab transport\u00f6rsystem\",\"isPartOf\":{\"@id\":\"https:\/\/bofabconveyor.se\/#website\"},\"datePublished\":\"2024-05-29T05:22:17+00:00\",\"dateModified\":\"2025-06-27T13:48:56+00:00\",\"description\":\"Kvalit\u00e9- och milj\u00f6policy \u00e4r en viktig del av v\u00e5rat arbete p\u00e5 Bofab. L\u00e4s mer om hur vi arbetar idag och f\u00f6r framtiden.\",\"breadcrumb\":{\"@id\":\"https:\/\/bofabconveyor.se\/kvalite-och-miljopolicy\/#breadcrumb\"},\"inLanguage\":\"en-GB\",\"potentialAction\":[{\"@type\":\"ReadAction\",\"target\":[\"https:\/\/bofabconveyor.se\/kvalite-och-miljopolicy\/\"]}]},{\"@type\":\"BreadcrumbList\",\"@id\":\"https:\/\/bofabconveyor.se\/kvalite-och-miljopolicy\/#breadcrumb\",\"itemListElement\":[{\"@type\":\"ListItem\",\"position\":1,\"name\":\"Hem\",\"item\":\"https:\/\/bofabconveyor.se\/\"},{\"@type\":\"ListItem\",\"position\":2,\"name\":\"Kvalit\u00e9- och milj\u00f6policy\"}]},{\"@type\":\"WebSite\",\"@id\":\"https:\/\/bofabconveyor.se\/#website\",\"url\":\"https:\/\/bofabconveyor.se\/\",\"name\":\"Bofab transport\u00f6rsystem\",\"description\":\"Tillverkare av transport\u00f6rer i \u00f6ver 50 \u00e5r\",\"potentialAction\":[{\"@type\":\"SearchAction\",\"target\":{\"@type\":\"EntryPoint\",\"urlTemplate\":\"https:\/\/bofabconveyor.se\/?s={search_term_string}\"},\"query-input\":{\"@type\":\"PropertyValueSpecification\",\"valueRequired\":true,\"valueName\":\"search_term_string\"}}],\"inLanguage\":\"en-GB\"}]}<\/script>\n<!-- \/ Yoast SEO plugin. -->","yoast_head_json":{"title":"Kvalit\u00e9- och milj\u00f6policy - Bofab transport\u00f6rsystem","description":"Kvalit\u00e9- och milj\u00f6policy \u00e4r en viktig del av v\u00e5rat arbete p\u00e5 Bofab. L\u00e4s mer om hur vi arbetar idag och f\u00f6r framtiden.","robots":{"index":"index","follow":"follow","max-snippet":"max-snippet:-1","max-image-preview":"max-image-preview:large","max-video-preview":"max-video-preview:-1"},"canonical":"https:\/\/bofabconveyor.se\/en\/kvalite-och-miljopolicy\/","og_locale":"en_GB","og_type":"article","og_title":"Kvalit\u00e9- och milj\u00f6policy - Bofab transport\u00f6rsystem","og_description":"Kvalit\u00e9- och milj\u00f6policy \u00e4r en viktig del av v\u00e5rat arbete p\u00e5 Bofab. L\u00e4s mer om hur vi arbetar idag och f\u00f6r framtiden.","og_url":"https:\/\/bofabconveyor.se\/en\/kvalite-och-miljopolicy\/","og_site_name":"Bofab transport\u00f6rsystem","article_publisher":"https:\/\/www.facebook.com\/bofabconveyor\/","article_modified_time":"2025-06-27T13:48:56+00:00","twitter_card":"summary_large_image","twitter_misc":{"Estimated reading time":"2 minutes"},"schema":{"@context":"https:\/\/schema.org","@graph":[{"@type":"WebPage","@id":"https:\/\/bofabconveyor.se\/kvalite-och-miljopolicy\/","url":"https:\/\/bofabconveyor.se\/kvalite-och-miljopolicy\/","name":"Kvalit\u00e9- och milj\u00f6policy - Bofab transport\u00f6rsystem","isPartOf":{"@id":"https:\/\/bofabconveyor.se\/#website"},"datePublished":"2024-05-29T05:22:17+00:00","dateModified":"2025-06-27T13:48:56+00:00","description":"Kvalit\u00e9- och milj\u00f6policy \u00e4r en viktig del av v\u00e5rat arbete p\u00e5 Bofab. L\u00e4s mer om hur vi arbetar idag och f\u00f6r framtiden.","breadcrumb":{"@id":"https:\/\/bofabconveyor.se\/kvalite-och-miljopolicy\/#breadcrumb"},"inLanguage":"en-GB","potentialAction":[{"@type":"ReadAction","target":["https:\/\/bofabconveyor.se\/kvalite-och-miljopolicy\/"]}]},{"@type":"BreadcrumbList","@id":"https:\/\/bofabconveyor.se\/kvalite-och-miljopolicy\/#breadcrumb","itemListElement":[{"@type":"ListItem","position":1,"name":"Hem","item":"https:\/\/bofabconveyor.se\/"},{"@type":"ListItem","position":2,"name":"Kvalit\u00e9- och milj\u00f6policy"}]},{"@type":"WebSite","@id":"https:\/\/bofabconveyor.se\/#website","url":"https:\/\/bofabconveyor.se\/","name":"Bofab Conveyor","description":"Tillverkare av transport\u00f6rer i \u00f6ver 50 \u00e5r","potentialAction":[{"@type":"SearchAction","target":{"@type":"EntryPoint","urlTemplate":"https:\/\/bofabconveyor.se\/?s={search_term_string}"},"query-input":{"@type":"PropertyValueSpecification","valueRequired":true,"valueName":"search_term_string"}}],"inLanguage":"en-GB"}]}},"_links":{"self":[{"href":"https:\/\/bofabconveyor.se\/en\/wp-json\/wp\/v2\/pages\/285","targetHints":{"allow":["GET"]}}],"collection":[{"href":"https:\/\/bofabconveyor.se\/en\/wp-json\/wp\/v2\/pages"}],"about":[{"href":"https:\/\/bofabconveyor.se\/en\/wp-json\/wp\/v2\/types\/page"}],"author":[{"embeddable":true,"href":"https:\/\/bofabconveyor.se\/en\/wp-json\/wp\/v2\/users\/1"}],"replies":[{"embeddable":true,"href":"https:\/\/bofabconveyor.se\/en\/wp-json\/wp\/v2\/comments?post=285"}],"version-history":[{"count":16,"href":"https:\/\/bofabconveyor.se\/en\/wp-json\/wp\/v2\/pages\/285\/revisions"}],"predecessor-version":[{"id":922,"href":"https:\/\/bofabconveyor.se\/en\/wp-json\/wp\/v2\/pages\/285\/revisions\/922"}],"wp:attachment":[{"href":"https:\/\/bofabconveyor.se\/en\/wp-json\/wp\/v2\/media?parent=285"}],"curies":[{"name":"wp","href":"https:\/\/api.w.org\/{rel}","templated":true}]}}