{"id":26,"date":"2024-05-21T10:21:18","date_gmt":"2024-05-21T10:21:18","guid":{"rendered":"https:\/\/bofabconveyor.se\/\/?page_id=26"},"modified":"2026-01-07T15:27:42","modified_gmt":"2026-01-07T14:27:42","slug":"startsida","status":"publish","type":"page","link":"https:\/\/bofabconveyor.se\/en\/","title":{"rendered":"Startsida"},"content":{"rendered":"<div class=\"wpb-content-wrapper\"><div data-parent=\"true\" class=\"vc_row row-container\" id=\"row-unique-0\"><div class=\"uncode-multi-bgs\" data-transition-time=\"250\" data-carousel-time=\"5000\" data-transition-threshold=\"0\"><div class=\"row-background background-element multi-background\">\n\t\t\t\t\t\t\t\t\t\t\t<div class=\"background-wrapper\">\n\t\t\t\t\t\t\t\t\t\t\t\t<div class=\"background-inner\" style=\"background-image: url(https:\/\/bofabconveyor.se\/wp-content\/uploads\/2024\/06\/DSC_8853.jpg);background-repeat: no-repeat;background-position: center center;background-attachment: scroll;background-size: cover;\"><\/div>\n\t\t\t\t\t\t\t\t\t\t\t\t<div class=\"block-bg-overlay style-color-jevc-bg\" style=\"opacity: 0.39;\"><\/div>\n\t\t\t\t\t\t\t\t\t\t\t<\/div>\n\t\t\t\t\t\t\t\t\t\t<\/div><div class=\"row-background background-element multi-background\">\n\t\t\t\t\t\t\t\t\t\t\t<div class=\"background-wrapper\">\n\t\t\t\t\t\t\t\t\t\t\t\t<div class=\"background-inner\" style=\"background-image: url(https:\/\/bofabconveyor.se\/wp-content\/uploads\/2024\/05\/image-24.jpeg);background-repeat: no-repeat;background-position: center center;background-attachment: scroll;background-size: cover;\"><\/div>\n\t\t\t\t\t\t\t\t\t\t\t\t<div class=\"block-bg-overlay style-color-jevc-bg\" style=\"opacity: 0.39;\"><\/div>\n\t\t\t\t\t\t\t\t\t\t\t<\/div>\n\t\t\t\t\t\t\t\t\t\t<\/div><div class=\"row-background background-element multi-background\">\n\t\t\t\t\t\t\t\t\t\t\t<div class=\"background-wrapper\">\n\t\t\t\t\t\t\t\t\t\t\t\t<div class=\"background-inner\" style=\"background-image: url(https:\/\/bofabconveyor.se\/wp-content\/uploads\/2024\/05\/image-27.jpeg);background-repeat: no-repeat;background-position: center center;background-attachment: scroll;background-size: cover;\"><\/div>\n\t\t\t\t\t\t\t\t\t\t\t\t<div class=\"block-bg-overlay style-color-jevc-bg\" style=\"opacity: 0.39;\"><\/div>\n\t\t\t\t\t\t\t\t\t\t\t<\/div>\n\t\t\t\t\t\t\t\t\t\t<\/div><div class=\"row-background background-element multi-background\">\n\t\t\t\t\t\t\t\t\t\t\t<div class=\"background-wrapper\">\n\t\t\t\t\t\t\t\t\t\t\t\t<div class=\"background-inner\" style=\"background-image: url(https:\/\/bofabconveyor.se\/wp-content\/uploads\/2024\/05\/image-36.jpeg);background-repeat: no-repeat;background-position: center center;background-attachment: scroll;background-size: cover;\"><\/div>\n\t\t\t\t\t\t\t\t\t\t\t\t<div class=\"block-bg-overlay style-color-jevc-bg\" style=\"opacity: 0.39;\"><\/div>\n\t\t\t\t\t\t\t\t\t\t\t<\/div>\n\t\t\t\t\t\t\t\t\t\t<\/div><\/div><div class=\"row unequal quad-top-padding quad-bottom-padding single-h-padding limit-width row-parent\" data-height-ratio=\"80\"><div class=\"wpb_row row-inner\"><div class=\"wpb_column pos-bottom pos-center align_left column_parent col-lg-12 single-internal-gutter\"><div class=\"uncol style-dark\"  ><div class=\"uncoltable\"><div class=\"uncell no-block-padding\" ><div class=\"uncont\" ><div class=\"vc_row row-internal row-container\"><div class=\"row row-child\"><div class=\"wpb_row row-inner\"><div class=\"wpb_column pos-top pos-center align_left column_child col-lg-9 single-internal-gutter\"><div class=\"uncol style-dark animate_when_almost_visible alpha-anim\" data-delay=\"200\"><div class=\"uncoltable\"><div class=\"uncell no-block-padding\" ><div class=\"uncont\" ><div class=\"vc_custom_heading_wrap\"><div class=\"heading-text el-text\" ><h1 class=\"h1 text-uppercase\" ><span>Manufacturer of roller conveyors and conveyor systems<\/span><\/h1><\/div><div class=\"clear\"><\/div><\/div><\/div><\/div><\/div><\/div><\/div><div class=\"wpb_column pos-top pos-center align_left column_child col-lg-3 single-internal-gutter\"><div class=\"uncol style-light\" ><div class=\"uncoltable\"><div class=\"uncell no-block-padding\" ><div class=\"uncont\" ><\/div><\/div><\/div><\/div><\/div><\/div><\/div><\/div><\/div><\/div><\/div><\/div><\/div><script id=\"script-row-unique-0\" data-row=\"script-row-unique-0\" type=\"text\/javascript\" class=\"vc_controls\">UNCODE.initRow(document.getElementById(\"row-unique-0\"));<\/script><\/div><\/div><\/div><div data-parent=\"true\" class=\"vc_row inverted-device-order row-container has-dividers\" id=\"row-unique-1\"><div class=\"row-background background-element\" style=\"opacity: 1;\">\n\t\t\t\t\t\t\t\t\t\t\t<div class=\"background-wrapper\">\n\t\t\t\t\t\t\t\t\t\t\t\t<div class=\"background-inner\"><\/div>\n\t\t\t\t\t\t\t\t\t\t\t\t<div class=\"block-bg-overlay style-color-475720-bg\" style=\"opacity: 0.06;\"><\/div>\n\t\t\t\t\t\t\t\t\t\t\t<\/div>\n\t\t\t\t\t\t\t\t\t\t<\/div><div class=\"uncode-divider-wrap uncode-divider-wrap-bottom z_index_0\" style=\"height: 150px;\" data-height=\"150\" data-unit=\"px\"><svg version=\"1.1\" class=\"uncode-row-divider uncode-row-divider-tilt\" x=\"0px\" y=\"0px\" width=\"240px\" height=\"24px\" viewbox=\"0 0 240 24\" enable-background=\"new 0 0 240 24\" xml:space=\"preserve\" preserveaspectratio=\"none\">\n\t\t<path fill=\"#ffffff\" d=\"M240,24V0L0,24H240z\"\/>\n\t\t<\/svg><\/div><div class=\"row col-double-gutter triple-top-padding exa-bottom-padding penta-h-padding limit-width row-parent\"><div class=\"wpb_row row-inner\"><div class=\"wpb_column pos-top pos-center align_left column_parent col-lg-12 inverted-device-order col-md-50 single-internal-gutter\"><div class=\"uncol style-light\"  ><div class=\"uncoltable\"><div class=\"uncell no-block-padding\" ><div class=\"uncont\" ><div class=\"vc_custom_heading_wrap\"><div class=\"heading-text el-text\" ><h2 class=\"h2 text-color-jevc-color text-uppercase\" ><span>Manufacturer of efficient conveyors for small and large spaces<\/span><\/h2><\/div><div class=\"clear\"><\/div><\/div><div class=\"uncode_text_column vc_custom_1731394675344\"  style=\"margin-top: 15px ;\"><\/p>\n<div class=\"group\/conversation-turn relative flex w-full min-w-0 flex-col agent-turn\">\n<div class=\"flex-col gap-1 md:gap-3\">\n<div class=\"flex max-w-full flex-col flex-grow\">\n<div class=\"min-h-8 text-message flex w-full flex-col items-end gap-2 whitespace-normal break-words &#091;.text-message+&amp;&#093;:mt-5\" dir=\"auto\" data-message-author-role=\"assistant\" data-message-id=\"6a89bf50-eba9-4faf-bceb-ff348b8d90e7\" data-message-model-slug=\"gpt-4o-mini\">\n<div class=\"flex w-full flex-col gap-1 empty:hidden first:pt-&#091;3px&#093;\">\n<div class=\"markdown prose w-full break-words dark:prose-invert light\">\n<h5>Do you need to streamline your production flow?<\/h5>\n<p>At Bofab, you get personal service and high-quality solutions for carriers, from quote and design to finished product and installation. With over 50 years of experience and more than 10,000 built conveyors, we deliver reliable, reliable and affordable products that we adapt to your specific needs.<\/p>\n<p>We manufacture a wide range of conveyor systems, from belt conveyors and chain conveyors to roller conveyors and spiral conveyors. We make our solutions versatile and tailor them for different industries, as well as for both dry and humid environments.<\/p>\n<p>With us at Bofab, you can trust that we have the expertise to deliver the best solution for your particular production.<\/p>\n<\/div>\n<\/div>\n<\/div>\n<\/div>\n<\/div>\n<\/div>\n<p>\n<\/div><span class=\"btn-container\" ><a href=\"https:\/\/bofabconveyor.se\/en\/vi-ar-bofab\/\" class=\"custom-link btn btn-link border-width-0 text-accent-color btn-icon-right\" title=\"We are Bofab\">Read more about us here<i class=\"fa fa-angle-right\"><\/i><\/a><\/span><\/div><\/div><\/div><\/div><\/div><script id=\"script-row-unique-1\" data-row=\"script-row-unique-1\" type=\"text\/javascript\" class=\"vc_controls\">UNCODE.initRow(document.getElementById(\"row-unique-1\"));<\/script><\/div><\/div><\/div><div data-parent=\"true\" class=\"vc_row row-container\" id=\"row-unique-2\"><div class=\"row-background background-element\">\n\t\t\t\t\t\t\t\t\t\t\t<div class=\"background-wrapper\">\n\t\t\t\t\t\t\t\t\t\t\t\t<div class=\"background-inner\" style=\"background-image: url(https:\/\/bofabconveyor.se\/wp-content\/uploads\/2024\/08\/Bakgrund_svart.png);background-repeat: no-repeat;background-position: center center;background-attachment: scroll;background-size: cover;\"><\/div>\n\t\t\t\t\t\t\t\t\t\t\t\t<div class=\"block-bg-overlay style-color-xsdn-bg\" style=\"opacity: 0.93;\"><\/div>\n\t\t\t\t\t\t\t\t\t\t\t<\/div>\n\t\t\t\t\t\t\t\t\t\t<\/div><div class=\"row triple-top-padding double-bottom-padding single-h-padding limit-width row-parent\"><div class=\"wpb_row row-inner\"><div class=\"wpb_column pos-top pos-center align_left column_parent col-lg-12 single-internal-gutter\"><div class=\"uncol style-light\"  ><div class=\"uncoltable\"><div class=\"uncell no-block-padding\" ><div class=\"uncont\" ><div class=\"vc_custom_heading_wrap\"><div class=\"heading-text el-text\" ><\/p>\n<h5>Conveyors<\/h5>\n<p>\n<\/div><div class=\"clear\"><\/div><\/div><div class=\"vc_custom_heading_wrap\"><div class=\"heading-text el-text\" ><h4 class=\"h1 text-uppercase\" ><span>We transport today\u2019s companies into the future<\/span><\/h4><\/div><div class=\"clear\"><\/div><\/div><div class=\"uncode_text_column vc_custom_1767796060681 text-color-prif-color\"  style=\"margin-top: 15px ;\"><p>At Bofab, we have more than 55 years of experience in developing conveyors. Over the years, we have built tens of thousands of conveyors for companies in all kind of industries, all over the world.<\/p>\n<p>We build all our conveyors under our own roof, from the first drawing to the finished product. This allows us to guarantee the highest quality, functionality and durability in every solution. Because we focus on operational reliability and long-term durability, you can be sure that we will not only make your conveyor fit perfectly into your production line, but also that we will build it to last for the future.<\/p>\n<p>With us, you get a solution that is both qualitative and tailored to optimize your production.<\/p>\n<\/div><div class=\"empty-space empty-single\" ><span class=\"empty-space-inner\"><\/span><\/div>\n<div class=\"vc_row row-internal row-container\"><div class=\"row unequal row-child\"><div class=\"wpb_row row-inner\"><div class=\"wpb_column pos-top pos-center align_left column_child col-lg-3 single-internal-gutter\"><div class=\"uncol style-light\" ><div class=\"uncoltable\"><div class=\"uncell no-block-padding\" ><div class=\"uncont\" ><div class=\"uncode-single-media  text-left\"><div class=\"single-wrapper\" style=\"max-width: 100%;\"><div class=\"tmb tmb-light  tmb-img-ratio tmb-media-first tmb-media-last tmb-content-overlay tmb-no-bg\"><div class=\"t-inside\"><div class=\"t-entry-visual\"><div class=\"t-entry-visual-tc\"><div class=\"uncode-single-media-wrapper\"><div class=\"dummy\" style=\"padding-top: 66.7%;\"><\/div><img decoding=\"async\" class=\"wp-image-130\" src=\"https:\/\/bofabconveyor.se\/wp-content\/uploads\/2024\/05\/image-20-uai-1020x680.jpeg\" width=\"1020\" height=\"680\" alt=\"\" srcset=\"https:\/\/bofabconveyor.se\/wp-content\/uploads\/2024\/05\/image-20-uai-1020x680.jpeg 1020w, https:\/\/bofabconveyor.se\/wp-content\/uploads\/2024\/05\/image-20-300x199.jpeg 300w, https:\/\/bofabconveyor.se\/wp-content\/uploads\/2024\/05\/image-20-350x232.jpeg 350w, https:\/\/bofabconveyor.se\/wp-content\/uploads\/2024\/05\/image-20-uai-720x480.jpeg 720w\" sizes=\"(max-width: 1020px) 100vw, 1020px\" \/><\/div>\n\t\t\t\t\t<\/div>\n\t\t\t\t<\/div><\/div><\/div><\/div><\/div><div class=\"vc_custom_heading_wrap\"><div class=\"heading-text el-text\" ><h5 class=\"h3 text-uppercase\" ><span>BELT CONVEYORS<\/span><\/h5><\/div><div class=\"clear\"><\/div><\/div><div class=\"uncode_text_column vc_custom_1731395108240 text-color-prif-color\"  style=\"margin-top: 15px ;\"><p><strong>For light \/ medium-heavy goods<\/strong><br \/>\nOur <a href=\"https:\/\/bofabconveyor.se\/en\/bandtransportor\/\">belt conveyors<\/a> are mainly used for transport of light to medium-heavy goods and products. They are manufactured as straight or angled and come in three different designs: aluminum, stainless steel and steel.<\/p>\n<p>See more about how it works <a href=\"https:\/\/www.youtube.com\/watch?v=K79gR3AgSpQ\">here<\/a>.<\/p>\n<\/div><span class=\"btn-container\" ><a href=\"https:\/\/bofabconveyor.se\/en\/bandtransportor\/\" class=\"custom-link btn btn-link border-width-0 text-accent-color btn-icon-right\" title=\"BELT CONVEYORS\">Read more<i class=\"fa fa-angle-right\"><\/i><\/a><\/span><div class=\"empty-space empty-single\" ><span class=\"empty-space-inner\"><\/span><\/div>\n<\/div><\/div><\/div><\/div><\/div><div class=\"wpb_column pos-top pos-center align_left column_child col-lg-3 single-internal-gutter\"><div class=\"uncol style-light\" ><div class=\"uncoltable\"><div class=\"uncell no-block-padding\" ><div class=\"uncont\" ><div class=\"uncode-single-media  text-left\"><div class=\"single-wrapper\" style=\"max-width: 100%;\"><div class=\"tmb tmb-light  tmb-img-ratio tmb-media-first tmb-media-last tmb-content-overlay tmb-no-bg\"><div class=\"t-inside\"><div class=\"t-entry-visual\"><div class=\"t-entry-visual-tc\"><div class=\"uncode-single-media-wrapper\"><div class=\"dummy\" style=\"padding-top: 66.6%;\"><\/div><img decoding=\"async\" class=\"wp-image-151\" src=\"https:\/\/bofabconveyor.se\/wp-content\/uploads\/2024\/05\/image-24-uai-1024x682.jpeg\" width=\"1024\" height=\"682\" alt=\"kedja-transport&ouml;r\" srcset=\"https:\/\/bofabconveyor.se\/wp-content\/uploads\/2024\/05\/image-24-uai-1024x682.jpeg 1024w, https:\/\/bofabconveyor.se\/wp-content\/uploads\/2024\/05\/image-24-uai-720x480.jpeg 720w\" sizes=\"(max-width: 1024px) 100vw, 1024px\" \/><\/div>\n\t\t\t\t\t<\/div>\n\t\t\t\t<\/div><\/div><\/div><\/div><\/div><div class=\"vc_custom_heading_wrap\"><div class=\"heading-text el-text\" ><h5 class=\"h3 text-uppercase\" ><span>Chain Conveyors<\/span><\/h5><\/div><div class=\"clear\"><\/div><\/div><div class=\"uncode_text_column vc_custom_1716880930313 text-color-prif-color\"  style=\"margin-top: 15px ;\"><p><strong>For medium \/ heavy goods.<\/strong><br \/>\nOur <a href=\"https:\/\/bofabconveyor.se\/en\/kedjetransportorer\/\">chain conveyors<\/a> are built for transporting medium or heavy goods. A driven chain conveyor is the solution to your needs if you want to handle pallets and goods directly on to the chains.<\/p>\n<\/div><span class=\"btn-container\" ><a href=\"https:\/\/bofabconveyor.se\/en\/kedjetransportorer\/\" class=\"custom-link btn btn-link border-width-0 text-accent-color btn-icon-right\" title=\"Chain Conveyors\">Read more<i class=\"fa fa-angle-right\"><\/i><\/a><\/span><div class=\"empty-space empty-single\" ><span class=\"empty-space-inner\"><\/span><\/div>\n<\/div><\/div><\/div><\/div><\/div><\/div><\/div><\/div><div class=\"vc_row row-internal row-container\"><div class=\"row unequal row-child\"><div class=\"wpb_row row-inner\"><div class=\"wpb_column pos-top pos-left align_left column_child col-lg-3 single-internal-gutter\"><div class=\"uncol style-light\" ><div class=\"uncoltable\"><div class=\"uncell no-block-padding\" ><div class=\"uncont\" ><div class=\"uncode-single-media  text-left\"><div class=\"single-wrapper\" style=\"max-width: 100%;\"><div class=\"tmb tmb-light  tmb-img-ratio tmb-media-first tmb-media-last tmb-content-overlay tmb-no-bg\"><div class=\"t-inside\"><div class=\"t-entry-visual\"><div class=\"t-entry-visual-tc\"><div class=\"uncode-single-media-wrapper\"><div class=\"dummy\" style=\"padding-top: 66.6%;\"><\/div><img decoding=\"async\" class=\"wp-image-159\" src=\"https:\/\/bofabconveyor.se\/wp-content\/uploads\/2024\/05\/image-27-uai-1024x682.jpeg\" width=\"1024\" height=\"682\" alt=\"rullband-bofab\" srcset=\"https:\/\/bofabconveyor.se\/wp-content\/uploads\/2024\/05\/image-27-uai-1024x682.jpeg 1024w, https:\/\/bofabconveyor.se\/wp-content\/uploads\/2024\/05\/image-27-uai-720x480.jpeg 720w\" sizes=\"(max-width: 1024px) 100vw, 1024px\" \/><\/div>\n\t\t\t\t\t<\/div>\n\t\t\t\t<\/div><\/div><\/div><\/div><\/div><div class=\"vc_custom_heading_wrap\"><div class=\"heading-text el-text\" ><h5 class=\"h3 text-uppercase\" ><span>Roller conveyors<\/span><\/h5><\/div><div class=\"clear\"><\/div><\/div><div class=\"uncode_text_column vc_custom_1731407070804 text-color-prif-color\"  style=\"margin-top: 15px ;\"><p><strong>For medium \/ heavy goods.<br \/>\n<\/strong>Roller conveyors for transport of light, medium-heavy or heavy goods. Suitable for those who need to carry cartons, packages, pallets or products for example directly on the rollers. Available in 2 models: Easy and Heavy<\/p>\n<\/div><span class=\"btn-container\" ><a href=\"https:\/\/bofabconveyor.se\/en\/rullbanor\/\" class=\"custom-link btn btn-link border-width-0 text-accent-color btn-icon-right\" title=\"Roller conveyors\">Read more<i class=\"fa fa-angle-right\"><\/i><\/a><\/span><div class=\"empty-space empty-single\" ><span class=\"empty-space-inner\"><\/span><\/div>\n<\/div><\/div><\/div><\/div><\/div><div class=\"wpb_column pos-top pos-center align_left column_child col-lg-3 single-internal-gutter\"><div class=\"uncol style-light\" ><div class=\"uncoltable\"><div class=\"uncell no-block-padding\" ><div class=\"uncont\" ><div class=\"uncode-single-media  text-left\"><div class=\"single-wrapper\" style=\"max-width: 100%;\"><div class=\"tmb tmb-light  tmb-img-ratio tmb-media-first tmb-media-last tmb-content-overlay tmb-no-bg\"><div class=\"t-inside\"><div class=\"t-entry-visual\"><div class=\"t-entry-visual-tc\"><div class=\"uncode-single-media-wrapper\"><div class=\"dummy\" style=\"padding-top: 66.6%;\"><\/div><img decoding=\"async\" class=\"wp-image-174\" src=\"https:\/\/bofabconveyor.se\/wp-content\/uploads\/2024\/05\/image-36-uai-679x452.jpeg\" width=\"679\" height=\"452\" alt=\"spiraltransport&ouml;r\"><\/div>\n\t\t\t\t\t<\/div>\n\t\t\t\t<\/div><\/div><\/div><\/div><\/div><div class=\"vc_custom_heading_wrap\"><div class=\"heading-text el-text\" ><h5 class=\"h3 text-uppercase\" ><span>Spiral Conveyors<\/span><\/h5><\/div><div class=\"clear\"><\/div><\/div><div class=\"uncode_text_column vc_custom_1731407172778 text-color-prif-color\"  style=\"margin-top: 15px ;\"><p><strong>For light and fragile goods<br \/>\n<\/strong>Do you have limited floor space but high ceilings? Our efficient conveyors are suitable for both small and large spaces. A spiral conveyor can be the solution. We build it at height and free up the maximum amount of space in your premises.<\/p>\n<\/div><span class=\"btn-container\" ><a href=\"https:\/\/bofabconveyor.se\/en\/spiraltransportor\/\" class=\"custom-link btn btn-link border-width-0 text-accent-color btn-icon-right\" title=\"Spiral Conveyor\">Read more<i class=\"fa fa-angle-right\"><\/i><\/a><\/span><div class=\"empty-space empty-single\" ><span class=\"empty-space-inner\"><\/span><\/div>\n<\/div><\/div><\/div><\/div><\/div><\/div><\/div><\/div><\/div><\/div><\/div><\/div><\/div><script id=\"script-row-unique-2\" data-row=\"script-row-unique-2\" type=\"text\/javascript\" class=\"vc_controls\">UNCODE.initRow(document.getElementById(\"row-unique-2\"));<\/script><\/div><\/div><\/div>\n<\/div>","protected":false},"excerpt":{"rendered":"Tillverkare av rullbanor och transportsystem Tillverkare av effektiva transport\u00f6rer f\u00f6r sm\u00e5 och stora utrymmen Beh\u00f6ver du effektivisera ditt produktionsfl\u00f6de? P\u00e5 [...]","protected":false},"author":1,"featured_media":0,"parent":0,"menu_order":0,"comment_status":"closed","ping_status":"closed","template":"","meta":{"footnotes":""},"class_list":["post-26","page","type-page","status-publish","hentry"],"yoast_head":"<!-- This site is optimized with the Yoast SEO plugin v27.2 - https:\/\/yoast.com\/product\/yoast-seo-wordpress\/ -->\n<title>Effektiva transport\u00f6rer f\u00f6r sm\u00e5 och stora utrymmen<\/title>\n<meta name=\"description\" content=\"Effektiva transport\u00f6rer som passar b\u00e5de sm\u00e5 och stora utrymmen. Bandtransport\u00f6rer, kedjetransport\u00f6rer, rullbanor och spiraltransport\u00f6rer.\" \/>\n<meta name=\"robots\" content=\"index, follow, max-snippet:-1, max-image-preview:large, max-video-preview:-1\" \/>\n<link rel=\"canonical\" href=\"https:\/\/bofabconveyor.se\/en\/\" \/>\n<meta property=\"og:locale\" content=\"en_GB\" \/>\n<meta property=\"og:type\" content=\"article\" \/>\n<meta property=\"og:title\" content=\"Effektiva transport\u00f6rer f\u00f6r sm\u00e5 och stora utrymmen\" \/>\n<meta property=\"og:description\" content=\"Effektiva transport\u00f6rer som passar b\u00e5de sm\u00e5 och stora utrymmen. Bandtransport\u00f6rer, kedjetransport\u00f6rer, rullbanor och spiraltransport\u00f6rer.\" \/>\n<meta property=\"og:url\" content=\"https:\/\/bofabconveyor.se\/en\/\" \/>\n<meta property=\"og:site_name\" content=\"Bofab transport\u00f6rsystem\" \/>\n<meta property=\"article:publisher\" content=\"https:\/\/www.facebook.com\/bofabconveyor\/\" \/>\n<meta property=\"article:modified_time\" content=\"2026-01-07T14:27:42+00:00\" \/>\n<meta name=\"twitter:card\" content=\"summary_large_image\" \/>\n<meta name=\"twitter:label1\" content=\"Estimated reading time\" \/>\n\t<meta name=\"twitter:data1\" content=\"4 minutes\" \/>\n<script type=\"application\/ld+json\" class=\"yoast-schema-graph\">{\"@context\":\"https:\/\/schema.org\",\"@graph\":[{\"@type\":\"WebPage\",\"@id\":\"https:\/\/bofabconveyor.se\/\",\"url\":\"https:\/\/bofabconveyor.se\/\",\"name\":\"Effektiva transport\u00f6rer f\u00f6r sm\u00e5 och stora utrymmen\",\"isPartOf\":{\"@id\":\"https:\/\/bofabconveyor.se\/#website\"},\"datePublished\":\"2024-05-21T10:21:18+00:00\",\"dateModified\":\"2026-01-07T14:27:42+00:00\",\"description\":\"Effektiva transport\u00f6rer som passar b\u00e5de sm\u00e5 och stora utrymmen. Bandtransport\u00f6rer, kedjetransport\u00f6rer, rullbanor och spiraltransport\u00f6rer.\",\"breadcrumb\":{\"@id\":\"https:\/\/bofabconveyor.se\/#breadcrumb\"},\"inLanguage\":\"en-GB\",\"potentialAction\":[{\"@type\":\"ReadAction\",\"target\":[\"https:\/\/bofabconveyor.se\/\"]}]},{\"@type\":\"BreadcrumbList\",\"@id\":\"https:\/\/bofabconveyor.se\/#breadcrumb\",\"itemListElement\":[{\"@type\":\"ListItem\",\"position\":1,\"name\":\"Hem\",\"item\":\"https:\/\/bofabconveyor.se\/\"},{\"@type\":\"ListItem\",\"position\":2,\"name\":\"Startsida\"}]},{\"@type\":\"WebSite\",\"@id\":\"https:\/\/bofabconveyor.se\/#website\",\"url\":\"https:\/\/bofabconveyor.se\/\",\"name\":\"Bofab transport\u00f6rsystem\",\"description\":\"Tillverkare av transport\u00f6rer i \u00f6ver 50 \u00e5r\",\"potentialAction\":[{\"@type\":\"SearchAction\",\"target\":{\"@type\":\"EntryPoint\",\"urlTemplate\":\"https:\/\/bofabconveyor.se\/?s={search_term_string}\"},\"query-input\":{\"@type\":\"PropertyValueSpecification\",\"valueRequired\":true,\"valueName\":\"search_term_string\"}}],\"inLanguage\":\"en-GB\"}]}<\/script>\n<!-- \/ Yoast SEO plugin. -->","yoast_head_json":{"title":"Effektiva transport\u00f6rer f\u00f6r sm\u00e5 och stora utrymmen","description":"Effektiva transport\u00f6rer som passar b\u00e5de sm\u00e5 och stora utrymmen. Bandtransport\u00f6rer, kedjetransport\u00f6rer, rullbanor och spiraltransport\u00f6rer.","robots":{"index":"index","follow":"follow","max-snippet":"max-snippet:-1","max-image-preview":"max-image-preview:large","max-video-preview":"max-video-preview:-1"},"canonical":"https:\/\/bofabconveyor.se\/en\/","og_locale":"en_GB","og_type":"article","og_title":"Effektiva transport\u00f6rer f\u00f6r sm\u00e5 och stora utrymmen","og_description":"Effektiva transport\u00f6rer som passar b\u00e5de sm\u00e5 och stora utrymmen. Bandtransport\u00f6rer, kedjetransport\u00f6rer, rullbanor och spiraltransport\u00f6rer.","og_url":"https:\/\/bofabconveyor.se\/en\/","og_site_name":"Bofab transport\u00f6rsystem","article_publisher":"https:\/\/www.facebook.com\/bofabconveyor\/","article_modified_time":"2026-01-07T14:27:42+00:00","twitter_card":"summary_large_image","twitter_misc":{"Estimated reading time":"4 minutes"},"schema":{"@context":"https:\/\/schema.org","@graph":[{"@type":"WebPage","@id":"https:\/\/bofabconveyor.se\/","url":"https:\/\/bofabconveyor.se\/","name":"Effektiva transport\u00f6rer f\u00f6r sm\u00e5 och stora utrymmen","isPartOf":{"@id":"https:\/\/bofabconveyor.se\/#website"},"datePublished":"2024-05-21T10:21:18+00:00","dateModified":"2026-01-07T14:27:42+00:00","description":"Effektiva transport\u00f6rer som passar b\u00e5de sm\u00e5 och stora utrymmen. Bandtransport\u00f6rer, kedjetransport\u00f6rer, rullbanor och spiraltransport\u00f6rer.","breadcrumb":{"@id":"https:\/\/bofabconveyor.se\/#breadcrumb"},"inLanguage":"en-GB","potentialAction":[{"@type":"ReadAction","target":["https:\/\/bofabconveyor.se\/"]}]},{"@type":"BreadcrumbList","@id":"https:\/\/bofabconveyor.se\/#breadcrumb","itemListElement":[{"@type":"ListItem","position":1,"name":"Hem","item":"https:\/\/bofabconveyor.se\/"},{"@type":"ListItem","position":2,"name":"Startsida"}]},{"@type":"WebSite","@id":"https:\/\/bofabconveyor.se\/#website","url":"https:\/\/bofabconveyor.se\/","name":"Bofab Conveyor","description":"Tillverkare av transport\u00f6rer i \u00f6ver 50 \u00e5r","potentialAction":[{"@type":"SearchAction","target":{"@type":"EntryPoint","urlTemplate":"https:\/\/bofabconveyor.se\/?s={search_term_string}"},"query-input":{"@type":"PropertyValueSpecification","valueRequired":true,"valueName":"search_term_string"}}],"inLanguage":"en-GB"}]}},"_links":{"self":[{"href":"https:\/\/bofabconveyor.se\/en\/wp-json\/wp\/v2\/pages\/26","targetHints":{"allow":["GET"]}}],"collection":[{"href":"https:\/\/bofabconveyor.se\/en\/wp-json\/wp\/v2\/pages"}],"about":[{"href":"https:\/\/bofabconveyor.se\/en\/wp-json\/wp\/v2\/types\/page"}],"author":[{"embeddable":true,"href":"https:\/\/bofabconveyor.se\/en\/wp-json\/wp\/v2\/users\/1"}],"replies":[{"embeddable":true,"href":"https:\/\/bofabconveyor.se\/en\/wp-json\/wp\/v2\/comments?post=26"}],"version-history":[{"count":105,"href":"https:\/\/bofabconveyor.se\/en\/wp-json\/wp\/v2\/pages\/26\/revisions"}],"predecessor-version":[{"id":1112,"href":"https:\/\/bofabconveyor.se\/en\/wp-json\/wp\/v2\/pages\/26\/revisions\/1112"}],"wp:attachment":[{"href":"https:\/\/bofabconveyor.se\/en\/wp-json\/wp\/v2\/media?parent=26"}],"curies":[{"name":"wp","href":"https:\/\/api.w.org\/{rel}","templated":true}]}}