{"id":252,"date":"2024-05-28T06:34:15","date_gmt":"2024-05-28T06:34:15","guid":{"rendered":"https:\/\/bofabconveyor.se\/\/?page_id=252"},"modified":"2025-02-18T12:07:31","modified_gmt":"2025-02-18T11:07:31","slug":"vi-ar-bofab","status":"publish","type":"page","link":"https:\/\/bofabconveyor.se\/en\/vi-ar-bofab\/","title":{"rendered":"We are Bofab"},"content":{"rendered":"<div class=\"wpb-content-wrapper\"><div data-parent=\"true\" class=\"vc_row row-container\" id=\"row-unique-0\"><div class=\"row unequal col-no-gutter no-top-padding no-bottom-padding no-h-padding full-width row-parent\"><div class=\"wpb_row row-inner\"><div class=\"wpb_column pos-top pos-center align_left column_parent col-lg-6 single-internal-gutter\"><div class=\"uncol style-light\"  ><div class=\"uncoltable\"><div class=\"uncell quad-block-padding\" ><div class=\"column-background background-element\">\n\t\t\t\t\t\t\t\t\t\t\t<div class=\"background-wrapper\">\n\t\t\t\t\t\t\t\t\t\t\t\t<div class=\"background-inner\" style=\"background-image: url(https:\/\/bofabconveyor.se\/wp-content\/uploads\/2024\/08\/Bakgrund_svart.png);background-repeat: no-repeat;background-position: center center;background-size: cover;\" data-o_src=\"https:\/\/bofabconveyor.se\/wp-content\/uploads\/2024\/08\/Bakgrund_svart.png\"><\/div>\n\t\t\t\t\t\t\t\t\t\t\t\t<div class=\"block-bg-overlay style-color-xsdn-bg\" style=\"opacity: 0.96;\"><\/div>\n\t\t\t\t\t\t\t\t\t\t\t<\/div>\n\t\t\t\t\t\t\t\t\t\t<\/div><div class=\"uncont\" ><div class=\"vc_custom_heading_wrap\"><div class=\"heading-text el-text\" ><h1 class=\"h6 text-accent-color text-uppercase\" ><span>Om oss &#8211; Bofab<\/span><\/h1><\/div><div class=\"clear\"><\/div><\/div><div class=\"vc_custom_heading_wrap\"><div class=\"heading-text el-text\" ><h2 class=\"h2 text-uppercase\" ><span>Manufacturer of conveyors for over 50 years<\/span><\/h2><\/div><div class=\"clear\"><\/div><\/div><div class=\"uncode_text_column vc_custom_1716967134003 text-color-prif-color\"  style=\"margin-top: 15px ;\"><p>Do you need to streamline your production flow? We at Bofab build conveyors adapted to your needs. That is why you can count on us all the way from quotation, construction up to the finished product. With over 50 years experience of building conveyors we know what we are doing. As a result we can guarantee high quality and dependable products. And that is an affordable solution. Our products are <a href=\"https:\/\/bofabconveyor.se\/en\/bandtransportor\/\">Belt conveyors<\/a>, <a href=\"https:\/\/bofabconveyor.se\/en\/kedjetransportorer\/\">Chain Conveyors<\/a>, <a href=\"https:\/\/bofabconveyor.se\/en\/rullbanor\/\">Roller conveyors<\/a> and <a href=\"https:\/\/bofabconveyor.se\/en\/spiraltransportor\/\">Spiral Conveyors <\/a><\/p>\n<\/div><div class=\"uncode-single-media  text-left\"><div class=\"single-wrapper\" style=\"max-width: 300px;\"><div class=\"tmb tmb-light  tmb-media-first tmb-media-last tmb-content-overlay tmb-no-bg\"><div class=\"t-inside\"><div class=\"t-entry-visual\"><div class=\"t-entry-visual-tc\"><div class=\"uncode-single-media-wrapper\"><img decoding=\"async\" class=\"wp-image-28\" src=\"https:\/\/bofabconveyor.se\/wp-content\/uploads\/2024\/05\/image-e1716986875684.png\" width=\"504\" height=\"148\" alt=\"\" srcset=\"https:\/\/bofabconveyor.se\/wp-content\/uploads\/2024\/05\/image-e1716986875684.png 504w, https:\/\/bofabconveyor.se\/wp-content\/uploads\/2024\/05\/image-e1716986875684-300x88.png 300w, https:\/\/bofabconveyor.se\/wp-content\/uploads\/2024\/05\/image-e1716986875684-350x103.png 350w, https:\/\/bofabconveyor.se\/wp-content\/uploads\/2024\/05\/image-e1716986875684-18x5.png 18w\" sizes=\"(max-width: 504px) 100vw, 504px\" \/><\/div>\n\t\t\t\t\t<\/div>\n\t\t\t\t<\/div><\/div><\/div><\/div><\/div><\/div><\/div><\/div><\/div><\/div><div class=\"wpb_column pos-top pos-center align_left column_parent col-lg-6 single-internal-gutter\"><div class=\"uncol style-light\"  ><div class=\"uncoltable\"><div class=\"uncell single-block-padding\" ><div class=\"column-background background-element\">\n\t\t\t\t\t\t\t\t\t\t\t<div class=\"background-wrapper\">\n\t\t\t\t\t\t\t\t\t\t\t\t<div class=\"background-inner\" style=\"background-image: url(https:\/\/bofabconveyor.se\/wp-content\/uploads\/2024\/08\/R6II1086.webp);background-repeat: no-repeat;background-position: center center;background-size: cover;\" data-o_src=\"https:\/\/bofabconveyor.se\/wp-content\/uploads\/2024\/08\/R6II1086.webp\"><\/div>\n\t\t\t\t\t\t\t\t\t\t\t\t\n\t\t\t\t\t\t\t\t\t\t\t<\/div>\n\t\t\t\t\t\t\t\t\t\t<\/div><div class=\"uncont\" ><div class=\"empty-space empty-quad\" ><span class=\"empty-space-inner\"><\/span><\/div>\n<div class=\"empty-space empty-quad\" ><span class=\"empty-space-inner\"><\/span><\/div>\n<\/div><\/div><\/div><\/div><\/div><script id=\"script-row-unique-0\" data-row=\"script-row-unique-0\" type=\"text\/javascript\" class=\"vc_controls\">UNCODE.initRow(document.getElementById(\"row-unique-0\"));<\/script><\/div><\/div><\/div><div data-parent=\"true\" class=\"vc_row row-container\" id=\"row-unique-1\"><div class=\"row-background background-element\" style=\"opacity: 1;\">\n\t\t\t\t\t\t\t\t\t\t\t<div class=\"background-wrapper\">\n\t\t\t\t\t\t\t\t\t\t\t\t<div class=\"background-inner\"><\/div>\n\t\t\t\t\t\t\t\t\t\t\t\t<div class=\"block-bg-overlay style-color-475720-bg\" style=\"opacity: 0.06;\"><\/div>\n\t\t\t\t\t\t\t\t\t\t\t<\/div>\n\t\t\t\t\t\t\t\t\t\t<\/div><div class=\"row col-double-gutter triple-top-padding triple-bottom-padding single-h-padding limit-width row-parent\"><div class=\"wpb_row row-inner\"><div class=\"wpb_column pos-middle pos-left align_left column_parent col-lg-6 col-md-50 single-internal-gutter\"><div class=\"uncol style-light\"  ><div class=\"uncoltable\"><div class=\"uncell no-block-padding\" ><div class=\"uncont\" ><div class=\"vc_custom_heading_wrap\"><div class=\"heading-text el-text\" ><h3 class=\"h3 text-uppercase\" ><span>Our business concept<\/span><\/h3><\/div><div class=\"clear\"><\/div><\/div><div class=\"uncode_text_column vc_custom_1731335512912 text-color-prif-color\"  style=\"margin-top: 15px ;\"><p>We offer companies in manufacturing, technical consultants, OEMs and machine builders internally self-produced transportation and automation solutions. Where quality, service and practical guidance will generate better profits and production flow for the customer\u2019s production unit. By listening to our customers and utilize our personnel expertise, we will be a supplier that will help our customers achieve their goals, function, utility and productivity gains.<\/p>\n<\/div><\/div><\/div><\/div><\/div><\/div><div class=\"wpb_column pos-top pos-center align_left column_parent col-lg-6 inverted-device-order tablet-hidden mobile-hidden col-md-50 single-internal-gutter\"><div class=\"uncol style-light\"  ><div class=\"uncoltable\"><div class=\"uncell no-block-padding\" ><div class=\"uncont\" >\n\t<div class=\"wpb_raw_code wpb_raw_html\" >\n\t\t<div class=\"wpb_wrapper\">\n\t\t\t<iframe src=\"https:\/\/www.facebook.com\/plugins\/video.php?height=314&href=https%3A%2F%2Fwww.facebook.com%2Fbofabconveyor%2Fvideos%2F2197978373639571%2F&show_text=false&width=560&t=0\" width=\"560\" height=\"314\" style=\"border:none;overflow:hidden\" scrolling=\"no\" frameborder=\"0\" allowfullscreen=\"true\" allow=\"autoplay; clipboard-write; encrypted-media; picture-in-picture; web-share\"><\/iframe>\n\t\t<\/div>\n\t<\/div>\n<\/div><\/div><\/div><\/div><\/div><script id=\"script-row-unique-1\" data-row=\"script-row-unique-1\" type=\"text\/javascript\" class=\"vc_controls\">UNCODE.initRow(document.getElementById(\"row-unique-1\"));<\/script><\/div><\/div><\/div><div data-parent=\"true\" class=\"vc_row row-container\" id=\"row-unique-2\"><div class=\"row col-double-gutter triple-top-padding triple-bottom-padding single-h-padding limit-width row-parent\"><div class=\"wpb_row row-inner\"><div class=\"wpb_column pos-top pos-center align_left column_parent col-lg-6 inverted-device-order tablet-hidden mobile-hidden col-md-50 single-internal-gutter\"><div class=\"uncol style-light\"  ><div class=\"uncoltable\"><div class=\"uncell no-block-padding\" ><div class=\"uncont\" ><div class=\"uncode-single-media  text-right\"><div class=\"single-wrapper\" style=\"max-width: 100%;\"><div class=\"tmb tmb-light  tmb-img-ratio tmb-media-first tmb-media-last tmb-content-overlay tmb-no-bg\"><div class=\"t-inside\"><div class=\"t-entry-visual\"><div class=\"t-entry-visual-tc\"><div class=\"uncode-single-media-wrapper\"><div class=\"dummy\" style=\"padding-top: 75%;\"><\/div><img decoding=\"async\" class=\"wp-image-695\" src=\"https:\/\/bofabconveyor.se\/wp-content\/uploads\/2024\/09\/medarbetare-uai-2133x1600.webp\" width=\"2133\" height=\"1600\" alt=\"bofab anpassning\" srcset=\"https:\/\/bofabconveyor.se\/wp-content\/uploads\/2024\/09\/medarbetare-uai-2133x1600.webp 2133w, https:\/\/bofabconveyor.se\/wp-content\/uploads\/2024\/09\/medarbetare-uai-720x540.webp 720w, https:\/\/bofabconveyor.se\/wp-content\/uploads\/2024\/09\/medarbetare-uai-1032x774.webp 1032w\" sizes=\"(max-width: 2133px) 100vw, 2133px\" \/><\/div>\n\t\t\t\t\t<\/div>\n\t\t\t\t<\/div><\/div><\/div><\/div><\/div><\/div><\/div><\/div><\/div><\/div><div class=\"wpb_column pos-middle pos-left align_left column_parent col-lg-6 col-md-50 single-internal-gutter\"><div class=\"uncol style-light\"  ><div class=\"uncoltable\"><div class=\"uncell no-block-padding\" ><div class=\"uncont\" ><div class=\"vc_custom_heading_wrap\"><div class=\"heading-text el-text\" ><h3 class=\"h3 text-uppercase\" ><span>Dedicated staff<\/span><\/h3><\/div><div class=\"clear\"><\/div><\/div><div class=\"uncode_text_column vc_custom_1731335253980 text-color-prif-color\"  style=\"margin-top: 15px ;\"><p>Having dedicated employees is one of our top priorities. We dare to say that everyone at Bofab takes responsibility based on the customer\u2019s perspective. Our goal is to deliver and manufacture professional solutions tailored to your application and production. And our solutions will be characterized by quality, innovation and fast deliveries at a competitive price.<\/p>\n<\/div><\/div><\/div><\/div><\/div><\/div><script id=\"script-row-unique-2\" data-row=\"script-row-unique-2\" type=\"text\/javascript\" class=\"vc_controls\">UNCODE.initRow(document.getElementById(\"row-unique-2\"));<\/script><\/div><\/div><\/div><div data-parent=\"true\" class=\"vc_row row-container\" id=\"row-unique-3\"><div class=\"row-background background-element\" style=\"opacity: 1;\">\n\t\t\t\t\t\t\t\t\t\t\t<div class=\"background-wrapper\">\n\t\t\t\t\t\t\t\t\t\t\t\t<div class=\"background-inner\"><\/div>\n\t\t\t\t\t\t\t\t\t\t\t\t<div class=\"block-bg-overlay style-color-475720-bg\" style=\"opacity: 0.06;\"><\/div>\n\t\t\t\t\t\t\t\t\t\t\t<\/div>\n\t\t\t\t\t\t\t\t\t\t<\/div><div class=\"row col-double-gutter triple-top-padding triple-bottom-padding single-h-padding limit-width row-parent\"><div class=\"wpb_row row-inner\"><div class=\"wpb_column pos-middle pos-left align_left column_parent col-lg-6 col-md-50 single-internal-gutter\"><div class=\"uncol style-light\"  ><div class=\"uncoltable\"><div class=\"uncell no-block-padding\" ><div class=\"uncont\" ><div class=\"vc_custom_heading_wrap\"><div class=\"heading-text el-text\" ><h3 class=\"h3 text-uppercase\" ><span>VATTENSK\u00c4RNING &#8211; DETALJTILLVERKNING I B\u00c5DE H\u00c5RDA OCH MJUKA MATERIAL<\/span><\/h3><\/div><div class=\"clear\"><\/div><\/div><div class=\"uncode_text_column vc_custom_1724153281213 text-color-prif-color\"  style=\"margin-top: 15px ;\"><p>For us at Bofab, it is important that you can be sure of the quality and function of our products. That is why we build our belt conveyors, chain conveyors, roller conveyors, and spiral conveyors under our own roof, from drawing to finished product. And an important part to be able to ensure this, we use waterjet cutting in our detail production. Waterjet cutting is a processing method that can cut into a variety of materials with only water and sand without damaging the material, which can easily happen with, for example, laser cutting.<\/p>\n<\/div><div class=\"uncode-accordion wpb_accordion wpb_content_element  sign-size-rg default-typography w-border\" data-collapsible=\"no\" data-target=\"\" data-active-tab=\"0\" >\n\t\t<div class=\"panel-group wpb_wrapper wpb_accordion_wrapper\" id=\"accordion_82138945\" role=\"tablist\" aria-multiselectable=\"true\" data-no-toggle=\"\">\n\n<div class=\"panel panel-default wpb_accordion_section group  no-block-padding\"><div class=\"panel-heading wpb_accordion_header ui-accordion-header\" role=\"tab\"><p class=\"panel-title font-658784 h5 font-weight- text-uppercase   icon-size-rg\"><a data-toggle=\"collapse\" data-parent=\"#accordion_82138945\" href=\"#1716973370-1-25\"><span>What is Waterjet cutting?<\/span><\/a><\/p><\/div><div id=\"1716973370-1-25\" class=\"panel-collapse collapse\" role=\"tabpanel\"><div class=\"panel-body wpb_accordion_content ui-accordion-content half-internal-gutter single-block-padding\">\n\t\t\t\t\t\t<div class=\"uncode_text_column\" ><p>Waterjet cutting i a method for cutting various materials with a strong jet of water. And mix that jet beam with sand you get water jet abrasive cutting. Combined the cutting effect of the jet increases. So it is a very special production process. It is a gentle technique as it cuts without damaging the material. And does not affect the material\u2019s properties when cutting. For example due to heat deformations. In this case because the machine uses cold machining. Waterjet cutting lets us cut soft materials as rubber, plastic and wood. And in hard materials like stainless steel, titanium, ceramics, composite and stone materials.<\/p>\n<\/div><\/div><\/div><\/div><div class=\"panel panel-default wpb_accordion_section group  no-block-padding\"><div class=\"panel-heading wpb_accordion_header ui-accordion-header\" role=\"tab\"><p class=\"panel-title font-658784 h5 font-weight- text-uppercase   icon-size-rg\"><a data-toggle=\"collapse\" data-parent=\"#accordion_82138945\" href=\"#1716973370-2-40\"><span>Benefits of waterjet cutting<\/span><\/a><\/p><\/div><div id=\"1716973370-2-40\" class=\"panel-collapse collapse\" role=\"tabpanel\"><div class=\"panel-body wpb_accordion_content ui-accordion-content half-internal-gutter single-block-padding\">\n\t\t\t\t\t\t<div class=\"uncode_text_column\" ><\/p>\n<ul>\n<li>Cutting and punching with the same tool<\/li>\n<li>Gentle on the material<\/li>\n<li>Easy to process after cutting, such as threads, etc.<\/li>\n<li>No harmful gases and vapors<\/li>\n<li>No thermal or chemical damage<\/li>\n<li>0.2-1.5 mm wide cutting beam = minimal waste of material<\/li>\n<li>No stresses or micro cracking in the material<\/li>\n<li>High quality of the cut edges of the material \u2013 finishing is rarely required<\/li>\n<li>Gentle on alloys<\/li>\n<li>The cutting edges are easy to paint<\/li>\n<\/ul>\n<p>\n<\/div><\/div><\/div><\/div>\n\t\t<\/div><\/div><span class=\"btn-container\" ><a href=\"https:\/\/bofabconveyor.se\/wp-content\/uploads\/2024\/09\/folder-vatteskarmaskinen-eng.pdf\" class=\"custom-link btn btn-link border-width-0 text-accent-color btn-icon-right\" target=\"_blank\">Produktblad &#8211; Vattensk\u00e4rning<i class=\"fa fa-angle-right\"><\/i><\/a><\/span><\/div><\/div><\/div><\/div><\/div><div class=\"wpb_column pos-top pos-center align_left column_parent col-lg-6 inverted-device-order tablet-hidden mobile-hidden col-md-50 single-internal-gutter\"><div class=\"uncol style-light\"  ><div class=\"uncoltable\"><div class=\"uncell no-block-padding\" ><div class=\"uncont\" ><div class=\"uncode-single-media  text-center\"><div class=\"single-wrapper\" style=\"max-width: 100%;\"><div class=\"tmb tmb-light  tmb-img-ratio tmb-media-first tmb-media-last tmb-content-overlay tmb-no-bg\"><div class=\"t-inside\"><div class=\"t-entry-visual\"><div class=\"t-entry-visual-tc\"><div class=\"uncode-single-media-wrapper\"><div class=\"dummy\" style=\"padding-top: 75.1%;\"><\/div><img decoding=\"async\" class=\"wp-image-186\" src=\"https:\/\/bofabconveyor.se\/wp-content\/uploads\/2024\/05\/image-41-uai-910x683.jpeg\" width=\"910\" height=\"683\" alt=\"\" srcset=\"https:\/\/bofabconveyor.se\/wp-content\/uploads\/2024\/05\/image-41-uai-910x683.jpeg 910w, https:\/\/bofabconveyor.se\/wp-content\/uploads\/2024\/05\/image-41-uai-720x540.jpeg 720w\" sizes=\"(max-width: 910px) 100vw, 910px\" \/><\/div>\n\t\t\t\t\t<\/div>\n\t\t\t\t<\/div><\/div><\/div><\/div><\/div><\/div><\/div><\/div><\/div><\/div><script id=\"script-row-unique-3\" data-row=\"script-row-unique-3\" type=\"text\/javascript\" class=\"vc_controls\">UNCODE.initRow(document.getElementById(\"row-unique-3\"));<\/script><\/div><\/div><\/div>\n<\/div>","protected":false},"excerpt":{"rendered":"Om oss - BofabTillverkare av transport\u00f6rer i \u00f6ver 50\u00e5rBeh\u00f6ver ni effektivisera ert produktionsfl\u00f6de? Hos oss p\u00e5 Bofab f\u00e5r du en [...]","protected":false},"author":1,"featured_media":0,"parent":0,"menu_order":0,"comment_status":"closed","ping_status":"closed","template":"","meta":{"footnotes":""},"class_list":["post-252","page","type-page","status-publish","hentry"],"yoast_head":"<!-- This site is optimized with the Yoast SEO plugin v27.2 - https:\/\/yoast.com\/product\/yoast-seo-wordpress\/ -->\n<title>Vi \u00e4r Bofab - Bofab transport\u00f6rsystem<\/title>\n<meta name=\"description\" content=\"Vi \u00e4r Bofab\" \/>\n<meta name=\"robots\" content=\"index, follow, max-snippet:-1, max-image-preview:large, max-video-preview:-1\" \/>\n<link rel=\"canonical\" href=\"https:\/\/bofabconveyor.se\/en\/vi-ar-bofab\/\" \/>\n<meta property=\"og:locale\" content=\"en_GB\" \/>\n<meta property=\"og:type\" content=\"article\" \/>\n<meta property=\"og:title\" content=\"Vi \u00e4r Bofab - Bofab transport\u00f6rsystem\" \/>\n<meta property=\"og:description\" content=\"Vi \u00e4r Bofab\" \/>\n<meta property=\"og:url\" content=\"https:\/\/bofabconveyor.se\/en\/vi-ar-bofab\/\" \/>\n<meta property=\"og:site_name\" content=\"Bofab transport\u00f6rsystem\" \/>\n<meta property=\"article:publisher\" content=\"https:\/\/www.facebook.com\/bofabconveyor\/\" \/>\n<meta property=\"article:modified_time\" content=\"2025-02-18T11:07:31+00:00\" \/>\n<meta name=\"twitter:card\" content=\"summary_large_image\" \/>\n<meta name=\"twitter:label1\" content=\"Estimated reading time\" \/>\n\t<meta name=\"twitter:data1\" content=\"4 minutes\" \/>\n<script type=\"application\/ld+json\" class=\"yoast-schema-graph\">{\"@context\":\"https:\/\/schema.org\",\"@graph\":[{\"@type\":\"WebPage\",\"@id\":\"https:\/\/bofabconveyor.se\/vi-ar-bofab\/\",\"url\":\"https:\/\/bofabconveyor.se\/vi-ar-bofab\/\",\"name\":\"Vi \u00e4r Bofab - Bofab transport\u00f6rsystem\",\"isPartOf\":{\"@id\":\"https:\/\/bofabconveyor.se\/#website\"},\"datePublished\":\"2024-05-28T06:34:15+00:00\",\"dateModified\":\"2025-02-18T11:07:31+00:00\",\"description\":\"Vi \u00e4r Bofab\",\"breadcrumb\":{\"@id\":\"https:\/\/bofabconveyor.se\/vi-ar-bofab\/#breadcrumb\"},\"inLanguage\":\"en-GB\",\"potentialAction\":[{\"@type\":\"ReadAction\",\"target\":[\"https:\/\/bofabconveyor.se\/vi-ar-bofab\/\"]}]},{\"@type\":\"BreadcrumbList\",\"@id\":\"https:\/\/bofabconveyor.se\/vi-ar-bofab\/#breadcrumb\",\"itemListElement\":[{\"@type\":\"ListItem\",\"position\":1,\"name\":\"Hem\",\"item\":\"https:\/\/bofabconveyor.se\/\"},{\"@type\":\"ListItem\",\"position\":2,\"name\":\"Vi \u00e4r Bofab\"}]},{\"@type\":\"WebSite\",\"@id\":\"https:\/\/bofabconveyor.se\/#website\",\"url\":\"https:\/\/bofabconveyor.se\/\",\"name\":\"Bofab transport\u00f6rsystem\",\"description\":\"Tillverkare av transport\u00f6rer i \u00f6ver 50 \u00e5r\",\"potentialAction\":[{\"@type\":\"SearchAction\",\"target\":{\"@type\":\"EntryPoint\",\"urlTemplate\":\"https:\/\/bofabconveyor.se\/?s={search_term_string}\"},\"query-input\":{\"@type\":\"PropertyValueSpecification\",\"valueRequired\":true,\"valueName\":\"search_term_string\"}}],\"inLanguage\":\"en-GB\"}]}<\/script>\n<!-- \/ Yoast SEO plugin. -->","yoast_head_json":{"title":"Vi \u00e4r Bofab - Bofab transport\u00f6rsystem","description":"We are Bofab","robots":{"index":"index","follow":"follow","max-snippet":"max-snippet:-1","max-image-preview":"max-image-preview:large","max-video-preview":"max-video-preview:-1"},"canonical":"https:\/\/bofabconveyor.se\/en\/vi-ar-bofab\/","og_locale":"en_GB","og_type":"article","og_title":"Vi \u00e4r Bofab - Bofab transport\u00f6rsystem","og_description":"Vi \u00e4r Bofab","og_url":"https:\/\/bofabconveyor.se\/en\/vi-ar-bofab\/","og_site_name":"Bofab transport\u00f6rsystem","article_publisher":"https:\/\/www.facebook.com\/bofabconveyor\/","article_modified_time":"2025-02-18T11:07:31+00:00","twitter_card":"summary_large_image","twitter_misc":{"Estimated reading time":"4 minutes"},"schema":{"@context":"https:\/\/schema.org","@graph":[{"@type":"WebPage","@id":"https:\/\/bofabconveyor.se\/vi-ar-bofab\/","url":"https:\/\/bofabconveyor.se\/vi-ar-bofab\/","name":"Vi \u00e4r Bofab - Bofab transport\u00f6rsystem","isPartOf":{"@id":"https:\/\/bofabconveyor.se\/#website"},"datePublished":"2024-05-28T06:34:15+00:00","dateModified":"2025-02-18T11:07:31+00:00","description":"We are Bofab","breadcrumb":{"@id":"https:\/\/bofabconveyor.se\/vi-ar-bofab\/#breadcrumb"},"inLanguage":"en-GB","potentialAction":[{"@type":"ReadAction","target":["https:\/\/bofabconveyor.se\/vi-ar-bofab\/"]}]},{"@type":"BreadcrumbList","@id":"https:\/\/bofabconveyor.se\/vi-ar-bofab\/#breadcrumb","itemListElement":[{"@type":"ListItem","position":1,"name":"Hem","item":"https:\/\/bofabconveyor.se\/"},{"@type":"ListItem","position":2,"name":"Vi \u00e4r Bofab"}]},{"@type":"WebSite","@id":"https:\/\/bofabconveyor.se\/#website","url":"https:\/\/bofabconveyor.se\/","name":"Bofab Conveyor","description":"Tillverkare av transport\u00f6rer i \u00f6ver 50 \u00e5r","potentialAction":[{"@type":"SearchAction","target":{"@type":"EntryPoint","urlTemplate":"https:\/\/bofabconveyor.se\/?s={search_term_string}"},"query-input":{"@type":"PropertyValueSpecification","valueRequired":true,"valueName":"search_term_string"}}],"inLanguage":"en-GB"}]}},"_links":{"self":[{"href":"https:\/\/bofabconveyor.se\/en\/wp-json\/wp\/v2\/pages\/252","targetHints":{"allow":["GET"]}}],"collection":[{"href":"https:\/\/bofabconveyor.se\/en\/wp-json\/wp\/v2\/pages"}],"about":[{"href":"https:\/\/bofabconveyor.se\/en\/wp-json\/wp\/v2\/types\/page"}],"author":[{"embeddable":true,"href":"https:\/\/bofabconveyor.se\/en\/wp-json\/wp\/v2\/users\/1"}],"replies":[{"embeddable":true,"href":"https:\/\/bofabconveyor.se\/en\/wp-json\/wp\/v2\/comments?post=252"}],"version-history":[{"count":33,"href":"https:\/\/bofabconveyor.se\/en\/wp-json\/wp\/v2\/pages\/252\/revisions"}],"predecessor-version":[{"id":899,"href":"https:\/\/bofabconveyor.se\/en\/wp-json\/wp\/v2\/pages\/252\/revisions\/899"}],"wp:attachment":[{"href":"https:\/\/bofabconveyor.se\/en\/wp-json\/wp\/v2\/media?parent=252"}],"curies":[{"name":"wp","href":"https:\/\/api.w.org\/{rel}","templated":true}]}}