{"id":229,"date":"2024-05-28T05:42:25","date_gmt":"2024-05-28T05:42:25","guid":{"rendered":"https:\/\/bofabconveyor.se\/\/?page_id=229"},"modified":"2025-09-23T14:55:30","modified_gmt":"2025-09-23T13:55:30","slug":"produktblad","status":"publish","type":"page","link":"https:\/\/bofabconveyor.se\/en\/produktblad\/","title":{"rendered":"Product sheet"},"content":{"rendered":"<div class=\"wpb-content-wrapper\"><div data-parent=\"true\" class=\"vc_row row-container\" id=\"row-unique-0\"><div class=\"row unequal col-no-gutter no-top-padding double-bottom-padding no-h-padding full-width row-parent\"><div class=\"wpb_row row-inner\"><div class=\"wpb_column pos-top pos-center align_left column_parent col-lg-6 single-internal-gutter\"><div class=\"uncol style-light\"  ><div class=\"uncoltable\"><div class=\"uncell quad-block-padding\" ><div class=\"column-background background-element\">\n\t\t\t\t\t\t\t\t\t\t\t<div class=\"background-wrapper\">\n\t\t\t\t\t\t\t\t\t\t\t\t<div class=\"background-inner\" style=\"background-image: url(https:\/\/bofabconveyor.se\/wp-content\/uploads\/2024\/08\/Bakgrund_svart.png);background-repeat: no-repeat;background-position: center center;background-size: cover;\" data-o_src=\"https:\/\/bofabconveyor.se\/wp-content\/uploads\/2024\/08\/Bakgrund_svart.png\"><\/div>\n\t\t\t\t\t\t\t\t\t\t\t\t<div class=\"block-bg-overlay style-color-xsdn-bg\" style=\"opacity: 0.96;\"><\/div>\n\t\t\t\t\t\t\t\t\t\t\t<\/div>\n\t\t\t\t\t\t\t\t\t\t<\/div><div class=\"uncont\" ><div class=\"vc_custom_heading_wrap\"><div class=\"heading-text el-text\" ><h1 class=\"h6 text-accent-color text-uppercase\" ><span>Product sheet<\/span><\/h1><\/div><div class=\"clear\"><\/div><\/div><div class=\"vc_custom_heading_wrap\"><div class=\"heading-text el-text\" ><\/p>\n<h5>Download our product sheets<\/h5>\n<p><a href=\"https:\/\/bofabconveyor.se\/en\/kontakt\/\">Contact us<\/a> oss vid fr\u00e5gor.<\/p>\n<\/div><div class=\"clear\"><\/div><\/div><div class=\"vc_row row-internal row-container\"><div class=\"row row-child\"><div class=\"wpb_row row-inner\"><div class=\"wpb_column pos-top pos-center align_left column_child col-lg-6 single-internal-gutter\"><div class=\"uncol style-light\" ><div class=\"uncoltable\"><div class=\"uncell no-block-padding\" ><div class=\"uncont\" ><span class=\"btn-container\" ><a href=\"https:\/\/bofabconveyor.se\/wp-content\/uploads\/2024\/09\/produktblad-belt-conveyors.pdf\" class=\"custom-link btn btn-link border-width-0 text-accent-color btn-icon-right\" title=\"Belt conveyors\" target=\"_blank\">Belt conveyors<i class=\"fa fa-angle-right\"><\/i><\/a><\/span><\/div><\/div><\/div><\/div><\/div><div class=\"wpb_column pos-top pos-center align_left column_child col-lg-6 single-internal-gutter\"><div class=\"uncol style-light\" ><div class=\"uncoltable\"><div class=\"uncell no-block-padding\" ><div class=\"uncont\" ><span class=\"btn-container\" ><a href=\"https:\/\/bofabconveyor.se\/wp-content\/uploads\/2024\/09\/produktblad-stainless.pdf\" class=\"custom-link btn btn-link border-width-0 text-accent-color btn-icon-right\" target=\"_blank\">Stainless steel conveyors<i class=\"fa fa-angle-right\"><\/i><\/a><\/span><\/div><\/div><\/div><\/div><\/div><\/div><\/div><\/div><div class=\"vc_row row-internal row-container\"><div class=\"row row-child\"><div class=\"wpb_row row-inner\"><div class=\"wpb_column pos-top pos-center align_left column_child col-lg-6 single-internal-gutter\"><div class=\"uncol style-light\" ><div class=\"uncoltable\"><div class=\"uncell no-block-padding\" ><div class=\"uncont\" ><span class=\"btn-container\" ><a href=\"https:\/\/bofabconveyor.se\/wp-content\/uploads\/2024\/09\/produktblad-belt-curves.pdf\" class=\"custom-link btn btn-link border-width-0 text-accent-color btn-icon-right\" title=\"Belt curves\" target=\"_blank\">Belt curves<i class=\"fa fa-angle-right\"><\/i><\/a><\/span><\/div><\/div><\/div><\/div><\/div><div class=\"wpb_column pos-top pos-center align_left column_child col-lg-6 single-internal-gutter\"><div class=\"uncol style-light\" ><div class=\"uncoltable\"><div class=\"uncell no-block-padding\" ><div class=\"uncont\" ><span class=\"btn-container\" ><a href=\"https:\/\/bofabconveyor.se\/wp-content\/uploads\/2024\/05\/produktblad-band.pdf\" class=\"custom-link btn btn-link border-width-0 text-accent-color btn-icon-right\" target=\"_blank\">Belt types (Swedish)<i class=\"fa fa-angle-right\"><\/i><\/a><\/span><\/div><\/div><\/div><\/div><\/div><\/div><\/div><\/div><div class=\"vc_row row-internal row-container\"><div class=\"row row-child\"><div class=\"wpb_row row-inner\"><div class=\"wpb_column pos-top pos-center align_left column_child col-lg-6 single-internal-gutter\"><div class=\"uncol style-light\" ><div class=\"uncoltable\"><div class=\"uncell no-block-padding\" ><div class=\"uncont\" ><span class=\"btn-container\" ><a href=\"https:\/\/bofabconveyor.se\/wp-content\/uploads\/2024\/09\/produktblad-chain-conveyor.pdf\" class=\"custom-link btn btn-link border-width-0 text-accent-color btn-icon-right\" title=\"Chain Conveyors\" target=\"_blank\">Chain Conveyors<i class=\"fa fa-angle-right\"><\/i><\/a><\/span><\/div><\/div><\/div><\/div><\/div><div class=\"wpb_column pos-top pos-center align_left column_child col-lg-6 single-internal-gutter\"><div class=\"uncol style-light\" ><div class=\"uncoltable\"><div class=\"uncell no-block-padding\" ><div class=\"uncont\" ><span class=\"btn-container\" ><a href=\"https:\/\/bofabconveyor.se\/wp-content\/uploads\/2024\/09\/produktblad-heavy-eng.pdf\" class=\"custom-link btn btn-link border-width-0 text-accent-color btn-icon-right\" target=\"_blank\">Roller conveyors<i class=\"fa fa-angle-right\"><\/i><\/a><\/span><\/div><\/div><\/div><\/div><\/div><\/div><\/div><\/div><div class=\"vc_row row-internal row-container\"><div class=\"row row-child\"><div class=\"wpb_row row-inner\"><div class=\"wpb_column pos-top pos-center align_left column_child col-lg-6 single-internal-gutter\"><div class=\"uncol style-light\" ><div class=\"uncoltable\"><div class=\"uncell no-block-padding\" ><div class=\"uncont\" ><span class=\"btn-container\" ><a href=\"https:\/\/bofabconveyor.se\/wp-content\/uploads\/2024\/09\/produktblad-spiraltransportor-eng.pdf\" class=\"custom-link btn btn-link border-width-0 text-accent-color btn-icon-right\" title=\"Spiral Conveyor\" target=\"_blank\">Spiral Conveyors<i class=\"fa fa-angle-right\"><\/i><\/a><\/span><\/div><\/div><\/div><\/div><\/div><div class=\"wpb_column pos-top pos-center align_left column_child col-lg-6 single-internal-gutter\"><div class=\"uncol style-light\" ><div class=\"uncoltable\"><div class=\"uncell no-block-padding\" ><div class=\"uncont\" ><\/div><\/div><\/div><\/div><\/div><\/div><\/div><\/div><\/div><\/div><\/div><\/div><\/div><div class=\"wpb_column pos-top pos-center align_left column_parent col-lg-6 single-internal-gutter\"><div class=\"uncol style-light\"  ><div class=\"uncoltable\"><div class=\"uncell single-block-padding\" ><div class=\"column-background background-element\">\n\t\t\t\t\t\t\t\t\t\t\t<div class=\"background-wrapper\">\n\t\t\t\t\t\t\t\t\t\t\t\t<div class=\"background-inner\" style=\"background-image: url(https:\/\/bofabconveyor.se\/wp-content\/uploads\/2024\/08\/R6II1108.webp);background-repeat: no-repeat;background-position: center center;background-size: cover;\" data-o_src=\"https:\/\/bofabconveyor.se\/wp-content\/uploads\/2024\/08\/R6II1108.webp\"><\/div>\n\t\t\t\t\t\t\t\t\t\t\t\t\n\t\t\t\t\t\t\t\t\t\t\t<\/div>\n\t\t\t\t\t\t\t\t\t\t<\/div><div class=\"uncont\" ><div class=\"empty-space empty-quad\" ><span class=\"empty-space-inner\"><\/span><\/div>\n<div class=\"empty-space empty-quad\" ><span class=\"empty-space-inner\"><\/span><\/div>\n<\/div><\/div><\/div><\/div><\/div><script id=\"script-row-unique-0\" data-row=\"script-row-unique-0\" type=\"text\/javascript\" class=\"vc_controls\">UNCODE.initRow(document.getElementById(\"row-unique-0\"));<\/script><\/div><\/div><\/div>\n<\/div>","protected":false},"excerpt":{"rendered":"ProduktbladLadda ner v\u00e5ra produktblad idag. kontakta oss vid fr\u00e5gor. Bandtransport\u00f6rerRostfria Bandtransport\u00f6rerBandkurvorBandtyperKedjetransport\u00f6rerRullbanorSpiraltransport\u00f6rer","protected":false},"author":1,"featured_media":0,"parent":0,"menu_order":0,"comment_status":"closed","ping_status":"closed","template":"","meta":{"footnotes":""},"class_list":["post-229","page","type-page","status-publish","hentry"],"yoast_head":"<!-- This site is optimized with the Yoast SEO plugin v27.2 - https:\/\/yoast.com\/product\/yoast-seo-wordpress\/ -->\n<title>Produktblad - Bofab transport\u00f6rsystem - L\u00e4s mer h\u00e4r - Bofab Conveyor<\/title>\n<meta name=\"description\" content=\"Ladda ner Bofabs produktblad och l\u00e4s mer om bandtransport\u00f6rer, vattensk\u00e4rning, kedjetransport\u00f6rer och olika bandtyper.\" \/>\n<meta name=\"robots\" content=\"index, follow, max-snippet:-1, max-image-preview:large, max-video-preview:-1\" \/>\n<link rel=\"canonical\" href=\"https:\/\/bofabconveyor.se\/en\/produktblad\/\" \/>\n<meta property=\"og:locale\" content=\"en_GB\" \/>\n<meta property=\"og:type\" content=\"article\" \/>\n<meta property=\"og:title\" content=\"Produktblad - Bofab transport\u00f6rsystem - L\u00e4s mer h\u00e4r - Bofab Conveyor\" \/>\n<meta property=\"og:description\" content=\"Ladda ner Bofabs produktblad och l\u00e4s mer om bandtransport\u00f6rer, vattensk\u00e4rning, kedjetransport\u00f6rer och olika bandtyper.\" \/>\n<meta property=\"og:url\" content=\"https:\/\/bofabconveyor.se\/en\/produktblad\/\" \/>\n<meta property=\"og:site_name\" content=\"Bofab transport\u00f6rsystem\" \/>\n<meta property=\"article:publisher\" content=\"https:\/\/www.facebook.com\/bofabconveyor\/\" \/>\n<meta property=\"article:modified_time\" content=\"2025-09-23T13:55:30+00:00\" \/>\n<meta name=\"twitter:card\" content=\"summary_large_image\" \/>\n<meta name=\"twitter:label1\" content=\"Estimated reading time\" \/>\n\t<meta name=\"twitter:data1\" content=\"1 minute\" \/>\n<script type=\"application\/ld+json\" class=\"yoast-schema-graph\">{\"@context\":\"https:\/\/schema.org\",\"@graph\":[{\"@type\":\"WebPage\",\"@id\":\"https:\/\/bofabconveyor.se\/produktblad\/\",\"url\":\"https:\/\/bofabconveyor.se\/produktblad\/\",\"name\":\"Produktblad - Bofab transport\u00f6rsystem - L\u00e4s mer h\u00e4r - Bofab Conveyor\",\"isPartOf\":{\"@id\":\"https:\/\/bofabconveyor.se\/#website\"},\"datePublished\":\"2024-05-28T05:42:25+00:00\",\"dateModified\":\"2025-09-23T13:55:30+00:00\",\"description\":\"Ladda ner Bofabs produktblad och l\u00e4s mer om bandtransport\u00f6rer, vattensk\u00e4rning, kedjetransport\u00f6rer och olika bandtyper.\",\"breadcrumb\":{\"@id\":\"https:\/\/bofabconveyor.se\/produktblad\/#breadcrumb\"},\"inLanguage\":\"en-GB\",\"potentialAction\":[{\"@type\":\"ReadAction\",\"target\":[\"https:\/\/bofabconveyor.se\/produktblad\/\"]}]},{\"@type\":\"BreadcrumbList\",\"@id\":\"https:\/\/bofabconveyor.se\/produktblad\/#breadcrumb\",\"itemListElement\":[{\"@type\":\"ListItem\",\"position\":1,\"name\":\"Hem\",\"item\":\"https:\/\/bofabconveyor.se\/\"},{\"@type\":\"ListItem\",\"position\":2,\"name\":\"Produktblad\"}]},{\"@type\":\"WebSite\",\"@id\":\"https:\/\/bofabconveyor.se\/#website\",\"url\":\"https:\/\/bofabconveyor.se\/\",\"name\":\"Bofab transport\u00f6rsystem\",\"description\":\"Tillverkare av transport\u00f6rer i \u00f6ver 50 \u00e5r\",\"potentialAction\":[{\"@type\":\"SearchAction\",\"target\":{\"@type\":\"EntryPoint\",\"urlTemplate\":\"https:\/\/bofabconveyor.se\/?s={search_term_string}\"},\"query-input\":{\"@type\":\"PropertyValueSpecification\",\"valueRequired\":true,\"valueName\":\"search_term_string\"}}],\"inLanguage\":\"en-GB\"}]}<\/script>\n<!-- \/ Yoast SEO plugin. -->","yoast_head_json":{"title":"Produktblad - Bofab transport\u00f6rsystem - L\u00e4s mer h\u00e4r - Bofab Conveyor","description":"Ladda ner Bofabs produktblad och l\u00e4s mer om bandtransport\u00f6rer, vattensk\u00e4rning, kedjetransport\u00f6rer och olika bandtyper.","robots":{"index":"index","follow":"follow","max-snippet":"max-snippet:-1","max-image-preview":"max-image-preview:large","max-video-preview":"max-video-preview:-1"},"canonical":"https:\/\/bofabconveyor.se\/en\/produktblad\/","og_locale":"en_GB","og_type":"article","og_title":"Produktblad - Bofab transport\u00f6rsystem - L\u00e4s mer h\u00e4r - Bofab Conveyor","og_description":"Ladda ner Bofabs produktblad och l\u00e4s mer om bandtransport\u00f6rer, vattensk\u00e4rning, kedjetransport\u00f6rer och olika bandtyper.","og_url":"https:\/\/bofabconveyor.se\/en\/produktblad\/","og_site_name":"Bofab transport\u00f6rsystem","article_publisher":"https:\/\/www.facebook.com\/bofabconveyor\/","article_modified_time":"2025-09-23T13:55:30+00:00","twitter_card":"summary_large_image","twitter_misc":{"Estimated reading time":"1 minute"},"schema":{"@context":"https:\/\/schema.org","@graph":[{"@type":"WebPage","@id":"https:\/\/bofabconveyor.se\/produktblad\/","url":"https:\/\/bofabconveyor.se\/produktblad\/","name":"Produktblad - Bofab transport\u00f6rsystem - L\u00e4s mer h\u00e4r - Bofab Conveyor","isPartOf":{"@id":"https:\/\/bofabconveyor.se\/#website"},"datePublished":"2024-05-28T05:42:25+00:00","dateModified":"2025-09-23T13:55:30+00:00","description":"Ladda ner Bofabs produktblad och l\u00e4s mer om bandtransport\u00f6rer, vattensk\u00e4rning, kedjetransport\u00f6rer och olika bandtyper.","breadcrumb":{"@id":"https:\/\/bofabconveyor.se\/produktblad\/#breadcrumb"},"inLanguage":"en-GB","potentialAction":[{"@type":"ReadAction","target":["https:\/\/bofabconveyor.se\/produktblad\/"]}]},{"@type":"BreadcrumbList","@id":"https:\/\/bofabconveyor.se\/produktblad\/#breadcrumb","itemListElement":[{"@type":"ListItem","position":1,"name":"Hem","item":"https:\/\/bofabconveyor.se\/"},{"@type":"ListItem","position":2,"name":"Produktblad"}]},{"@type":"WebSite","@id":"https:\/\/bofabconveyor.se\/#website","url":"https:\/\/bofabconveyor.se\/","name":"Bofab Conveyor","description":"Tillverkare av transport\u00f6rer i \u00f6ver 50 \u00e5r","potentialAction":[{"@type":"SearchAction","target":{"@type":"EntryPoint","urlTemplate":"https:\/\/bofabconveyor.se\/?s={search_term_string}"},"query-input":{"@type":"PropertyValueSpecification","valueRequired":true,"valueName":"search_term_string"}}],"inLanguage":"en-GB"}]}},"_links":{"self":[{"href":"https:\/\/bofabconveyor.se\/en\/wp-json\/wp\/v2\/pages\/229","targetHints":{"allow":["GET"]}}],"collection":[{"href":"https:\/\/bofabconveyor.se\/en\/wp-json\/wp\/v2\/pages"}],"about":[{"href":"https:\/\/bofabconveyor.se\/en\/wp-json\/wp\/v2\/types\/page"}],"author":[{"embeddable":true,"href":"https:\/\/bofabconveyor.se\/en\/wp-json\/wp\/v2\/users\/1"}],"replies":[{"embeddable":true,"href":"https:\/\/bofabconveyor.se\/en\/wp-json\/wp\/v2\/comments?post=229"}],"version-history":[{"count":24,"href":"https:\/\/bofabconveyor.se\/en\/wp-json\/wp\/v2\/pages\/229\/revisions"}],"predecessor-version":[{"id":998,"href":"https:\/\/bofabconveyor.se\/en\/wp-json\/wp\/v2\/pages\/229\/revisions\/998"}],"wp:attachment":[{"href":"https:\/\/bofabconveyor.se\/en\/wp-json\/wp\/v2\/media?parent=229"}],"curies":[{"name":"wp","href":"https:\/\/api.w.org\/{rel}","templated":true}]}}