{"id":222,"date":"2024-05-28T05:10:39","date_gmt":"2024-05-28T05:10:39","guid":{"rendered":"https:\/\/bofabconveyor.se\/\/?page_id=222"},"modified":"2025-09-23T15:01:24","modified_gmt":"2025-09-23T14:01:24","slug":"faq","status":"publish","type":"page","link":"https:\/\/bofabconveyor.se\/en\/faq\/","title":{"rendered":"FAQ"},"content":{"rendered":"<div class=\"wpb-content-wrapper\"><div data-parent=\"true\" class=\"vc_row row-container\" id=\"row-unique-0\"><div class=\"row unequal col-no-gutter no-top-padding no-bottom-padding no-h-padding full-width row-parent\"><div class=\"wpb_row row-inner\"><div class=\"wpb_column pos-top pos-center align_left column_parent col-lg-6 single-internal-gutter\"><div class=\"uncol style-light\"  ><div class=\"uncoltable\"><div class=\"uncell quad-block-padding\" ><div class=\"uncont\" ><div class=\"vc_custom_heading_wrap\"><div class=\"heading-text el-text\" ><h1 class=\"h1 text-uppercase\" ><span>FAQ<\/span><\/h1><\/div><div class=\"clear\"><\/div><\/div><div class=\"vc_custom_heading_wrap\"><div class=\"heading-text el-text\" ><h1 class=\"h5 text-accent-color text-uppercase\" ><span>Frequently asked questions<br \/><\/span><span><a href=\"https:\/\/bofabconveyor.se\/en\/kontakt\/\">Contact<\/a> us if you cannot find an answer to your question.<\/span><\/h1><\/div><div class=\"clear\"><\/div><\/div><div class=\"uncode-accordion wpb_accordion wpb_content_element  sign-size-rg default-typography w-border\" data-collapsible=\"no\" data-target=\"\" data-active-tab=\"0\" >\n\t\t<div class=\"panel-group wpb_wrapper wpb_accordion_wrapper\" id=\"accordion_253219389\" role=\"tablist\" aria-multiselectable=\"true\" data-no-toggle=\"\">\n\n<div class=\"panel panel-default wpb_accordion_section group  no-block-padding\"><div class=\"panel-heading wpb_accordion_header ui-accordion-header\" role=\"tab\"><p class=\"panel-title font-658784 h5 font-weight- text-uppercase   icon-size-rg\"><a data-toggle=\"collapse\" data-parent=\"#accordion_253219389\" href=\"#1716452262-1-18\"><span>How low can you build your conveyors?<\/span><\/a><\/p><\/div><div id=\"1716452262-1-18\" class=\"panel-collapse collapse\" role=\"tabpanel\"><div class=\"panel-body wpb_accordion_content ui-accordion-content half-internal-gutter single-block-padding\">\n\t\t\t\t\t\t<div class=\"uncode_text_column\" ><\/p>\n<ul>\n<li>Belt Conveyor: 45 mm<\/li>\n<li>Roller Conveyor Easy: ca 350mm<\/li>\n<li>Roller Conveyor Heavy: 150 mm<\/li>\n<li>Roller Chain Conveyor: 170 mm<\/li>\n<\/ul>\n<p>\n<\/div><\/div><\/div><\/div><div class=\"panel panel-default wpb_accordion_section group  no-block-padding\"><div class=\"panel-heading wpb_accordion_header ui-accordion-header\" role=\"tab\"><p class=\"panel-title font-658784 h5 font-weight- text-uppercase   icon-size-rg\"><a data-toggle=\"collapse\" data-parent=\"#accordion_253219389\" href=\"#1716452262-2-18\"><span>Is it possible to reverse your conveyors?<\/span><\/a><\/p><\/div><div id=\"1716452262-2-18\" class=\"panel-collapse collapse\" role=\"tabpanel\"><div class=\"panel-body wpb_accordion_content ui-accordion-content half-internal-gutter single-block-padding\">\n\t\t\t\t\t\t<div class=\"uncode_text_column\" ><p>Belt conveyors: No.<br \/>\nRoller conveyors andChain Conveyors: Yes.<\/p>\n<\/div><\/div><\/div><\/div><div class=\"panel panel-default wpb_accordion_section group  no-block-padding\"><div class=\"panel-heading wpb_accordion_header ui-accordion-header\" role=\"tab\"><p class=\"panel-title font-658784 h5 font-weight- text-uppercase   icon-size-rg\"><a data-toggle=\"collapse\" data-parent=\"#accordion_253219389\" href=\"#c5c35af4-53cd-4\"><span>What is the maximum load on the conveyors?<\/span><\/a><\/p><\/div><div id=\"c5c35af4-53cd-4\" class=\"panel-collapse collapse\" role=\"tabpanel\"><div class=\"panel-body wpb_accordion_content ui-accordion-content half-internal-gutter single-block-padding\">\n\t\t\t\t\t\t<div class=\"uncode_text_column\" ><p>Our conveyors can handle weights up to 10 tons\/conveyor and drive station.\nHowever, it depends on the choice of conveyor model.<\/p>\n<\/div><\/div><\/div><\/div><div class=\"panel panel-default wpb_accordion_section group  no-block-padding\"><div class=\"panel-heading wpb_accordion_header ui-accordion-header\" role=\"tab\"><p class=\"panel-title font-658784 h5 font-weight- text-uppercase   icon-size-rg\"><a data-toggle=\"collapse\" data-parent=\"#accordion_253219389\" href=\"#f8307197-c332-3\"><span>What material are the conveyors in?<\/span><\/a><\/p><\/div><div id=\"f8307197-c332-3\" class=\"panel-collapse collapse\" role=\"tabpanel\"><div class=\"panel-body wpb_accordion_content ui-accordion-content half-internal-gutter single-block-padding\">\n\t\t\t\t\t\t<div class=\"uncode_text_column\" ><\/p>\n<ul>\n<li>Belt Conveyors: Steel, stainless steel and aluminium<\/li>\n<li>Roller Chain Conveyor: Steel and stainless steel<\/li>\n<li>Roller conveyors: Steel and stainless steel<\/li>\n<\/ul>\n<p>\n<\/div><\/div><\/div><\/div><div class=\"panel panel-default wpb_accordion_section group  no-block-padding\"><div class=\"panel-heading wpb_accordion_header ui-accordion-header\" role=\"tab\"><p class=\"panel-title font-658784 h5 font-weight- text-uppercase   icon-size-rg\"><a data-toggle=\"collapse\" data-parent=\"#accordion_253219389\" href=\"#4adcaf51-09cc-10\"><span>Are your conveyors CE certified?<\/span><\/a><\/p><\/div><div id=\"4adcaf51-09cc-10\" class=\"panel-collapse collapse\" role=\"tabpanel\"><div class=\"panel-body wpb_accordion_content ui-accordion-content half-internal-gutter single-block-padding\">\n\t\t\t\t\t\t<div class=\"uncode_text_column\" ><p>Yes, they are labeled according to AFS 2008: 3 and 91\/368 EEF CE.<br \/>\nDocumentation, handling, instructions etc. are included with all types of track analyses. Upon request, documentation in English.<\/p>\n<\/div><\/div><\/div><\/div><div class=\"panel panel-default wpb_accordion_section group  no-block-padding\"><div class=\"panel-heading wpb_accordion_header ui-accordion-header\" role=\"tab\"><p class=\"panel-title font-658784 h5 font-weight- text-uppercase   icon-size-rg\"><a data-toggle=\"collapse\" data-parent=\"#accordion_253219389\" href=\"#03b1c285-bca1-10\"><span>How many rollers is needed to to carry a product on an roller conveyor?<\/span><\/a><\/p><\/div><div id=\"03b1c285-bca1-10\" class=\"panel-collapse collapse\" role=\"tabpanel\"><div class=\"panel-body wpb_accordion_content ui-accordion-content half-internal-gutter single-block-padding\">\n\t\t\t\t\t\t<div class=\"uncode_text_column\" ><p>Minimum of three rollers is needed.<\/p>\n<\/div><\/div><\/div><\/div><div class=\"panel panel-default wpb_accordion_section group  no-block-padding\"><div class=\"panel-heading wpb_accordion_header ui-accordion-header\" role=\"tab\"><p class=\"panel-title font-658784 h5 font-weight- text-uppercase   icon-size-rg\"><a data-toggle=\"collapse\" data-parent=\"#accordion_253219389\" href=\"#e3cebf02-390e-3\"><span>What kind of belts do you use?<\/span><\/a><\/p><\/div><div id=\"e3cebf02-390e-3\" class=\"panel-collapse collapse\" role=\"tabpanel\"><div class=\"panel-body wpb_accordion_content ui-accordion-content half-internal-gutter single-block-padding\">\n\t\t\t\t\t\t<div class=\"uncode_text_column\" ><\/p>\n<ul>\n<li>PU-belt<\/li>\n<li>PVC-belt<\/li>\n<li>Plastic module belt<\/li>\n<li>Steel module belt<\/li>\n<li>Steel wire belts<\/li>\n<li>Rubber belts<\/li>\n<li>Silicone belts<\/li>\n<\/ul>\n<p>\n<\/div><\/div><\/div><\/div><div class=\"panel panel-default wpb_accordion_section group  no-block-padding\"><div class=\"panel-heading wpb_accordion_header ui-accordion-header\" role=\"tab\"><p class=\"panel-title font-658784 h5 font-weight- text-uppercase   icon-size-rg\"><a data-toggle=\"collapse\" data-parent=\"#accordion_253219389\" href=\"#4ebeed45-d5aa-1\"><span>Do you take care of the installations?<\/span><\/a><\/p><\/div><div id=\"4ebeed45-d5aa-1\" class=\"panel-collapse collapse\" role=\"tabpanel\"><div class=\"panel-body wpb_accordion_content ui-accordion-content half-internal-gutter single-block-padding\">\n\t\t\t\t\t\t<div class=\"uncode_text_column\" ><p>Yes<\/p>\n<\/div><\/div><\/div><\/div><div class=\"panel panel-default wpb_accordion_section group  no-block-padding\"><div class=\"panel-heading wpb_accordion_header ui-accordion-header\" role=\"tab\"><p class=\"panel-title font-658784 h5 font-weight- text-uppercase   icon-size-rg\"><a data-toggle=\"collapse\" data-parent=\"#accordion_253219389\" href=\"#ac774d1a-511d-6\"><span>Do you also supply electric cabinet, PLC programming?<\/span><\/a><\/p><\/div><div id=\"ac774d1a-511d-6\" class=\"panel-collapse collapse\" role=\"tabpanel\"><div class=\"panel-body wpb_accordion_content ui-accordion-content half-internal-gutter single-block-padding\">\n\t\t\t\t\t\t<div class=\"uncode_text_column\" ><p>Yes<\/p>\n<\/div><\/div><\/div><\/div>\n\t\t<\/div><\/div><\/div><\/div><\/div><\/div><\/div><div class=\"wpb_column pos-top pos-center align_left column_parent col-lg-6 single-internal-gutter\"><div class=\"uncol style-light\"  ><div class=\"uncoltable\"><div class=\"uncell single-block-padding\" ><div class=\"column-background background-element\">\n\t\t\t\t\t\t\t\t\t\t\t<div class=\"background-wrapper\">\n\t\t\t\t\t\t\t\t\t\t\t\t<div class=\"background-inner\" style=\"background-image: url(https:\/\/bofabconveyor.se\/wp-content\/uploads\/2024\/08\/R6II0938.webp);background-repeat: no-repeat;background-position: center center;background-size: cover;\" data-o_src=\"https:\/\/bofabconveyor.se\/wp-content\/uploads\/2024\/08\/R6II0938.webp\"><\/div>\n\t\t\t\t\t\t\t\t\t\t\t\t\n\t\t\t\t\t\t\t\t\t\t\t<\/div>\n\t\t\t\t\t\t\t\t\t\t<\/div><div class=\"uncont\" ><div class=\"empty-space empty-quad\" ><span class=\"empty-space-inner\"><\/span><\/div>\n<div class=\"empty-space empty-quad\" ><span class=\"empty-space-inner\"><\/span><\/div>\n<\/div><\/div><\/div><\/div><\/div><script id=\"script-row-unique-0\" data-row=\"script-row-unique-0\" type=\"text\/javascript\" class=\"vc_controls\">UNCODE.initRow(document.getElementById(\"row-unique-0\"));<\/script><\/div><\/div><\/div><div data-parent=\"true\" class=\"vc_row style-color-gyho-bg row-container\" id=\"row-unique-1\"><div class=\"row double-top-padding single-bottom-padding single-h-padding limit-width row-parent\"><div class=\"wpb_row row-inner\"><div class=\"wpb_column pos-top pos-center align_left column_parent col-lg-12 single-internal-gutter\"><div class=\"uncol style-light\"  ><div class=\"uncoltable\"><div class=\"uncell no-block-padding\" ><div class=\"uncont\" ><div class=\"vc_custom_heading_wrap\"><div class=\"heading-text el-text\" ><h2 class=\"h1\" ><span>More frequently asked questions about transportation systems.<\/span><\/h2><\/div><div class=\"clear\"><\/div><\/div><\/div><\/div><\/div><\/div><\/div><script id=\"script-row-unique-1\" data-row=\"script-row-unique-1\" type=\"text\/javascript\" class=\"vc_controls\">UNCODE.initRow(document.getElementById(\"row-unique-1\"));<\/script><\/div><\/div><\/div><div data-parent=\"true\" class=\"vc_row style-color-gyho-bg row-container\" id=\"row-unique-2\"><div class=\"row single-top-padding triple-bottom-padding single-h-padding limit-width row-parent\"><div class=\"wpb_row row-inner\"><div class=\"wpb_column pos-top pos-center align_left column_parent col-lg-6 single-internal-gutter\"><div class=\"uncol style-light\"  ><div class=\"uncoltable\"><div class=\"uncell no-block-padding\" ><div class=\"uncont\" ><div class=\"uncode_text_column\" ><\/p>\n<h3>What is a transportation system and how does it work?<\/h3>\n<p>A conveyor system is an automated solution used to move materials, products or goods within a facility. It can consist of various components such as conveyor belts, roller conveyors or chain conveyors, depending on the area of \u200b\u200bapplication. At Bofab Conveyor AB, the conveyor systems are adapted to streamline production, reduce manual work and increase safety in the work environment.<\/p>\n<h3>What types of conveyor belts does Bofab Conveyor AB offer?<\/h3>\n<p>We offer several different types of conveyor belts, adapted to different environments and needs:<br \/>\n\u2013 Plastic modular belts \u2013 robust and hygienic<br \/>\n\u2013 Polyester webbing \u2013 flexible and durable<br \/>\n\u2013 Steel mesh belt \u2013 for high temperatures and demanding environments<br \/>\n\u2013 Homogeneous polyurethane belts \u2013 easy to clean, perfect for the food industry<\/p>\n<p>More information can be found here: <a href=\"https:\/\/bofabconveyor.se\/en\/bandtyp\/\">bofabconveyor.se\/bandtyp<\/a><\/p>\n<h3>How do I choose the right carrier for my business?<\/h3>\n<p>Choosing the right carrier depends on several factors, including what you are transporting and the environment you are in. We are happy to help you develop a customized solution. Here are some basic guidelines:<\/p>\n<p>\u2013 Belt conveyors are not only suitable for light goods \u2013 we also build them for heavy goods up to 5 tons. Constructions are available in aluminum, stainless steel and steel.<br \/>\n\u2013 Chain conveyors are perfect for palletized goods and are particularly suitable if the goods are to be transported with the long side forward.<br \/>\n\u2013 Roller conveyors are ideal for heavy products, with the ability to easily expand the system.<br \/>\n\u2013 Combined system solutions with roller conveyors and chain conveyors enable flexible and targeted handling in complex production lines.<\/p>\n<h3>What is a belt conveyor and what advantages does it have?<\/h3>\n<p>A belt conveyor is a type of conveyor that moves goods from point A to point B using a belt. Our belt conveyors:<br \/>\n\u2013 Available in both straight and angled models<br \/>\n\u2013 Built in aluminum, stainless steel or steel<br \/>\n\u2013 Suitable for both dry and wet environments<\/p>\n<p>They are used in, among other things, the food industry, engineering, woodworking, the plastics industry and the defense sector.<\/p>\n<h3>Which industries use your transportation systems?<\/h3>\n<p>We deliver customized transport systems to several industries:<br \/>\n\u2013 Manufacturing industry<br \/>\n\u2013 Food industry<br \/>\n\u2013 Warehouse and logistics<br \/>\n\u2013 Recycling industry (especially plastics)<br \/>\n\u2013 Plastics industry<br \/>\n\u2013 Woodworking<br \/>\n\u2013 Pharmaceutical industry<br \/>\n\u2013 Defense industry<\/p>\n<h3>How can an efficient transportation system improve production flow?<\/h3>\n<p>A well-planned transport system contributes to:<br \/>\n\u2013 Reduced production stops<br \/>\n\u2013 Increased efficiency<br \/>\n\u2013 Better working environment<br \/>\n\u2013 Safer and faster flows from start to final destination<\/p>\n<\/div><\/div><\/div><\/div><\/div><\/div><div class=\"wpb_column pos-top pos-center align_left column_parent col-lg-6 single-internal-gutter\"><div class=\"uncol style-light\"  ><div class=\"uncoltable\"><div class=\"uncell no-block-padding\" ><div class=\"uncont\" ><div class=\"vc_row row-internal row-container\"><div class=\"row row-child\"><div class=\"wpb_row row-inner\"><div class=\"wpb_column pos-top pos-center align_left column_child col-lg-12 single-internal-gutter\"><div class=\"uncol style-light\" ><div class=\"uncoltable\"><div class=\"uncell no-block-padding\" ><div class=\"uncont\" ><div class=\"uncode_text_column\" ><\/p>\n<h3>What materials are used in your conveyor belts for durability and performance?<\/h3>\n<p>We build the conveyors ourselves, while the belts are purchased from carefully selected suppliers depending on the project requirements. This means we can always offer the most suitable belt material for each unique solution.<\/p>\n<h3>Do you offer customized carriers for specific needs?<\/h3>\n<p>Yes! Customization is standard with us. We start from basic models, but each solution is customized to match your specific needs \u2013 regardless of industry or production environment.<\/p>\n<h3>What is the difference between different types of conveyor belts, such as PVC, modular belts and steel belts?<\/h3>\n<p>Different belt materials have different properties:<br \/>\n\u2013 PVC tape \u2013 cost-effective, easy to maintain<br \/>\n\u2013 Modular belt \u2013 withstands water and high stress<br \/>\n\u2013 Steel belts \u2013 suitable for extreme temperatures and heavier applications<\/p>\n<h3>What safety aspects should be considered when choosing a carrier?<\/h3>\n<p>Safety depends on how and where the conveyor is used. We take into account, for example:<br \/>\n\u2013 Protection against pinch injuries<br \/>\n\u2013 Emergency stop and sensors<br \/>\n\u2013 Hygiene requirements in food environments<br \/>\n\u2013 Availability for service<\/p>\n<h3>In which environments is a fire-rated conveyor needed?<\/h3>\n<p>The need for a fire-rated conveyor arises in environments where fire safety is crucial, such as in certain parts of the food or defense industries. Our belt conveyors can be customized with fire-rated components if necessary.<\/p>\n<h3>What are the advantages of a fire-rated conveyor in industrial environments?<\/h3>\n<p>The benefits include:<br \/>\n\u2013 Increased security<br \/>\n\u2013 Reduced risk of spread in the event of a fire<br \/>\n\u2013 Meeting industry-specific security requirements<br \/>\nContact us for advice on fire-rated solutions.<\/p>\n<h3>How often does a transportation system need service and maintenance?<\/h3>\n<p>Maintenance needs vary depending on:<br \/>\n\u2013 Type of conveyor<br \/>\n\u2013 Frequency of use<br \/>\n\u2013 Type of environment (e.g. hygiene requirements in the food industry)<br \/>\nWe offer advice and service agreements tailored to your business.<\/p>\n<h3>How do I order a conveyor belt or transport system from you?<\/h3>\n<p>You can easily get in touch with us via:<br \/>\n\u2013 The contact form on our website<br \/>\n\u2013 Email<br \/>\n\u2013 Phone<\/p>\n<p>Visit <a href=\"https:\/\/bofabconveyor.se\/en\/kontakt\/\">Contact-page <strong>here<\/strong><\/a>.<\/p>\n<p>\n<\/div><\/div><\/div><\/div><\/div><\/div><\/div><\/div><\/div><\/div><\/div><\/div><\/div><\/div><script id=\"script-row-unique-2\" data-row=\"script-row-unique-2\" type=\"text\/javascript\" class=\"vc_controls\">UNCODE.initRow(document.getElementById(\"row-unique-2\"));<\/script><\/div><\/div><\/div>\n<\/div>","protected":false},"excerpt":{"rendered":"FAQVanliga fr\u00e5gor.Kontakta oss om du inte hittar svar p\u00e5 din fr\u00e5ga. Hur l\u00e5gbyggda kan man f\u00e5 era banor? Bandtransport\u00f6rer: 45 [...]","protected":false},"author":1,"featured_media":0,"parent":0,"menu_order":0,"comment_status":"closed","ping_status":"closed","template":"","meta":{"footnotes":""},"class_list":["post-222","page","type-page","status-publish","hentry"],"yoast_head":"<!-- This site is optimized with the Yoast SEO plugin v27.2 - https:\/\/yoast.com\/product\/yoast-seo-wordpress\/ -->\n<title>FAQ - Bofab transport\u00f6rsystem<\/title>\n<meta name=\"description\" content=\"Hitta svar p\u00e5 vanliga fr\u00e5gor om v\u00e5ra transport\u00f6rl\u00f6sningar och tj\u00e4nster. P\u00e5 v\u00e5r FAQ-sida ger vi dig snabb information.\" \/>\n<meta name=\"robots\" content=\"index, follow, max-snippet:-1, max-image-preview:large, max-video-preview:-1\" \/>\n<link rel=\"canonical\" href=\"https:\/\/bofabconveyor.se\/en\/faq\/\" \/>\n<meta property=\"og:locale\" content=\"en_GB\" \/>\n<meta property=\"og:type\" content=\"article\" \/>\n<meta property=\"og:title\" content=\"FAQ - Bofab transport\u00f6rsystem\" \/>\n<meta property=\"og:description\" content=\"Hitta svar p\u00e5 vanliga fr\u00e5gor om v\u00e5ra transport\u00f6rl\u00f6sningar och tj\u00e4nster. P\u00e5 v\u00e5r FAQ-sida ger vi dig snabb information.\" \/>\n<meta property=\"og:url\" content=\"https:\/\/bofabconveyor.se\/en\/faq\/\" \/>\n<meta property=\"og:site_name\" content=\"Bofab transport\u00f6rsystem\" \/>\n<meta property=\"article:publisher\" content=\"https:\/\/www.facebook.com\/bofabconveyor\/\" \/>\n<meta property=\"article:modified_time\" content=\"2025-09-23T14:01:24+00:00\" \/>\n<meta name=\"twitter:card\" content=\"summary_large_image\" \/>\n<meta name=\"twitter:label1\" content=\"Estimated reading time\" \/>\n\t<meta name=\"twitter:data1\" content=\"5 minutes\" \/>\n<script type=\"application\/ld+json\" class=\"yoast-schema-graph\">{\"@context\":\"https:\/\/schema.org\",\"@graph\":[{\"@type\":\"WebPage\",\"@id\":\"https:\/\/bofabconveyor.se\/faq\/\",\"url\":\"https:\/\/bofabconveyor.se\/faq\/\",\"name\":\"FAQ - Bofab transport\u00f6rsystem\",\"isPartOf\":{\"@id\":\"https:\/\/bofabconveyor.se\/#website\"},\"datePublished\":\"2024-05-28T05:10:39+00:00\",\"dateModified\":\"2025-09-23T14:01:24+00:00\",\"description\":\"Hitta svar p\u00e5 vanliga fr\u00e5gor om v\u00e5ra transport\u00f6rl\u00f6sningar och tj\u00e4nster. P\u00e5 v\u00e5r FAQ-sida ger vi dig snabb information.\",\"breadcrumb\":{\"@id\":\"https:\/\/bofabconveyor.se\/faq\/#breadcrumb\"},\"inLanguage\":\"en-GB\",\"potentialAction\":[{\"@type\":\"ReadAction\",\"target\":[\"https:\/\/bofabconveyor.se\/faq\/\"]}]},{\"@type\":\"BreadcrumbList\",\"@id\":\"https:\/\/bofabconveyor.se\/faq\/#breadcrumb\",\"itemListElement\":[{\"@type\":\"ListItem\",\"position\":1,\"name\":\"Hem\",\"item\":\"https:\/\/bofabconveyor.se\/\"},{\"@type\":\"ListItem\",\"position\":2,\"name\":\"FAQ\"}]},{\"@type\":\"WebSite\",\"@id\":\"https:\/\/bofabconveyor.se\/#website\",\"url\":\"https:\/\/bofabconveyor.se\/\",\"name\":\"Bofab transport\u00f6rsystem\",\"description\":\"Tillverkare av transport\u00f6rer i \u00f6ver 50 \u00e5r\",\"potentialAction\":[{\"@type\":\"SearchAction\",\"target\":{\"@type\":\"EntryPoint\",\"urlTemplate\":\"https:\/\/bofabconveyor.se\/?s={search_term_string}\"},\"query-input\":{\"@type\":\"PropertyValueSpecification\",\"valueRequired\":true,\"valueName\":\"search_term_string\"}}],\"inLanguage\":\"en-GB\"}]}<\/script>\n<!-- \/ Yoast SEO plugin. -->","yoast_head_json":{"title":"FAQ - Bofab transport\u00f6rsystem","description":"Hitta svar p\u00e5 vanliga fr\u00e5gor om v\u00e5ra transport\u00f6rl\u00f6sningar och tj\u00e4nster. P\u00e5 v\u00e5r FAQ-sida ger vi dig snabb information.","robots":{"index":"index","follow":"follow","max-snippet":"max-snippet:-1","max-image-preview":"max-image-preview:large","max-video-preview":"max-video-preview:-1"},"canonical":"https:\/\/bofabconveyor.se\/en\/faq\/","og_locale":"en_GB","og_type":"article","og_title":"FAQ - Bofab transport\u00f6rsystem","og_description":"Hitta svar p\u00e5 vanliga fr\u00e5gor om v\u00e5ra transport\u00f6rl\u00f6sningar och tj\u00e4nster. P\u00e5 v\u00e5r FAQ-sida ger vi dig snabb information.","og_url":"https:\/\/bofabconveyor.se\/en\/faq\/","og_site_name":"Bofab transport\u00f6rsystem","article_publisher":"https:\/\/www.facebook.com\/bofabconveyor\/","article_modified_time":"2025-09-23T14:01:24+00:00","twitter_card":"summary_large_image","twitter_misc":{"Estimated reading time":"5 minutes"},"schema":{"@context":"https:\/\/schema.org","@graph":[{"@type":"WebPage","@id":"https:\/\/bofabconveyor.se\/faq\/","url":"https:\/\/bofabconveyor.se\/faq\/","name":"FAQ - Bofab transport\u00f6rsystem","isPartOf":{"@id":"https:\/\/bofabconveyor.se\/#website"},"datePublished":"2024-05-28T05:10:39+00:00","dateModified":"2025-09-23T14:01:24+00:00","description":"Hitta svar p\u00e5 vanliga fr\u00e5gor om v\u00e5ra transport\u00f6rl\u00f6sningar och tj\u00e4nster. P\u00e5 v\u00e5r FAQ-sida ger vi dig snabb information.","breadcrumb":{"@id":"https:\/\/bofabconveyor.se\/faq\/#breadcrumb"},"inLanguage":"en-GB","potentialAction":[{"@type":"ReadAction","target":["https:\/\/bofabconveyor.se\/faq\/"]}]},{"@type":"BreadcrumbList","@id":"https:\/\/bofabconveyor.se\/faq\/#breadcrumb","itemListElement":[{"@type":"ListItem","position":1,"name":"Hem","item":"https:\/\/bofabconveyor.se\/"},{"@type":"ListItem","position":2,"name":"FAQ"}]},{"@type":"WebSite","@id":"https:\/\/bofabconveyor.se\/#website","url":"https:\/\/bofabconveyor.se\/","name":"Bofab Conveyor","description":"Tillverkare av transport\u00f6rer i \u00f6ver 50 \u00e5r","potentialAction":[{"@type":"SearchAction","target":{"@type":"EntryPoint","urlTemplate":"https:\/\/bofabconveyor.se\/?s={search_term_string}"},"query-input":{"@type":"PropertyValueSpecification","valueRequired":true,"valueName":"search_term_string"}}],"inLanguage":"en-GB"}]}},"_links":{"self":[{"href":"https:\/\/bofabconveyor.se\/en\/wp-json\/wp\/v2\/pages\/222","targetHints":{"allow":["GET"]}}],"collection":[{"href":"https:\/\/bofabconveyor.se\/en\/wp-json\/wp\/v2\/pages"}],"about":[{"href":"https:\/\/bofabconveyor.se\/en\/wp-json\/wp\/v2\/types\/page"}],"author":[{"embeddable":true,"href":"https:\/\/bofabconveyor.se\/en\/wp-json\/wp\/v2\/users\/1"}],"replies":[{"embeddable":true,"href":"https:\/\/bofabconveyor.se\/en\/wp-json\/wp\/v2\/comments?post=222"}],"version-history":[{"count":30,"href":"https:\/\/bofabconveyor.se\/en\/wp-json\/wp\/v2\/pages\/222\/revisions"}],"predecessor-version":[{"id":1000,"href":"https:\/\/bofabconveyor.se\/en\/wp-json\/wp\/v2\/pages\/222\/revisions\/1000"}],"wp:attachment":[{"href":"https:\/\/bofabconveyor.se\/en\/wp-json\/wp\/v2\/media?parent=222"}],"curies":[{"name":"wp","href":"https:\/\/api.w.org\/{rel}","templated":true}]}}