{"id":195,"date":"2024-05-27T12:19:41","date_gmt":"2024-05-27T12:19:41","guid":{"rendered":"https:\/\/bofabconveyor.se\/\/?page_id=195"},"modified":"2025-09-23T14:59:28","modified_gmt":"2025-09-23T13:59:28","slug":"bandtyp","status":"publish","type":"page","link":"https:\/\/bofabconveyor.se\/en\/bandtyp\/","title":{"rendered":"Belt type"},"content":{"rendered":"<div class=\"wpb-content-wrapper\"><div data-parent=\"true\" class=\"vc_row row-container\" id=\"row-unique-0\"><div class=\"row unequal col-no-gutter no-top-padding no-bottom-padding no-h-padding full-width row-parent\"><div class=\"wpb_row row-inner\"><div class=\"wpb_column pos-top pos-center align_left column_parent col-lg-6 single-internal-gutter\"><div class=\"uncol style-light\"  ><div class=\"uncoltable\"><div class=\"uncell quad-block-padding\" ><div class=\"column-background background-element\">\n\t\t\t\t\t\t\t\t\t\t\t<div class=\"background-wrapper\">\n\t\t\t\t\t\t\t\t\t\t\t\t<div class=\"background-inner\" style=\"background-image: url(https:\/\/bofabconveyor.se\/wp-content\/uploads\/2024\/08\/Bakgrund_svart.png);background-repeat: no-repeat;background-position: center center;background-size: cover;\" data-o_src=\"https:\/\/bofabconveyor.se\/wp-content\/uploads\/2024\/08\/Bakgrund_svart.png\"><\/div>\n\t\t\t\t\t\t\t\t\t\t\t\t<div class=\"block-bg-overlay style-color-xsdn-bg\" style=\"opacity: 0.95;\"><\/div>\n\t\t\t\t\t\t\t\t\t\t\t<\/div>\n\t\t\t\t\t\t\t\t\t\t<\/div><div class=\"uncont\" ><div class=\"vc_custom_heading_wrap\"><div class=\"heading-text el-text\" ><h1 class=\"h6 text-accent-color text-uppercase\" ><span>Belt type<\/span><\/h1><\/div><div class=\"clear\"><\/div><\/div><div class=\"vc_custom_heading_wrap\"><div class=\"heading-text el-text\" ><h2 class=\"h2 text-uppercase\" ><span>Choose the correct belt type for your production<\/span><\/h2><\/div><div class=\"clear\"><\/div><\/div><div class=\"uncode_text_column vc_custom_1731321141666 text-color-prif-color\"  style=\"margin-top: 15px ;\"><p>Choosing the right belt type is critical to maximizing the efficiency and reliability of your production. Depending on the requirements of the application, such as durability, flexibility, hygiene or permeability properties, there are different options to consider. <strong>Plastic Modular Belt<\/strong> is good for tougher environments and can be adapted for knife transitions, while polyester <strong>weave<\/strong> offers strength and versatility. For processes where air, cold or liquid need to pass through the belt, is <strong>steel mesh belt<\/strong> is an excellent choice.  If hygiene is a priority, especially in the food industry, is <strong>homogeneous polyurethane belt<\/strong> the best option, with easy cleaning and a smooth surface that reduces bacterial growth. By choosing the right belt type for your production, you ensure both functionality and long-term reliability. Below you will find a selection of our band types.<\/p>\n<p>Read more about our solutions <a href=\"https:\/\/bofabconveyor.se\/en\/vara-losningar\/\">here<\/a><\/p>\n<\/div><div class=\"vc_row row-internal row-container\"><div class=\"row row-child\"><div class=\"wpb_row row-inner\"><div class=\"wpb_column pos-top pos-center align_left column_child col-lg-6 single-internal-gutter\"><div class=\"uncol style-light\" ><div class=\"uncoltable\"><div class=\"uncell no-block-padding\" ><div class=\"uncont\" ><span class=\"btn-container\" ><a href=\"https:\/\/bofabconveyor.se\/en\/kontakt\/\" class=\"custom-link h5 btn-custom-typo font-658784 font-weight-400 text-uppercase no-letterspace border-width-0 text-accent-color btn-icon-right\" title=\"CONTACT\">Contact us for quotation<i class=\"fa fa-angle-right\"><\/i><\/a><\/span><\/div><\/div><\/div><\/div><\/div><div class=\"wpb_column pos-top pos-center align_left column_child col-lg-6 single-internal-gutter\"><div class=\"uncol style-light\" ><div class=\"uncoltable\"><div class=\"uncell no-block-padding\" ><div class=\"uncont\" ><\/div><\/div><\/div><\/div><\/div><\/div><\/div><\/div><\/div><\/div><\/div><\/div><\/div><div class=\"wpb_column pos-top pos-center align_left column_parent col-lg-6 single-internal-gutter\"><div class=\"uncol style-light\"  ><div class=\"uncoltable\"><div class=\"uncell single-block-padding\" ><div class=\"column-background background-element\">\n\t\t\t\t\t\t\t\t\t\t\t<div class=\"background-wrapper\">\n\t\t\t\t\t\t\t\t\t\t\t\t<div class=\"background-inner\" style=\"background-image: url(https:\/\/bofabconveyor.se\/wp-content\/uploads\/2024\/05\/image-20.jpeg);background-repeat: no-repeat;background-position: center center;background-size: cover;\" data-o_src=\"https:\/\/bofabconveyor.se\/wp-content\/uploads\/2024\/05\/image-20.jpeg\"><\/div>\n\t\t\t\t\t\t\t\t\t\t\t\t\n\t\t\t\t\t\t\t\t\t\t\t<\/div>\n\t\t\t\t\t\t\t\t\t\t<\/div><div class=\"uncont\" ><div class=\"empty-space empty-quad\" ><span class=\"empty-space-inner\"><\/span><\/div>\n<div class=\"empty-space empty-quad\" ><span class=\"empty-space-inner\"><\/span><\/div>\n<\/div><\/div><\/div><\/div><\/div><script id=\"script-row-unique-0\" data-row=\"script-row-unique-0\" type=\"text\/javascript\" class=\"vc_controls\">UNCODE.initRow(document.getElementById(\"row-unique-0\"));<\/script><\/div><\/div><\/div><div data-parent=\"true\" class=\"vc_row row-container\" id=\"row-unique-1\"><div class=\"row-background background-element\" style=\"opacity: 1;\">\n\t\t\t\t\t\t\t\t\t\t\t<div class=\"background-wrapper\">\n\t\t\t\t\t\t\t\t\t\t\t\t<div class=\"background-inner\"><\/div>\n\t\t\t\t\t\t\t\t\t\t\t\t<div class=\"block-bg-overlay style-color-475720-bg\" style=\"opacity: 0.06;\"><\/div>\n\t\t\t\t\t\t\t\t\t\t\t<\/div>\n\t\t\t\t\t\t\t\t\t\t<\/div><div class=\"row col-double-gutter double-top-padding double-bottom-padding single-h-padding limit-width row-parent\"><div class=\"wpb_row row-inner\"><div class=\"wpb_column pos-middle pos-left align_left column_parent col-lg-6 col-md-50 single-internal-gutter\"><div class=\"uncol style-light\"  ><div class=\"uncoltable\"><div class=\"uncell no-block-padding\" ><div class=\"uncont\" ><div class=\"vc_custom_heading_wrap\"><div class=\"heading-text el-text\" ><h3 class=\"h3 text-uppercase\" ><span>Plastic Modular Belt<\/span><\/h3><\/div><div class=\"clear\"><\/div><\/div><div class=\"uncode_text_column vc_custom_1731327617195 text-color-prif-color\"  style=\"margin-top: 15px ;\"><p>Plastic modular belts are conveyor belts that are designed to handle tough and demanding applications, especially in environments where other materials often cannot withstand the stresses. They are widely used in industries such as food production, automotive and other manufacturing processes, where both performance and durability are crucial.<\/p>\n<p>Plastic modular belts offer high durability and resistance to mechanical wear, which means they last a long time and become cost-effective over time.<\/p>\n<p>They are an excellent choice for creating efficient and durable transport solutions in tough and humid environments, where both high reliability and long service life play an important role.<\/p>\n<\/div><\/div><\/div><\/div><\/div><\/div><div class=\"wpb_column pos-top pos-center align_left column_parent col-lg-6 inverted-device-order tablet-hidden mobile-hidden col-md-50 single-internal-gutter\"><div class=\"uncol style-light\"  ><div class=\"uncoltable\"><div class=\"uncell no-block-padding\" ><div class=\"uncont\" ><div class=\"uncode-single-media  text-right\"><div class=\"single-wrapper\" style=\"max-width: 100%;\"><div class=\"tmb tmb-light  tmb-img-ratio tmb-media-first tmb-media-last tmb-content-overlay tmb-no-bg tmb-lightbox\"><div class=\"t-inside\"><div class=\"t-entry-visual\"><div class=\"t-entry-visual-tc\"><div class=\"uncode-single-media-wrapper\"><div class=\"dummy\" style=\"padding-top: 66.7%;\"><\/div><a tabindex=\"-1\" href=\"https:\/\/bofabconveyor.se\/wp-content\/uploads\/2024\/05\/image-47.png\" class=\"pushed\" data-active=\"1\" data-lbox=\"ilightbox_single-311656\" data-external-thumb-image=\"https:\/\/bofabconveyor.se\/wp-content\/uploads\/2024\/05\/image-47-150x150.png\" data-lg-size=\"1024-683\"><img decoding=\"async\" class=\"wp-image-310\" src=\"https:\/\/bofabconveyor.se\/wp-content\/uploads\/2024\/05\/image-47.png\" width=\"1024\" height=\"683\" alt=\"\" srcset=\"https:\/\/bofabconveyor.se\/wp-content\/uploads\/2024\/05\/image-47.png 1024w, https:\/\/bofabconveyor.se\/wp-content\/uploads\/2024\/05\/image-47-300x200.png 300w, https:\/\/bofabconveyor.se\/wp-content\/uploads\/2024\/05\/image-47-768x512.png 768w, https:\/\/bofabconveyor.se\/wp-content\/uploads\/2024\/05\/image-47-350x233.png 350w, https:\/\/bofabconveyor.se\/wp-content\/uploads\/2024\/05\/image-47-uai-720x480.png 720w\" sizes=\"(max-width: 1024px) 100vw, 1024px\" \/><\/a><\/div>\n\t\t\t\t\t<\/div>\n\t\t\t\t<\/div><\/div><\/div><\/div><\/div><\/div><\/div><\/div><\/div><\/div><script id=\"script-row-unique-1\" data-row=\"script-row-unique-1\" type=\"text\/javascript\" class=\"vc_controls\">UNCODE.initRow(document.getElementById(\"row-unique-1\"));<\/script><\/div><\/div><\/div><div data-parent=\"true\" class=\"vc_row row-container\" id=\"row-unique-2\"><div class=\"row col-double-gutter double-top-padding double-bottom-padding single-h-padding limit-width row-parent\"><div class=\"wpb_row row-inner\"><div class=\"wpb_column pos-middle pos-left align_left column_parent col-lg-6 col-md-50 single-internal-gutter\"><div class=\"uncol style-light\"  ><div class=\"uncoltable\"><div class=\"uncell no-block-padding\" ><div class=\"uncont\" ><div class=\"vc_custom_heading_wrap\"><div class=\"heading-text el-text\" ><h3 class=\"h3 text-uppercase\" ><span>Polyester weave<\/span><\/h3><\/div><div class=\"clear\"><\/div><\/div><div class=\"uncode_text_column vc_custom_1731327467728 text-color-prif-color\"  style=\"margin-top: 15px ;\"><p>Polyester weave with a top layer of PVC\/polyurethane is a very versatile and durable conveyor belt. It is used in a range of industries to handle both lower and tougher production flows. PVC\/polyurethane provides a conveyor belt that is both strong and durable, while offering good flexibility to adapt to different applications. Can be mounted with, or without, different carriers from a height of 6 mm to 100 mm, with different distances depending on the product and transport rise.<\/p>\n<p>With their resistance to moisture, chemicals and wear, they are an excellent choice for demanding applications where both durability and functionality are important.<\/p>\n<\/div><\/div><\/div><\/div><\/div><\/div><div class=\"wpb_column pos-top pos-center align_left column_parent col-lg-6 inverted-device-order tablet-hidden mobile-hidden col-md-50 single-internal-gutter\"><div class=\"uncol style-light\"  ><div class=\"uncoltable\"><div class=\"uncell no-block-padding\" ><div class=\"uncont\" ><div class=\"uncode-single-media  text-right\"><div class=\"single-wrapper\" style=\"max-width: 100%;\"><div class=\"tmb tmb-light  tmb-img-ratio tmb-media-first tmb-media-last tmb-content-overlay tmb-no-bg tmb-lightbox\"><div class=\"t-inside\"><div class=\"t-entry-visual\"><div class=\"t-entry-visual-tc\"><div class=\"uncode-single-media-wrapper\"><div class=\"dummy\" style=\"padding-top: 66.7%;\"><\/div><a tabindex=\"-1\" href=\"https:\/\/bofabconveyor.se\/wp-content\/uploads\/2024\/05\/image-46.jpeg\" class=\"pushed\" data-active=\"1\" data-lbox=\"ilightbox_single-614073\" data-external-thumb-image=\"https:\/\/bofabconveyor.se\/wp-content\/uploads\/2024\/05\/image-46-150x150.jpeg\" data-lg-size=\"820-547\"><img decoding=\"async\" class=\"wp-image-197\" src=\"https:\/\/bofabconveyor.se\/wp-content\/uploads\/2024\/05\/image-46.jpeg\" width=\"820\" height=\"547\" alt=\"\" srcset=\"https:\/\/bofabconveyor.se\/wp-content\/uploads\/2024\/05\/image-46.jpeg 820w, https:\/\/bofabconveyor.se\/wp-content\/uploads\/2024\/05\/image-46-300x200.jpeg 300w, https:\/\/bofabconveyor.se\/wp-content\/uploads\/2024\/05\/image-46-768x512.jpeg 768w, https:\/\/bofabconveyor.se\/wp-content\/uploads\/2024\/05\/image-46-350x233.jpeg 350w, https:\/\/bofabconveyor.se\/wp-content\/uploads\/2024\/05\/image-46-uai-720x480.jpeg 720w\" sizes=\"(max-width: 820px) 100vw, 820px\" \/><\/a><\/div>\n\t\t\t\t\t<\/div>\n\t\t\t\t<\/div><\/div><\/div><\/div><\/div><\/div><\/div><\/div><\/div><\/div><script id=\"script-row-unique-2\" data-row=\"script-row-unique-2\" type=\"text\/javascript\" class=\"vc_controls\">UNCODE.initRow(document.getElementById(\"row-unique-2\"));<\/script><\/div><\/div><\/div><div data-parent=\"true\" class=\"vc_row row-container\" id=\"row-unique-3\"><div class=\"row-background background-element\" style=\"opacity: 1;\">\n\t\t\t\t\t\t\t\t\t\t\t<div class=\"background-wrapper\">\n\t\t\t\t\t\t\t\t\t\t\t\t<div class=\"background-inner\"><\/div>\n\t\t\t\t\t\t\t\t\t\t\t\t<div class=\"block-bg-overlay style-color-475720-bg\" style=\"opacity: 0.06;\"><\/div>\n\t\t\t\t\t\t\t\t\t\t\t<\/div>\n\t\t\t\t\t\t\t\t\t\t<\/div><div class=\"row col-double-gutter double-top-padding double-bottom-padding single-h-padding limit-width row-parent\"><div class=\"wpb_row row-inner\"><div class=\"wpb_column pos-middle pos-left align_left column_parent col-lg-6 col-md-50 single-internal-gutter\"><div class=\"uncol style-light\"  ><div class=\"uncoltable\"><div class=\"uncell no-block-padding\" ><div class=\"uncont\" ><div class=\"vc_custom_heading_wrap\"><div class=\"heading-text el-text\" ><h3 class=\"h3 text-uppercase\" ><span>Steel mesh belt<\/span><\/h3><\/div><div class=\"clear\"><\/div><\/div><div class=\"uncode_text_column vc_custom_1731505492742 text-color-prif-color\"  style=\"margin-top: 15px ;\"><p>Steel mesh belts are used when it is essential to allow air, cold, heat or liquid to pass during the transport process. These mesh belts are particularly effective in situations where the temperature of the product or the need for air circulation affects the transport flow. It is also effective when it is necessary for liquids to flow through or be vented out.<\/p>\n<p>Because steel mesh belts are made of metal, they withstand high temperatures much better than many other types of conveyor belts. Therefore, they are often used in processes involving hot components.<\/p>\n<p>Steel mesh belts are extremely durable and resist both mechanical wear and tough working conditions. This makes them a cost-effective option in the long term, as they do not need to be replaced as often as other transport solutions.<\/p>\n<\/div><\/div><\/div><\/div><\/div><\/div><div class=\"wpb_column pos-top pos-center align_left column_parent col-lg-6 inverted-device-order tablet-hidden mobile-hidden col-md-50 single-internal-gutter\"><div class=\"uncol style-light\"  ><div class=\"uncoltable\"><div class=\"uncell no-block-padding\" ><div class=\"uncont\" ><div class=\"uncode-single-media  text-right\"><div class=\"single-wrapper\" style=\"max-width: 100%;\"><div class=\"tmb tmb-light  tmb-img-ratio tmb-media-first tmb-media-last tmb-content-overlay tmb-no-bg tmb-lightbox\"><div class=\"t-inside\"><div class=\"t-entry-visual\"><div class=\"t-entry-visual-tc\"><div class=\"uncode-single-media-wrapper\"><div class=\"dummy\" style=\"padding-top: 66.6%;\"><\/div><a tabindex=\"-1\" href=\"https:\/\/bofabconveyor.se\/wp-content\/uploads\/2024\/05\/image-49-uai-796x530-1.png\" class=\"pushed\" data-active=\"1\" data-lbox=\"ilightbox_single-416174\" data-external-thumb-image=\"https:\/\/bofabconveyor.se\/wp-content\/uploads\/2024\/05\/image-49-uai-796x530-1-150x150.png\" data-lg-size=\"796-530\"><img decoding=\"async\" class=\"wp-image-309\" src=\"https:\/\/bofabconveyor.se\/wp-content\/uploads\/2024\/05\/image-49-uai-796x530-1.png\" width=\"796\" height=\"530\" alt=\"st&aring;ln&auml;t-band\" srcset=\"https:\/\/bofabconveyor.se\/wp-content\/uploads\/2024\/05\/image-49-uai-796x530-1.png 796w, https:\/\/bofabconveyor.se\/wp-content\/uploads\/2024\/05\/image-49-uai-796x530-1-300x200.png 300w, https:\/\/bofabconveyor.se\/wp-content\/uploads\/2024\/05\/image-49-uai-796x530-1-768x511.png 768w, https:\/\/bofabconveyor.se\/wp-content\/uploads\/2024\/05\/image-49-uai-796x530-1-350x233.png 350w, https:\/\/bofabconveyor.se\/wp-content\/uploads\/2024\/05\/image-49-uai-796x530-1-uai-720x480.png 720w\" sizes=\"(max-width: 796px) 100vw, 796px\" \/><\/a><\/div>\n\t\t\t\t\t<\/div>\n\t\t\t\t<\/div><\/div><\/div><\/div><\/div><\/div><\/div><\/div><\/div><\/div><script id=\"script-row-unique-3\" data-row=\"script-row-unique-3\" type=\"text\/javascript\" class=\"vc_controls\">UNCODE.initRow(document.getElementById(\"row-unique-3\"));<\/script><\/div><\/div><\/div><div data-parent=\"true\" class=\"vc_row row-container\" id=\"row-unique-4\"><div class=\"row col-double-gutter double-top-padding double-bottom-padding single-h-padding limit-width row-parent\"><div class=\"wpb_row row-inner\"><div class=\"wpb_column pos-middle pos-left align_left column_parent col-lg-6 col-md-50 single-internal-gutter\"><div class=\"uncol style-light\"  ><div class=\"uncoltable\"><div class=\"uncell no-block-padding\" ><div class=\"uncont\" ><div class=\"vc_custom_heading_wrap\"><div class=\"heading-text el-text\" ><h3 class=\"h3 text-uppercase\" ><span>Homogenous polyurethane belt<\/span><\/h3><\/div><div class=\"clear\"><\/div><\/div><div class=\"uncode_text_column vc_custom_1731327928620 text-color-prif-color\"  style=\"margin-top: 15px ;\"><p>This conveyor belt is specially designed to meet the strict hygiene requirements of the food industry and other industries. Because cleanliness and safety are essential. The smooth and homogeneous surface of the polyurethane belt makes it easy to clean. This reduces the risk of dirt, grease and bacteria sticking to the belt's surface.<\/p>\n<p>Polyurethane is resistant to many types of chemicals, including acids, oils and greases. Therefore, homogeneous polyurethane belts can be used in environments where these substances are present, without the belt losing its functional properties.<\/p>\n<p>The polyurethane belt meets the requirements set by the food industry today.<\/p>\n<\/div><\/div><\/div><\/div><\/div><\/div><div class=\"wpb_column pos-top pos-center align_left column_parent col-lg-6 inverted-device-order tablet-hidden mobile-hidden col-md-50 single-internal-gutter\"><div class=\"uncol style-light\"  ><div class=\"uncoltable\"><div class=\"uncell no-block-padding\" ><div class=\"uncont\" ><div class=\"uncode-single-media  text-right\"><div class=\"single-wrapper\" style=\"max-width: 100%;\"><div class=\"tmb tmb-light  tmb-img-ratio tmb-media-first tmb-media-last tmb-content-overlay tmb-no-bg tmb-lightbox\"><div class=\"t-inside\"><div class=\"t-entry-visual\"><div class=\"t-entry-visual-tc\"><div class=\"uncode-single-media-wrapper\"><div class=\"dummy\" style=\"padding-top: 66.7%;\"><\/div><a tabindex=\"-1\" href=\"https:\/\/bofabconveyor.se\/wp-content\/uploads\/2024\/05\/image-48.jpeg\" class=\"pushed\" data-active=\"1\" data-lbox=\"ilightbox_single-143736\" data-external-thumb-image=\"https:\/\/bofabconveyor.se\/wp-content\/uploads\/2024\/05\/image-48-150x150.jpeg\" data-lg-size=\"1024-683\"><img decoding=\"async\" class=\"wp-image-199\" src=\"https:\/\/bofabconveyor.se\/wp-content\/uploads\/2024\/05\/image-48.jpeg\" width=\"1024\" height=\"683\" alt=\"\" srcset=\"https:\/\/bofabconveyor.se\/wp-content\/uploads\/2024\/05\/image-48.jpeg 1024w, https:\/\/bofabconveyor.se\/wp-content\/uploads\/2024\/05\/image-48-300x200.jpeg 300w, https:\/\/bofabconveyor.se\/wp-content\/uploads\/2024\/05\/image-48-768x512.jpeg 768w, https:\/\/bofabconveyor.se\/wp-content\/uploads\/2024\/05\/image-48-350x233.jpeg 350w, https:\/\/bofabconveyor.se\/wp-content\/uploads\/2024\/05\/image-48-uai-720x480.jpeg 720w\" sizes=\"(max-width: 1024px) 100vw, 1024px\" \/><\/a><\/div>\n\t\t\t\t\t<\/div>\n\t\t\t\t<\/div><\/div><\/div><\/div><\/div><\/div><\/div><\/div><\/div><\/div><script id=\"script-row-unique-4\" data-row=\"script-row-unique-4\" type=\"text\/javascript\" class=\"vc_controls\">UNCODE.initRow(document.getElementById(\"row-unique-4\"));<\/script><\/div><\/div><\/div>\n<\/div>","protected":false},"excerpt":{"rendered":"BandtypV\u00e4lj r\u00e4tt bandtyp f\u00f6r din produktionAtt v\u00e4lja r\u00e4tt bandtyp \u00e4r avg\u00f6rande f\u00f6r att maximera effektiviteten och p\u00e5litligheten i din produktion. [...]","protected":false},"author":1,"featured_media":0,"parent":0,"menu_order":0,"comment_status":"closed","ping_status":"closed","template":"","meta":{"footnotes":""},"class_list":["post-195","page","type-page","status-publish","hentry"],"yoast_head":"<!-- This site is optimized with the Yoast SEO plugin v27.2 - https:\/\/yoast.com\/product\/yoast-seo-wordpress\/ -->\n<title>Bandtyp - Se v\u00e5ra olika transportl\u00f6sningar - Bofab transport\u00f6rsystem<\/title>\n<meta name=\"description\" content=\"Det \u00e4r viktigt att v\u00e4lja r\u00e4tt bandtyp beroende p\u00e5 din produktion. Vi har ett stort utbud av olika bandtyper. Anpassade f\u00f6r din verksamhet.\" \/>\n<meta name=\"robots\" content=\"index, follow, max-snippet:-1, max-image-preview:large, max-video-preview:-1\" \/>\n<link rel=\"canonical\" href=\"https:\/\/bofabconveyor.se\/en\/bandtyp\/\" \/>\n<meta property=\"og:locale\" content=\"en_GB\" \/>\n<meta property=\"og:type\" content=\"article\" \/>\n<meta property=\"og:title\" content=\"Bandtyp - Se v\u00e5ra olika transportl\u00f6sningar - Bofab transport\u00f6rsystem\" \/>\n<meta property=\"og:description\" content=\"Det \u00e4r viktigt att v\u00e4lja r\u00e4tt bandtyp beroende p\u00e5 din produktion. Vi har ett stort utbud av olika bandtyper. Anpassade f\u00f6r din verksamhet.\" \/>\n<meta property=\"og:url\" content=\"https:\/\/bofabconveyor.se\/en\/bandtyp\/\" \/>\n<meta property=\"og:site_name\" content=\"Bofab transport\u00f6rsystem\" \/>\n<meta property=\"article:publisher\" content=\"https:\/\/www.facebook.com\/bofabconveyor\/\" \/>\n<meta property=\"article:modified_time\" content=\"2025-09-23T13:59:28+00:00\" \/>\n<meta name=\"twitter:card\" content=\"summary_large_image\" \/>\n<meta name=\"twitter:label1\" content=\"Estimated reading time\" \/>\n\t<meta name=\"twitter:data1\" content=\"5 minutes\" \/>\n<script type=\"application\/ld+json\" class=\"yoast-schema-graph\">{\"@context\":\"https:\/\/schema.org\",\"@graph\":[{\"@type\":\"WebPage\",\"@id\":\"https:\/\/bofabconveyor.se\/bandtyp\/\",\"url\":\"https:\/\/bofabconveyor.se\/bandtyp\/\",\"name\":\"Bandtyp - Se v\u00e5ra olika transportl\u00f6sningar - Bofab transport\u00f6rsystem\",\"isPartOf\":{\"@id\":\"https:\/\/bofabconveyor.se\/#website\"},\"datePublished\":\"2024-05-27T12:19:41+00:00\",\"dateModified\":\"2025-09-23T13:59:28+00:00\",\"description\":\"Det \u00e4r viktigt att v\u00e4lja r\u00e4tt bandtyp beroende p\u00e5 din produktion. Vi har ett stort utbud av olika bandtyper. Anpassade f\u00f6r din verksamhet.\",\"breadcrumb\":{\"@id\":\"https:\/\/bofabconveyor.se\/bandtyp\/#breadcrumb\"},\"inLanguage\":\"en-GB\",\"potentialAction\":[{\"@type\":\"ReadAction\",\"target\":[\"https:\/\/bofabconveyor.se\/bandtyp\/\"]}]},{\"@type\":\"BreadcrumbList\",\"@id\":\"https:\/\/bofabconveyor.se\/bandtyp\/#breadcrumb\",\"itemListElement\":[{\"@type\":\"ListItem\",\"position\":1,\"name\":\"Hem\",\"item\":\"https:\/\/bofabconveyor.se\/\"},{\"@type\":\"ListItem\",\"position\":2,\"name\":\"Bandtyp\"}]},{\"@type\":\"WebSite\",\"@id\":\"https:\/\/bofabconveyor.se\/#website\",\"url\":\"https:\/\/bofabconveyor.se\/\",\"name\":\"Bofab transport\u00f6rsystem\",\"description\":\"Tillverkare av transport\u00f6rer i \u00f6ver 50 \u00e5r\",\"potentialAction\":[{\"@type\":\"SearchAction\",\"target\":{\"@type\":\"EntryPoint\",\"urlTemplate\":\"https:\/\/bofabconveyor.se\/?s={search_term_string}\"},\"query-input\":{\"@type\":\"PropertyValueSpecification\",\"valueRequired\":true,\"valueName\":\"search_term_string\"}}],\"inLanguage\":\"en-GB\"}]}<\/script>\n<!-- \/ Yoast SEO plugin. -->","yoast_head_json":{"title":"Bandtyp - Se v\u00e5ra olika transportl\u00f6sningar - Bofab transport\u00f6rsystem","description":"Det \u00e4r viktigt att v\u00e4lja r\u00e4tt bandtyp beroende p\u00e5 din produktion. Vi har ett stort utbud av olika bandtyper. Anpassade f\u00f6r din verksamhet.","robots":{"index":"index","follow":"follow","max-snippet":"max-snippet:-1","max-image-preview":"max-image-preview:large","max-video-preview":"max-video-preview:-1"},"canonical":"https:\/\/bofabconveyor.se\/en\/bandtyp\/","og_locale":"en_GB","og_type":"article","og_title":"Bandtyp - Se v\u00e5ra olika transportl\u00f6sningar - Bofab transport\u00f6rsystem","og_description":"Det \u00e4r viktigt att v\u00e4lja r\u00e4tt bandtyp beroende p\u00e5 din produktion. Vi har ett stort utbud av olika bandtyper. Anpassade f\u00f6r din verksamhet.","og_url":"https:\/\/bofabconveyor.se\/en\/bandtyp\/","og_site_name":"Bofab transport\u00f6rsystem","article_publisher":"https:\/\/www.facebook.com\/bofabconveyor\/","article_modified_time":"2025-09-23T13:59:28+00:00","twitter_card":"summary_large_image","twitter_misc":{"Estimated reading time":"5 minutes"},"schema":{"@context":"https:\/\/schema.org","@graph":[{"@type":"WebPage","@id":"https:\/\/bofabconveyor.se\/bandtyp\/","url":"https:\/\/bofabconveyor.se\/bandtyp\/","name":"Bandtyp - Se v\u00e5ra olika transportl\u00f6sningar - Bofab transport\u00f6rsystem","isPartOf":{"@id":"https:\/\/bofabconveyor.se\/#website"},"datePublished":"2024-05-27T12:19:41+00:00","dateModified":"2025-09-23T13:59:28+00:00","description":"Det \u00e4r viktigt att v\u00e4lja r\u00e4tt bandtyp beroende p\u00e5 din produktion. Vi har ett stort utbud av olika bandtyper. Anpassade f\u00f6r din verksamhet.","breadcrumb":{"@id":"https:\/\/bofabconveyor.se\/bandtyp\/#breadcrumb"},"inLanguage":"en-GB","potentialAction":[{"@type":"ReadAction","target":["https:\/\/bofabconveyor.se\/bandtyp\/"]}]},{"@type":"BreadcrumbList","@id":"https:\/\/bofabconveyor.se\/bandtyp\/#breadcrumb","itemListElement":[{"@type":"ListItem","position":1,"name":"Hem","item":"https:\/\/bofabconveyor.se\/"},{"@type":"ListItem","position":2,"name":"Bandtyp"}]},{"@type":"WebSite","@id":"https:\/\/bofabconveyor.se\/#website","url":"https:\/\/bofabconveyor.se\/","name":"Bofab Conveyor","description":"Tillverkare av transport\u00f6rer i \u00f6ver 50 \u00e5r","potentialAction":[{"@type":"SearchAction","target":{"@type":"EntryPoint","urlTemplate":"https:\/\/bofabconveyor.se\/?s={search_term_string}"},"query-input":{"@type":"PropertyValueSpecification","valueRequired":true,"valueName":"search_term_string"}}],"inLanguage":"en-GB"}]}},"_links":{"self":[{"href":"https:\/\/bofabconveyor.se\/en\/wp-json\/wp\/v2\/pages\/195","targetHints":{"allow":["GET"]}}],"collection":[{"href":"https:\/\/bofabconveyor.se\/en\/wp-json\/wp\/v2\/pages"}],"about":[{"href":"https:\/\/bofabconveyor.se\/en\/wp-json\/wp\/v2\/types\/page"}],"author":[{"embeddable":true,"href":"https:\/\/bofabconveyor.se\/en\/wp-json\/wp\/v2\/users\/1"}],"replies":[{"embeddable":true,"href":"https:\/\/bofabconveyor.se\/en\/wp-json\/wp\/v2\/comments?post=195"}],"version-history":[{"count":28,"href":"https:\/\/bofabconveyor.se\/en\/wp-json\/wp\/v2\/pages\/195\/revisions"}],"predecessor-version":[{"id":1087,"href":"https:\/\/bofabconveyor.se\/en\/wp-json\/wp\/v2\/pages\/195\/revisions\/1087"}],"wp:attachment":[{"href":"https:\/\/bofabconveyor.se\/en\/wp-json\/wp\/v2\/media?parent=195"}],"curies":[{"name":"wp","href":"https:\/\/api.w.org\/{rel}","templated":true}]}}